{"id":2424,"date":"2025-10-20T02:46:34","date_gmt":"2025-10-19T23:46:34","guid":{"rendered":"https:\/\/kalinkamagazin.com\/product\/5911-tarta-en-capas-con-sabor-a-miel-ultracongelado-es\/"},"modified":"2026-01-27T20:54:01","modified_gmt":"2026-01-27T17:54:01","slug":"7463-tarta-en-capas-con-sabor-a-miel-ultracongelado","status":"publish","type":"product","link":"https:\/\/kalinkamagazin.com\/es\/product\/7463-tarta-en-capas-con-sabor-a-miel-ultracongelado\/","title":{"rendered":"Tarta en capas con sabor a miel, ultracongelado"},"content":{"rendered":"<p>Tarta de hojaldre con sabor a vainilla y con relleno de ar\u00e1ndanos rojos, ultracongelado . Ingredientes: Crema: <b>(Suero de leche, <\/b>grasas y aceites vegetales: (almendra de palma, Palma, coco, Colza), totalmente hidrogenado Grasa de palma, Almid\u00f3n modificado, emulgentes: (E472b, E435, E433), aroma, estabilizador: (E407), colorante: (E160a)), <b>harina de trigo, <\/b>agua, Grasa de confiter\u00eda: (grasas y aceites vegetales: (Palma, Colza), agua, <b>Mantequilla, <\/b>emulgentes: (E471, E322), sal de calidad alimentaria, conservante: (E200), colorante: (E160a), aroma), preparado de ar\u00e1ndanos rojos 6,7%: (Az\u00facar, pur\u00e9 de ar\u00e1ndanos 44%, Almid\u00f3n modificado, corrector de acidez: (E330), espesantes: (E440), conservante: (E202)), Az\u00facar, colorante alimenticio, sal de calidad alimentaria. Este producto puede tener trazas de: <b>huevos, <\/b><b>Almendras, <\/b><b>avellanas, <\/b><b>Grano de soja. <\/b>Sugerencias de preparaci\u00f3n: descongelar pastel antes de consumir. En la nevera, la descongelaci\u00f3n tarda aprox. 10 horas. Una vez abierto, conservar en la nevera y consumir en un m\u00e1ximo de 2 d\u00edas.. Despu\u00e9s de descongelar, no volver a congelar. y Sin abrir Una vez descongelado el producto, se puede conservar a un m\u00e1ximo de +6 \u00b0C hasta 7 d\u00edas. A una temperatura de \u2264 -18\u00b0C consumir preferentemente antes de: ver impresi\u00f3n en el envase arriba, primera l\u00ednea. n\u00famero de lote: ver impresi\u00f3n en el envase arriba, segunda l\u00ednea. Comercializaci\u00f3n:  Lackmann Fleisch- und Feinkostfabrik GmbH, Carl-Benz-Stra\u00dfe 10, 77731 Willst\u00e4tt, Deutschland.  <!--NWT-Text-->Valores energ\u00e9ticos y nutricionales medios por 100g: Valor energ\u00e9tico: 1472 kJ \/ 354 kcal, Grasas: 24g, - de las cuales \u00e1cidos grasos saturados: 13g, Hidratos de Carbono: 30g, - de los cuales az\u00facares: 13g, Prote\u00ednas: 4,0g, Sal: 0,40g,  <!--NWT-Table--><\/p>\n<table>\n<tbody>\n<tr>\n<td colspan=\"2\">Valores energ\u00e9ticos y nutricionales medios por 100g:<\/td>\n<\/tr>\n<tr>\n<td>Valor energ\u00e9tico:<\/td>\n<td align = \"right\">1472 kJ\/354kcal<\/td>\n<\/tr>\n<tr>\n<td>Grasas:<\/td>\n<td align = \"right\">24g<\/td>\n<\/tr>\n<tr>\n<td>- de las cuales \u00e1cidos grasos saturados:<\/td>\n<td align = \"right\">13g<\/td>\n<\/tr>\n<tr>\n<td>Hidratos de Carbono:<\/td>\n<td align = \"right\">30g<\/td>\n<\/tr>\n<tr>\n<td>- de los cuales az\u00facares:<\/td>\n<td align = \"right\">13g<\/td>\n<\/tr>\n<tr>\n<td>Prote\u00ednas:<\/td>\n<td align = \"right\">4,0g<\/td>\n<\/tr>\n<tr>\n<td>Sal:<\/td>\n<td align = \"right\">0,40g<\/td>\n<\/tr>\n<\/tbody>\n<\/table>\n<p> <!--Bezeichnung-->Tarta de hojaldre con sabor a vainilla y con relleno de ar\u00e1ndanos rojos, ultracongelado . <\/p>\n","protected":false},"excerpt":{"rendered":"<p>Tarta de hojaldre con sabor a vainilla y con relleno de ar\u00e1ndanos rojos, ultracongelado . Ingredientes: Crema: (Suero de leche, grasas y aceites vegetales: (almendra de palma, Palma, coco, Colza), totalmente hidrogenado Grasa de palma, Almid\u00f3n modificado, emulgentes: (E472b, E435, E433), aroma, estabilizador: (E407), colorante: (E160a)), harina de trigo, agua, Grasa de confiter\u00eda: (grasas y [&hellip;]<\/p>\n","protected":false},"featured_media":3333,"template":"","meta":{"inline_featured_image":false},"product_brand":[],"product_cat":[238,247,164,168],"product_tag":[],"class_list":{"0":"post-2424","1":"product","2":"type-product","3":"status-publish","4":"has-post-thumbnail","6":"product_cat-dulces-y-reposteria","7":"product_cat-pasteles-tartas","8":"product_cat-sladosti-i-vypechka","9":"product_cat-torty","11":"first","12":"instock","13":"shipping-taxable","14":"purchasable","15":"product-type-simple"},"acf":[],"_links":{"self":[{"href":"https:\/\/kalinkamagazin.com\/es\/wp-json\/wp\/v2\/product\/2424","targetHints":{"allow":["GET"]}}],"collection":[{"href":"https:\/\/kalinkamagazin.com\/es\/wp-json\/wp\/v2\/product"}],"about":[{"href":"https:\/\/kalinkamagazin.com\/es\/wp-json\/wp\/v2\/types\/product"}],"wp:featuredmedia":[{"embeddable":true,"href":"https:\/\/kalinkamagazin.com\/es\/wp-json\/wp\/v2\/media\/3333"}],"wp:attachment":[{"href":"https:\/\/kalinkamagazin.com\/es\/wp-json\/wp\/v2\/media?parent=2424"}],"wp:term":[{"taxonomy":"product_brand","embeddable":true,"href":"https:\/\/kalinkamagazin.com\/es\/wp-json\/wp\/v2\/product_brand?post=2424"},{"taxonomy":"product_cat","embeddable":true,"href":"https:\/\/kalinkamagazin.com\/es\/wp-json\/wp\/v2\/product_cat?post=2424"},{"taxonomy":"product_tag","embeddable":true,"href":"https:\/\/kalinkamagazin.com\/es\/wp-json\/wp\/v2\/product_tag?post=2424"}],"curies":[{"name":"wp","href":"https:\/\/api.w.org\/{rel}","templated":true}]}}