{"id":2428,"date":"2026-01-29T16:40:52","date_gmt":"2026-01-29T13:40:52","guid":{"rendered":"https:\/\/kalinkamagazin.com\/product\/4211-vino-tinto-de-georgia-dulce-kindzmarauli-es\/"},"modified":"2026-01-29T17:06:50","modified_gmt":"2026-01-29T14:06:50","slug":"4211-vino-tinto-de-georgia-dulce-kindzmarauli-es","status":"publish","type":"product","link":"https:\/\/kalinkamagazin.com\/es\/product\/4211-vino-tinto-de-georgia-dulce-kindzmarauli-es\/","title":{"rendered":"Vino tinto de Georgia, dulce. Kindzmarauli"},"content":{"rendered":"<p>Vino tinto de Georgia, semidulce. 11,5 % vol. 0,75 l. No recomendado para mujeres embarazadas o en per\u00edodo de lactancia, ni para ni\u00f1os menores de 16 a\u00f1os. Conservar en un lugar fresco y seco. Distribuidor: Lackmann Fleisch- und Feinkostfabrik GmbH, Carl Benz Stra\u00dfe 10, 77731 Willst\u00e4tt, Alemania. Importador: ver etiqueta (original). Vino tinto de Georgia, semidulce.<\/p>\n","protected":false},"excerpt":{"rendered":"<p>Vino tinto de Georgia, semidulce. 11,5 % vol. 0,75 l. No recomendado para mujeres embarazadas o en per\u00edodo de lactancia, ni para ni\u00f1os menores de 16 a\u00f1os. Conservar en un lugar fresco y seco. Distribuidor: Lackmann Fleisch- und Feinkostfabrik GmbH, Carl Benz Stra\u00dfe 10, 77731 Willst\u00e4tt, Alemania. Importador: ver etiqueta (original). Vino tinto de Georgia, [&hellip;]<\/p>\n","protected":false},"featured_media":1276,"template":"","meta":{"inline_featured_image":false},"product_brand":[],"product_cat":[179,180],"product_tag":[],"class_list":{"0":"post-2428","1":"product","2":"type-product","3":"status-publish","4":"has-post-thumbnail","6":"product_cat-bebidas-alcoholicas","7":"product_cat-vino-es","9":"first","10":"instock","11":"shipping-taxable","12":"purchasable","13":"product-type-simple"},"acf":[],"_links":{"self":[{"href":"https:\/\/kalinkamagazin.com\/es\/wp-json\/wp\/v2\/product\/2428","targetHints":{"allow":["GET"]}}],"collection":[{"href":"https:\/\/kalinkamagazin.com\/es\/wp-json\/wp\/v2\/product"}],"about":[{"href":"https:\/\/kalinkamagazin.com\/es\/wp-json\/wp\/v2\/types\/product"}],"wp:featuredmedia":[{"embeddable":true,"href":"https:\/\/kalinkamagazin.com\/es\/wp-json\/wp\/v2\/media\/1276"}],"wp:attachment":[{"href":"https:\/\/kalinkamagazin.com\/es\/wp-json\/wp\/v2\/media?parent=2428"}],"wp:term":[{"taxonomy":"product_brand","embeddable":true,"href":"https:\/\/kalinkamagazin.com\/es\/wp-json\/wp\/v2\/product_brand?post=2428"},{"taxonomy":"product_cat","embeddable":true,"href":"https:\/\/kalinkamagazin.com\/es\/wp-json\/wp\/v2\/product_cat?post=2428"},{"taxonomy":"product_tag","embeddable":true,"href":"https:\/\/kalinkamagazin.com\/es\/wp-json\/wp\/v2\/product_tag?post=2428"}],"curies":[{"name":"wp","href":"https:\/\/api.w.org\/{rel}","templated":true}]}}