{"id":2429,"date":"2026-01-29T16:45:27","date_gmt":"2026-01-29T13:45:27","guid":{"rendered":"https:\/\/kalinkamagazin.com\/product\/6218-galletas-de-avena-es\/"},"modified":"2026-01-29T17:11:42","modified_gmt":"2026-01-29T14:11:42","slug":"6218-galletas-de-avena-es","status":"publish","type":"product","link":"https:\/\/kalinkamagazin.com\/es\/product\/6218-galletas-de-avena-es\/","title":{"rendered":"Galletas de avena"},"content":{"rendered":"<p>Galletas de avena. Ingredientes: <b>Harina de trigo<\/b> 36%, az\u00facar, margarina (grasas vegetales [palma, colza], agua, emulgentes (E471, E322), sal, colorante (E160a), aroma), <b>Harina de avena<\/b> 13%, mermelada de manzana (manzanas, az\u00facar, corrector de acidez: E330, espesante: E440, conservante: E202), agua, levadura qu\u00edmica (E500), sal, canela, aroma. Puede contener: centeno, cebada, huevos, leche, cacahuetes, almendras, nueces de Brasil, avellanas, mostaza, anacardos, nueces, soja, s\u00e9samo. Conservar en un lugar fresco y seco. Distribuci\u00f3n: Lackmann Fleisch- und Feinkostfabrik GmbH, Carl Benz Stra\u00dfe 10, 77731 Willst\u00e4tt, Alemania., Consumir preferentemente antes de: ver impresi\u00f3n en el embalaje, ver frente. <!--NWT-Text-->Valor nutricional por 100 g: Valor energ\u00e9tico: 1835 kJ \/ 436 kcal, Grasas: 14 g, de las cuales saturadas: 5,8 g, Hidratos de carbono: 70 g, de los cuales az\u00facares: 35 g, Prote\u00ednas: 6,6 g, Sal: 0,60 g, <!--NWT-Table--><\/p>\n<table>\n<tbody>\n<tr>\n<td colspan=\"2\">Valor nutricional por 100 g:<\/td>\n<\/tr>\n<tr>\n<td>Valor energ\u00e9tico:<\/td>\n<td align = \"right\">1835 kJ\/436 kcal<\/td>\n<\/tr>\n<tr>\n<td>Grasas:<\/td>\n<td align = \"right\">14 g<\/td>\n<\/tr>\n<tr>\n<td>de las cuales saturadas:<\/td>\n<td align = \"right\">5,8 g<\/td>\n<\/tr>\n<tr>\n<td>Hidratos de carbono:<\/td>\n<td align = \"right\">70 g<\/td>\n<\/tr>\n<tr>\n<td>- de los cuales az\u00facares:<\/td>\n<td align = \"right\">35 g<\/td>\n<\/tr>\n<tr>\n<td>Prote\u00ednas:<\/td>\n<td align = \"right\">6,6 g<\/td>\n<\/tr>\n<tr>\n<td>Sal:<\/td>\n<td align = \"right\">0,60 g<\/td>\n<\/tr>\n<\/tbody>\n<\/table>\n<p> <!--Bezeichnung-->Galletas de avena .<\/p>\n","protected":false},"excerpt":{"rendered":"<p>Galletas de avena. Ingredientes: Harina de trigo 36%, az\u00facar, margarina (grasas vegetales [palma, colza], agua, emulgentes (E471, E322), sal, colorante (E160a), aroma), Harina de avena 13%, mermelada de manzana (manzanas, az\u00facar, corrector de acidez: E330, espesante: E440, conservante: E202), agua, levadura qu\u00edmica (E500), sal, canela, aroma. Puede contener: centeno, cebada, huevos, leche, cacahuetes, almendras, nueces [&hellip;]<\/p>\n","protected":false},"featured_media":868,"template":"","meta":{"inline_featured_image":false},"product_brand":[],"product_cat":[238,245],"product_tag":[],"class_list":{"0":"post-2429","1":"product","2":"type-product","3":"status-publish","4":"has-post-thumbnail","6":"product_cat-dulces-y-reposteria","7":"product_cat-galletas","9":"first","10":"instock","11":"shipping-taxable","12":"purchasable","13":"product-type-simple"},"acf":[],"_links":{"self":[{"href":"https:\/\/kalinkamagazin.com\/es\/wp-json\/wp\/v2\/product\/2429","targetHints":{"allow":["GET"]}}],"collection":[{"href":"https:\/\/kalinkamagazin.com\/es\/wp-json\/wp\/v2\/product"}],"about":[{"href":"https:\/\/kalinkamagazin.com\/es\/wp-json\/wp\/v2\/types\/product"}],"wp:featuredmedia":[{"embeddable":true,"href":"https:\/\/kalinkamagazin.com\/es\/wp-json\/wp\/v2\/media\/868"}],"wp:attachment":[{"href":"https:\/\/kalinkamagazin.com\/es\/wp-json\/wp\/v2\/media?parent=2429"}],"wp:term":[{"taxonomy":"product_brand","embeddable":true,"href":"https:\/\/kalinkamagazin.com\/es\/wp-json\/wp\/v2\/product_brand?post=2429"},{"taxonomy":"product_cat","embeddable":true,"href":"https:\/\/kalinkamagazin.com\/es\/wp-json\/wp\/v2\/product_cat?post=2429"},{"taxonomy":"product_tag","embeddable":true,"href":"https:\/\/kalinkamagazin.com\/es\/wp-json\/wp\/v2\/product_tag?post=2429"}],"curies":[{"name":"wp","href":"https:\/\/api.w.org\/{rel}","templated":true}]}}