{"id":2430,"date":"2026-01-29T16:45:20","date_gmt":"2026-01-29T13:45:20","guid":{"rendered":"https:\/\/kalinkamagazin.com\/product\/2676-mezcla-de-especias-para-pollo-es\/"},"modified":"2026-01-29T17:11:35","modified_gmt":"2026-01-29T14:11:35","slug":"2676-mezcla-de-especias-para-pollo-es","status":"publish","type":"product","link":"https:\/\/kalinkamagazin.com\/es\/product\/2676-mezcla-de-especias-para-pollo-es\/","title":{"rendered":"Mezcla de especias para pollo."},"content":{"rendered":"<p>Mezcla de especias para pollo. Ingredientes: sal yodada (sal de mesa, yoduro de potasio), az\u00facar, potenciadores del sabor (E621, E631, E627), verduras (zanahorias, piment\u00f3n, chiriv\u00edas, apio, ra\u00edz de perejil, cebollas), aromas (contienen cebada y huevo), extracto de levadura, hierbas arom\u00e1ticas, grasa de pollo 0,5 %, especias, carne de pollo 0,05 %, colorante (vitamina B2), antioxidantes (E392). Este producto puede contener trazas de leche y mostaza. Indicado para evitar el consumo. Distribuidor: SC RAAL MODE SRL, Parc industrial Bor\u0219 n.\u00ba 5J, Localitatea Bors, Jud Bihor, Ruman\u00eda. <!--NWT-Text-->Valor nutricional por 100 g: Valor energ\u00e9tico: 570 kJ \/ 140 kcal, Grasas: 0,9 g, de las cuales saturadas: 0,2 g, Hidratos de carbono: 19 g, de los cuales az\u00facares: 19 g, Prote\u00ednas: 8,0 g, Sal: 63,0 g, <!--NWT-Table--><\/p>\n<table>\n<tbody>\n<tr>\n<td colspan=\"2\">Valor nutricional por 100 g:<\/td>\n<\/tr>\n<tr>\n<td>Valor energ\u00e9tico:<\/td>\n<td align = \"right\">570 kJ \/ 140 kcal<\/td>\n<\/tr>\n<tr>\n<td>Grasas:<\/td>\n<td align = \"right\">0,9 g<\/td>\n<\/tr>\n<tr>\n<td>de las cuales saturadas:<\/td>\n<td align = \"right\">0,2 g<\/td>\n<\/tr>\n<tr>\n<td>Hidratos de carbono:<\/td>\n<td align = \"right\">19 g<\/td>\n<\/tr>\n<tr>\n<td>- de los cuales az\u00facares:<\/td>\n<td align = \"right\">19 g<\/td>\n<\/tr>\n<tr>\n<td>Prote\u00ednas:<\/td>\n<td align = \"right\">8,0 g<\/td>\n<\/tr>\n<tr>\n<td>Sal:<\/td>\n<td align = \"right\">63,0 g<\/td>\n<\/tr>\n<\/tbody>\n<\/table>\n<p> <!--Bezeichnung-->Mezcla de especias para pollo..<\/p>\n","protected":false},"excerpt":{"rendered":"<p>Mezcla de especias para pollo. Ingredientes: sal yodada (sal de mesa, yoduro de potasio), az\u00facar, potenciadores del sabor (E621, E631, E627), verduras (zanahorias, piment\u00f3n, chiriv\u00edas, apio, ra\u00edz de perejil, cebollas), aromas (contienen cebada y huevo), extracto de levadura, hierbas arom\u00e1ticas, grasa de pollo 0,5 %, especias, carne de pollo 0,05 %, colorante (vitamina B2), antioxidantes [&hellip;]<\/p>\n","protected":false},"featured_media":877,"template":"","meta":{"inline_featured_image":false},"product_brand":[],"product_cat":[214,215],"product_tag":[],"class_list":{"0":"post-2430","1":"product","2":"type-product","3":"status-publish","4":"has-post-thumbnail","6":"product_cat-aceites-salsas-y-condimentos","7":"product_cat-salsas-mayonesas-condimentos","9":"first","10":"instock","11":"shipping-taxable","12":"purchasable","13":"product-type-simple"},"acf":[],"_links":{"self":[{"href":"https:\/\/kalinkamagazin.com\/es\/wp-json\/wp\/v2\/product\/2430","targetHints":{"allow":["GET"]}}],"collection":[{"href":"https:\/\/kalinkamagazin.com\/es\/wp-json\/wp\/v2\/product"}],"about":[{"href":"https:\/\/kalinkamagazin.com\/es\/wp-json\/wp\/v2\/types\/product"}],"wp:featuredmedia":[{"embeddable":true,"href":"https:\/\/kalinkamagazin.com\/es\/wp-json\/wp\/v2\/media\/877"}],"wp:attachment":[{"href":"https:\/\/kalinkamagazin.com\/es\/wp-json\/wp\/v2\/media?parent=2430"}],"wp:term":[{"taxonomy":"product_brand","embeddable":true,"href":"https:\/\/kalinkamagazin.com\/es\/wp-json\/wp\/v2\/product_brand?post=2430"},{"taxonomy":"product_cat","embeddable":true,"href":"https:\/\/kalinkamagazin.com\/es\/wp-json\/wp\/v2\/product_cat?post=2430"},{"taxonomy":"product_tag","embeddable":true,"href":"https:\/\/kalinkamagazin.com\/es\/wp-json\/wp\/v2\/product_tag?post=2430"}],"curies":[{"name":"wp","href":"https:\/\/api.w.org\/{rel}","templated":true}]}}