{"id":2432,"date":"2026-01-29T16:45:16","date_gmt":"2026-01-29T13:45:16","guid":{"rendered":"https:\/\/kalinkamagazin.com\/product\/6203-dulce-de-harina-con-sabor-a-chocolate-es\/"},"modified":"2026-01-29T17:11:31","modified_gmt":"2026-01-29T14:11:31","slug":"6203-dulce-de-harina-con-sabor-a-chocolate-es","status":"publish","type":"product","link":"https:\/\/kalinkamagazin.com\/es\/product\/6203-dulce-de-harina-con-sabor-a-chocolate-es\/","title":{"rendered":"Dulce de harina con sabor a chocolate"},"content":{"rendered":"<p>Pan de jengibre con chocolate. Ingredientes: harina de trigo, jarabe de glucosa y fructosa, az\u00facar, agua, nata (az\u00facar, suero de leche, aceite de palma, leche desnatada, emulgente E471, corrector de acidez fosfato s\u00f3dico, espesante carragenano, aroma), jarabe de az\u00facar invertido (az\u00facar, agua, correctores de acidez: (E330, E500)), grasas y aceites vegetales (karit\u00e9, palma), cacao en polvo muy desgrasado (4%), levadura qu\u00edmica: (E503, E500). Este producto puede contener trazas de: <b>avena,<\/b><b>centeno,<\/b><b>cebada,<\/b><b>huevos,<\/b><b>cacahuetes,<\/b><b>frutos secos,<\/b><b>soja,<\/b><b>s\u00e9samo.<\/b> Conservar en un lugar fresco y seco. Distribuci\u00f3n: Lackmann Fleisch- und Feinkostfabrik GmbH, Carl Benz Stra\u00dfe 10, 77731 Willst\u00e4tt, Alemania. Consumir preferentemente antes: ver impresi\u00f3n en el embalaje, ver frente. <!--NWT-Text-->Valor nutricional por 100 g: Valor energ\u00e9tico: 1538 kJ \/ 364 kcal, Grasas: 5,9 g, de las cuales saturadas: 2,3 g, Hidratos de carbono: 71 g, de los cuales az\u00facares: 32 g, Prote\u00ednas: 6,5 g, Sal: 0,30 g, <!--NWT-Table--><\/p>\n<table>\n<tbody>\n<tr>\n<td colspan=\"2\">Valor nutricional por 100 g:<\/td>\n<\/tr>\n<tr>\n<td>Valor energ\u00e9tico:<\/td>\n<td align = \"right\">1538 kJ\/364 kcal<\/td>\n<\/tr>\n<tr>\n<td>Grasas:<\/td>\n<td align = \"right\">5,9 g<\/td>\n<\/tr>\n<tr>\n<td>de las cuales saturadas:<\/td>\n<td align = \"right\">2,3 g<\/td>\n<\/tr>\n<tr>\n<td>Hidratos de carbono:<\/td>\n<td align = \"right\">71 g<\/td>\n<\/tr>\n<tr>\n<td>- de los cuales az\u00facares:<\/td>\n<td align = \"right\">32 g<\/td>\n<\/tr>\n<tr>\n<td>Prote\u00ednas:<\/td>\n<td align = \"right\">6,5 g<\/td>\n<\/tr>\n<tr>\n<td>Sal:<\/td>\n<td align = \"right\">0,30 g<\/td>\n<\/tr>\n<\/tbody>\n<\/table>\n<p> <!--Bezeichnung-->Pan de jengibre \"Chocolate\" .<\/p>\n","protected":false},"excerpt":{"rendered":"<p>Pan de jengibre con chocolate. Ingredientes: harina de trigo, jarabe de glucosa y fructosa, az\u00facar, agua, nata (az\u00facar, suero de leche, aceite de palma, leche desnatada, emulgente E471, corrector de acidez fosfato s\u00f3dico, espesante carragenano, aroma), jarabe de az\u00facar invertido (az\u00facar, agua, correctores de acidez: (E330, E500)), grasas y aceites vegetales (karit\u00e9, palma), cacao en [&hellip;]<\/p>\n","protected":false},"featured_media":881,"template":"","meta":{"inline_featured_image":false},"product_brand":[],"product_cat":[238,246],"product_tag":[],"class_list":{"0":"post-2432","1":"product","2":"type-product","3":"status-publish","4":"has-post-thumbnail","6":"product_cat-dulces-y-reposteria","7":"product_cat-pan-de-jengibre-galletas-de-especias","9":"first","10":"instock","11":"shipping-taxable","12":"purchasable","13":"product-type-simple"},"acf":[],"_links":{"self":[{"href":"https:\/\/kalinkamagazin.com\/es\/wp-json\/wp\/v2\/product\/2432","targetHints":{"allow":["GET"]}}],"collection":[{"href":"https:\/\/kalinkamagazin.com\/es\/wp-json\/wp\/v2\/product"}],"about":[{"href":"https:\/\/kalinkamagazin.com\/es\/wp-json\/wp\/v2\/types\/product"}],"wp:featuredmedia":[{"embeddable":true,"href":"https:\/\/kalinkamagazin.com\/es\/wp-json\/wp\/v2\/media\/881"}],"wp:attachment":[{"href":"https:\/\/kalinkamagazin.com\/es\/wp-json\/wp\/v2\/media?parent=2432"}],"wp:term":[{"taxonomy":"product_brand","embeddable":true,"href":"https:\/\/kalinkamagazin.com\/es\/wp-json\/wp\/v2\/product_brand?post=2432"},{"taxonomy":"product_cat","embeddable":true,"href":"https:\/\/kalinkamagazin.com\/es\/wp-json\/wp\/v2\/product_cat?post=2432"},{"taxonomy":"product_tag","embeddable":true,"href":"https:\/\/kalinkamagazin.com\/es\/wp-json\/wp\/v2\/product_tag?post=2432"}],"curies":[{"name":"wp","href":"https:\/\/api.w.org\/{rel}","templated":true}]}}