{"id":2434,"date":"2026-01-29T16:44:47","date_gmt":"2026-01-29T13:44:47","guid":{"rendered":"https:\/\/kalinkamagazin.com\/product\/46-salchicha-lyoner-con-carne-de-ternera-y-pollo-es\/"},"modified":"2026-01-29T17:11:00","modified_gmt":"2026-01-29T14:11:00","slug":"46-salchicha-lyoner-con-carne-de-ternera-y-pollo-es","status":"publish","type":"product","link":"https:\/\/kalinkamagazin.com\/es\/product\/46-salchicha-lyoner-con-carne-de-ternera-y-pollo-es\/","title":{"rendered":"salchicha lyoner con carne de ternera y pollo"},"content":{"rendered":"<p>Salchicha bolo\u00f1esa con carne de res y pollo. Ingredientes: carne de res 46%, pollo 24%, agua potable, grasa de res, sal, especias, dextrosa, potenciador del sabor: glutamato monos\u00f3dico, estabilizante: difosfato, espesante: goma guar, antioxidantes: \u00e1cido asc\u00f3rbico, colorante: carm\u00edn natural, extractos de especias, conservante: nitrito de sodio, humo. Tripa no comestible. Envasado en atm\u00f3sfera protectora. <!--NWT-Text-->Valor nutricional por 100 g: Valor energ\u00e9tico: 855 kJ \/ 206 kcal, Grasas: 17 g, de las cuales saturadas: 7,3 g, Hidratos de carbono: 1,0 g, de los cuales az\u00facares: <0,5 g, Prote\u00ednas: 11 g, Sal: 2,2 g, <!--NWT-Table--><\/p>\n<table>\n<tbody>\n<tr>\n<td colspan=\"2\">Valor nutricional por 100 g:<\/td>\n<\/tr>\n<tr>\n<td>Valor energ\u00e9tico:<\/td>\n<td align = \"right\">855 kJ\/206 kcal<\/td>\n<\/tr>\n<tr>\n<td>Grasas:<\/td>\n<td align = \"right\">17 g<\/td>\n<\/tr>\n<tr>\n<td>de las cuales saturadas:<\/td>\n<td align = \"right\">7,3 g<\/td>\n<\/tr>\n<tr>\n<td>Hidratos de carbono:<\/td>\n<td align = \"right\">1,0 g<\/td>\n<\/tr>\n<tr>\n<td>- de los cuales az\u00facares:<\/td>\n<td align = \"right\"><0,5 g<\/td>\n<\/tr>\n<tr>\n<td>Prote\u00ednas:<\/td>\n<td align = \"right\">11 g<\/td>\n<\/tr>\n<tr>\n<td>Sal:<\/td>\n<td align = \"right\">2,2 g<\/td>\n<\/tr>\n<\/tbody>\n<\/table>\n<p> <!--Bezeichnung-->Salchicha de mortadela con ternera y pollo.<\/p>\n","protected":false},"excerpt":{"rendered":"<p>Salchicha bolo\u00f1esa con carne de res y pollo. Ingredientes: carne de res 46%, pollo 24%, agua potable, grasa de res, sal, especias, dextrosa, potenciador del sabor: glutamato monos\u00f3dico, estabilizante: difosfato, espesante: goma guar, antioxidantes: \u00e1cido asc\u00f3rbico, colorante: carm\u00edn natural, extractos de especias, conservante: nitrito de sodio, humo. Tripa no comestible. Envasado en atm\u00f3sfera protectora. Valor [&hellip;]<\/p>\n","protected":false},"featured_media":925,"template":"","meta":{"inline_featured_image":false},"product_brand":[],"product_cat":[222,223],"product_tag":[],"class_list":{"0":"post-2434","1":"product","2":"type-product","3":"status-publish","4":"has-post-thumbnail","6":"product_cat-carne-y-productos-carnicos","7":"product_cat-embutidos-salchichas","9":"first","10":"instock","11":"shipping-taxable","12":"purchasable","13":"product-type-simple"},"acf":[],"_links":{"self":[{"href":"https:\/\/kalinkamagazin.com\/es\/wp-json\/wp\/v2\/product\/2434","targetHints":{"allow":["GET"]}}],"collection":[{"href":"https:\/\/kalinkamagazin.com\/es\/wp-json\/wp\/v2\/product"}],"about":[{"href":"https:\/\/kalinkamagazin.com\/es\/wp-json\/wp\/v2\/types\/product"}],"wp:featuredmedia":[{"embeddable":true,"href":"https:\/\/kalinkamagazin.com\/es\/wp-json\/wp\/v2\/media\/925"}],"wp:attachment":[{"href":"https:\/\/kalinkamagazin.com\/es\/wp-json\/wp\/v2\/media?parent=2434"}],"wp:term":[{"taxonomy":"product_brand","embeddable":true,"href":"https:\/\/kalinkamagazin.com\/es\/wp-json\/wp\/v2\/product_brand?post=2434"},{"taxonomy":"product_cat","embeddable":true,"href":"https:\/\/kalinkamagazin.com\/es\/wp-json\/wp\/v2\/product_cat?post=2434"},{"taxonomy":"product_tag","embeddable":true,"href":"https:\/\/kalinkamagazin.com\/es\/wp-json\/wp\/v2\/product_tag?post=2434"}],"curies":[{"name":"wp","href":"https:\/\/api.w.org\/{rel}","templated":true}]}}