{"id":2435,"date":"2026-01-29T16:44:43","date_gmt":"2026-01-29T13:44:43","guid":{"rendered":"https:\/\/kalinkamagazin.com\/product\/74-salchicha-jgerwurst-picante-salchicha-de-cracovia-escaldado-es\/"},"modified":"2026-01-29T17:10:56","modified_gmt":"2026-01-29T14:10:56","slug":"74-salchicha-jgerwurst-picante-salchicha-de-cracovia-escaldado-es","status":"publish","type":"product","link":"https:\/\/kalinkamagazin.com\/es\/product\/74-salchicha-jgerwurst-picante-salchicha-de-cracovia-escaldado-es\/","title":{"rendered":"salchicha J\u00e4gerwurst picante (salchicha de Cracovia escaldado)"},"content":{"rendered":"<p>Salchicha de caza picante (escaldada de Cracovia). 100 g de producto elaborado con 110 g de carne de cerdo y ternera. Ingredientes: cerdo, ternera, sal, especias (contienen mostaza), potenciador del sabor: monoglutamato de sodio, estabilizante: difosfato, antioxidantes: \u00e1cido asc\u00f3rbico, dextrosa, acidulante: \u00e1cido c\u00edtrico, colorante: carm\u00edn natural, extractos de especias, aromas, conservante: nitrito de sodio, tripa de col\u00e1geno bovino (colorantes: E150a, E160b), ahumado. Envasado en atm\u00f3sfera protectora. <!--NWT-Text-->Valor nutricional por 100 g: Valor energ\u00e9tico: 1233 kJ \/ 297 kcal, Grasas: 24 g, de las cuales saturadas: 10 g, Hidratos de carbono: 1,0 g, de los cuales az\u00facares: <0,5 g, Prote\u00ednas: 20 g, Sal: 2,2 g, <!--NWT-Table--><\/p>\n<table>\n<tbody>\n<tr>\n<td colspan=\"2\">Valor nutricional por 100 g:<\/td>\n<\/tr>\n<tr>\n<td>Valor energ\u00e9tico:<\/td>\n<td align = \"right\">1233 kJ\/297 kcal<\/td>\n<\/tr>\n<tr>\n<td>Grasas:<\/td>\n<td align = \"right\">24 g<\/td>\n<\/tr>\n<tr>\n<td>de las cuales saturadas:<\/td>\n<td align = \"right\">10 g<\/td>\n<\/tr>\n<tr>\n<td>Hidratos de carbono:<\/td>\n<td align = \"right\">1,0 g<\/td>\n<\/tr>\n<tr>\n<td>- de los cuales az\u00facares:<\/td>\n<td align = \"right\"><0,5 g<\/td>\n<\/tr>\n<tr>\n<td>Prote\u00ednas:<\/td>\n<td align = \"right\">20 g<\/td>\n<\/tr>\n<tr>\n<td>Sal:<\/td>\n<td align = \"right\">2,2 g<\/td>\n<\/tr>\n<\/tbody>\n<\/table>\n<p> <!--Bezeichnung-->Salchicha de cazador picante (escaldada en Cracovia).<\/p>\n","protected":false},"excerpt":{"rendered":"<p>Salchicha de caza picante (escaldada de Cracovia). 100 g de producto elaborado con 110 g de carne de cerdo y ternera. Ingredientes: cerdo, ternera, sal, especias (contienen mostaza), potenciador del sabor: monoglutamato de sodio, estabilizante: difosfato, antioxidantes: \u00e1cido asc\u00f3rbico, dextrosa, acidulante: \u00e1cido c\u00edtrico, colorante: carm\u00edn natural, extractos de especias, aromas, conservante: nitrito de sodio, tripa [&hellip;]<\/p>\n","protected":false},"featured_media":928,"template":"","meta":{"inline_featured_image":false},"product_brand":[],"product_cat":[222,223],"product_tag":[],"class_list":{"0":"post-2435","1":"product","2":"type-product","3":"status-publish","4":"has-post-thumbnail","6":"product_cat-carne-y-productos-carnicos","7":"product_cat-embutidos-salchichas","9":"first","10":"instock","11":"shipping-taxable","12":"purchasable","13":"product-type-simple"},"acf":[],"_links":{"self":[{"href":"https:\/\/kalinkamagazin.com\/es\/wp-json\/wp\/v2\/product\/2435","targetHints":{"allow":["GET"]}}],"collection":[{"href":"https:\/\/kalinkamagazin.com\/es\/wp-json\/wp\/v2\/product"}],"about":[{"href":"https:\/\/kalinkamagazin.com\/es\/wp-json\/wp\/v2\/types\/product"}],"wp:featuredmedia":[{"embeddable":true,"href":"https:\/\/kalinkamagazin.com\/es\/wp-json\/wp\/v2\/media\/928"}],"wp:attachment":[{"href":"https:\/\/kalinkamagazin.com\/es\/wp-json\/wp\/v2\/media?parent=2435"}],"wp:term":[{"taxonomy":"product_brand","embeddable":true,"href":"https:\/\/kalinkamagazin.com\/es\/wp-json\/wp\/v2\/product_brand?post=2435"},{"taxonomy":"product_cat","embeddable":true,"href":"https:\/\/kalinkamagazin.com\/es\/wp-json\/wp\/v2\/product_cat?post=2435"},{"taxonomy":"product_tag","embeddable":true,"href":"https:\/\/kalinkamagazin.com\/es\/wp-json\/wp\/v2\/product_tag?post=2435"}],"curies":[{"name":"wp","href":"https:\/\/api.w.org\/{rel}","templated":true}]}}