{"id":2436,"date":"2026-01-29T16:44:40","date_gmt":"2026-01-29T13:44:40","guid":{"rendered":"https:\/\/kalinkamagazin.com\/product\/97-con-trozos-salami-al-estilo-ruso-es\/"},"modified":"2026-01-29T17:10:52","modified_gmt":"2026-01-29T14:10:52","slug":"97-con-trozos-salami-al-estilo-ruso-es","status":"publish","type":"product","link":"https:\/\/kalinkamagazin.com\/es\/product\/97-con-trozos-salami-al-estilo-ruso-es\/","title":{"rendered":"con trozos salami al estilo ruso"},"content":{"rendered":"<p>Salami grueso seg\u00fan la receta rusa. 100 g de producto elaborado con 150 g de carne de cerdo y ternera. Ingredientes: cerdo, ternera, manteca de cerdo, sal, especias (contiene mostaza), apio, hierbas arom\u00e1ticas, dextrosa, potenciador del sabor: glutamato monos\u00f3dico, antioxidantes: \u00e1cido asc\u00f3rbico, acidulante: glucono-delta-lactona, extractos de especias, cultivos de maduraci\u00f3n, conservante: nitrito de sodio, humo. Tripa no comestible. <!--NWT-Text-->Valor nutricional por 100 g: Valor energ\u00e9tico: 1921 kJ \/ 464 kcal, Grasas: 40 g, de las cuales saturadas: 17 g, Hidratos de carbono: 1,0 g, de los cuales az\u00facares: <0,5 g, Prote\u00ednas: 25 g, Sal: 4,0 g, <!--NWT-Table--><\/p>\n<table>\n<tbody>\n<tr>\n<td colspan=\"2\">Valor nutricional por 100 g:<\/td>\n<\/tr>\n<tr>\n<td>Valor energ\u00e9tico:<\/td>\n<td align = \"right\">1921 kJ\/464 kcal<\/td>\n<\/tr>\n<tr>\n<td>Grasas:<\/td>\n<td align = \"right\">40 g<\/td>\n<\/tr>\n<tr>\n<td>de las cuales saturadas:<\/td>\n<td align = \"right\">17 g<\/td>\n<\/tr>\n<tr>\n<td>Hidratos de carbono:<\/td>\n<td align = \"right\">1,0 g<\/td>\n<\/tr>\n<tr>\n<td>- de los cuales az\u00facares:<\/td>\n<td align = \"right\"><0,5 g<\/td>\n<\/tr>\n<tr>\n<td>Prote\u00ednas:<\/td>\n<td align = \"right\">25 g<\/td>\n<\/tr>\n<tr>\n<td>Sal:<\/td>\n<td align = \"right\">4,0 g<\/td>\n<\/tr>\n<\/tbody>\n<\/table>\n<p> <!--Bezeichnung-->Salami grueso seg\u00fan una receta rusa.<\/p>\n","protected":false},"excerpt":{"rendered":"<p>Salami grueso seg\u00fan la receta rusa. 100 g de producto elaborado con 150 g de carne de cerdo y ternera. Ingredientes: cerdo, ternera, manteca de cerdo, sal, especias (contiene mostaza), apio, hierbas arom\u00e1ticas, dextrosa, potenciador del sabor: glutamato monos\u00f3dico, antioxidantes: \u00e1cido asc\u00f3rbico, acidulante: glucono-delta-lactona, extractos de especias, cultivos de maduraci\u00f3n, conservante: nitrito de sodio, humo. [&hellip;]<\/p>\n","protected":false},"featured_media":931,"template":"","meta":{"inline_featured_image":false},"product_brand":[],"product_cat":[222,223],"product_tag":[],"class_list":{"0":"post-2436","1":"product","2":"type-product","3":"status-publish","4":"has-post-thumbnail","6":"product_cat-carne-y-productos-carnicos","7":"product_cat-embutidos-salchichas","9":"first","10":"instock","11":"shipping-taxable","12":"purchasable","13":"product-type-simple"},"acf":[],"_links":{"self":[{"href":"https:\/\/kalinkamagazin.com\/es\/wp-json\/wp\/v2\/product\/2436","targetHints":{"allow":["GET"]}}],"collection":[{"href":"https:\/\/kalinkamagazin.com\/es\/wp-json\/wp\/v2\/product"}],"about":[{"href":"https:\/\/kalinkamagazin.com\/es\/wp-json\/wp\/v2\/types\/product"}],"wp:featuredmedia":[{"embeddable":true,"href":"https:\/\/kalinkamagazin.com\/es\/wp-json\/wp\/v2\/media\/931"}],"wp:attachment":[{"href":"https:\/\/kalinkamagazin.com\/es\/wp-json\/wp\/v2\/media?parent=2436"}],"wp:term":[{"taxonomy":"product_brand","embeddable":true,"href":"https:\/\/kalinkamagazin.com\/es\/wp-json\/wp\/v2\/product_brand?post=2436"},{"taxonomy":"product_cat","embeddable":true,"href":"https:\/\/kalinkamagazin.com\/es\/wp-json\/wp\/v2\/product_cat?post=2436"},{"taxonomy":"product_tag","embeddable":true,"href":"https:\/\/kalinkamagazin.com\/es\/wp-json\/wp\/v2\/product_tag?post=2436"}],"curies":[{"name":"wp","href":"https:\/\/api.w.org\/{rel}","templated":true}]}}