{"id":2438,"date":"2026-01-29T16:44:26","date_gmt":"2026-01-29T13:44:26","guid":{"rendered":"https:\/\/kalinkamagazin.com\/product\/132-salchicha-de-pavo-de-cracovia-selecta-es\/"},"modified":"2026-01-29T17:10:37","modified_gmt":"2026-01-29T14:10:37","slug":"132-salchicha-de-pavo-de-cracovia-selecta-es","status":"publish","type":"product","link":"https:\/\/kalinkamagazin.com\/es\/product\/132-salchicha-de-pavo-de-cracovia-selecta-es\/","title":{"rendered":"Salchicha de pavo de Cracovia selecta"},"content":{"rendered":"<p>Salchicha de pavo Cracovia Delicias. Ingredientes: 95 % carne de pavo, sal, especias, jarabe de glucosa, maltodextrina, dextrosa, potenciador del sabor: glutamato monos\u00f3dico, estabilizantes: (difosfatos, trifosfatos), antioxidantes: ascorbato s\u00f3dico, especias, aromas (contiene soja), conservante: nitrito s\u00f3dico, humo. Tripa no comestible. <!--NWT-Text-->Valor nutricional por 100 g: Valor energ\u00e9tico: 676 kJ \/ 162 kcal, Grasas: 10 g, de las cuales saturadas: 4,2 g, Hidratos de carbono: 1,0 g, de los cuales az\u00facares: <0,5 g, Prote\u00ednas: 17 g, Sal: 2,2 g, <!--NWT-Table--><\/p>\n<table>\n<tbody>\n<tr>\n<td colspan=\"2\">Valor nutricional por 100 g:<\/td>\n<\/tr>\n<tr>\n<td>Valor energ\u00e9tico:<\/td>\n<td align = \"right\">676 kJ\/162 kcal<\/td>\n<\/tr>\n<tr>\n<td>Grasas:<\/td>\n<td align = \"right\">10 g<\/td>\n<\/tr>\n<tr>\n<td>de las cuales saturadas:<\/td>\n<td align = \"right\">4,2 g<\/td>\n<\/tr>\n<tr>\n<td>Hidratos de carbono:<\/td>\n<td align = \"right\">1,0 g<\/td>\n<\/tr>\n<tr>\n<td>- de los cuales az\u00facares:<\/td>\n<td align = \"right\"><0,5 g<\/td>\n<\/tr>\n<tr>\n<td>Prote\u00ednas:<\/td>\n<td align = \"right\">17 g<\/td>\n<\/tr>\n<tr>\n<td>Sal:<\/td>\n<td align = \"right\">2,2 g<\/td>\n<\/tr>\n<\/tbody>\n<\/table>\n<p> <!--Bezeichnung-->Salchicha de Cracovia exquisita elaborada con carne de pavo.<\/p>\n","protected":false},"excerpt":{"rendered":"<p>Salchicha de pavo Cracovia Delicias. Ingredientes: 95 % carne de pavo, sal, especias, jarabe de glucosa, maltodextrina, dextrosa, potenciador del sabor: glutamato monos\u00f3dico, estabilizantes: (difosfatos, trifosfatos), antioxidantes: ascorbato s\u00f3dico, especias, aromas (contiene soja), conservante: nitrito s\u00f3dico, humo. Tripa no comestible. Valor nutricional por 100 g: Valor energ\u00e9tico: 676 kJ \/ 162 kcal, Grasas: 10 g, [&hellip;]<\/p>\n","protected":false},"featured_media":943,"template":"","meta":{"inline_featured_image":false},"product_brand":[],"product_cat":[222,223],"product_tag":[],"class_list":{"0":"post-2438","1":"product","2":"type-product","3":"status-publish","4":"has-post-thumbnail","6":"product_cat-carne-y-productos-carnicos","7":"product_cat-embutidos-salchichas","9":"first","10":"instock","11":"shipping-taxable","12":"purchasable","13":"product-type-simple"},"acf":[],"_links":{"self":[{"href":"https:\/\/kalinkamagazin.com\/es\/wp-json\/wp\/v2\/product\/2438","targetHints":{"allow":["GET"]}}],"collection":[{"href":"https:\/\/kalinkamagazin.com\/es\/wp-json\/wp\/v2\/product"}],"about":[{"href":"https:\/\/kalinkamagazin.com\/es\/wp-json\/wp\/v2\/types\/product"}],"wp:featuredmedia":[{"embeddable":true,"href":"https:\/\/kalinkamagazin.com\/es\/wp-json\/wp\/v2\/media\/943"}],"wp:attachment":[{"href":"https:\/\/kalinkamagazin.com\/es\/wp-json\/wp\/v2\/media?parent=2438"}],"wp:term":[{"taxonomy":"product_brand","embeddable":true,"href":"https:\/\/kalinkamagazin.com\/es\/wp-json\/wp\/v2\/product_brand?post=2438"},{"taxonomy":"product_cat","embeddable":true,"href":"https:\/\/kalinkamagazin.com\/es\/wp-json\/wp\/v2\/product_cat?post=2438"},{"taxonomy":"product_tag","embeddable":true,"href":"https:\/\/kalinkamagazin.com\/es\/wp-json\/wp\/v2\/product_tag?post=2438"}],"curies":[{"name":"wp","href":"https:\/\/api.w.org\/{rel}","templated":true}]}}