{"id":2439,"date":"2026-01-29T16:44:22","date_gmt":"2026-01-29T13:44:22","guid":{"rendered":"https:\/\/kalinkamagazin.com\/product\/142-lengua-de-cerdo-salado-cocido-ahumado-es\/"},"modified":"2026-01-29T17:10:32","modified_gmt":"2026-01-29T14:10:32","slug":"142-lengua-de-cerdo-salado-cocido-ahumado-es","status":"publish","type":"product","link":"https:\/\/kalinkamagazin.com\/es\/product\/142-lengua-de-cerdo-salado-cocido-ahumado-es\/","title":{"rendered":"Lengua de cerdo salado, cocido, ahumado"},"content":{"rendered":"<p>Lengua de cerdo en salmuera, lista para cocinar, ahumada. Ingredientes: lengua de cerdo, sal de mesa, jarabe de glucosa, potenciador del sabor: glutamato monos\u00f3dico, estabilizante: difosfato, antioxidantes: (\u00e1cido asc\u00f3rbico, ascorbato s\u00f3dico), aromas, conservante: nitrito s\u00f3dico, humo. Envasado en atm\u00f3sfera protectora. <!--NWT-Text-->Valor nutricional por 100 g: Valor energ\u00e9tico: 855 kJ \/ 205 kcal, Grasas: 13 g, de las cuales saturadas: 5,6 g, Hidratos de carbono: <0,5 g, de los cuales az\u00facares: <0,5 g, Prote\u00ednas: 21 g, Sal: 2,0 g, <!--NWT-Table--><\/p>\n<table>\n<tbody>\n<tr>\n<td colspan=\"2\">Valor nutricional por 100 g:<\/td>\n<\/tr>\n<tr>\n<td>Valor energ\u00e9tico:<\/td>\n<td align = \"right\">855 kJ\/205 kcal<\/td>\n<\/tr>\n<tr>\n<td>Grasas:<\/td>\n<td align = \"right\">13 g<\/td>\n<\/tr>\n<tr>\n<td>de las cuales saturadas:<\/td>\n<td align = \"right\">5,6 g<\/td>\n<\/tr>\n<tr>\n<td>Hidratos de carbono:<\/td>\n<td align = \"right\"><0,5 g<\/td>\n<\/tr>\n<tr>\n<td>- de los cuales az\u00facares:<\/td>\n<td align = \"right\"><0,5 g<\/td>\n<\/tr>\n<tr>\n<td>Prote\u00ednas:<\/td>\n<td align = \"right\">21 g<\/td>\n<\/tr>\n<tr>\n<td>Sal:<\/td>\n<td align = \"right\">2,0 g<\/td>\n<\/tr>\n<\/tbody>\n<\/table>\n<p> <!--Bezeichnung-->Lengua de cerdo en salmuera, preparada, ahumada.<\/p>\n","protected":false},"excerpt":{"rendered":"<p>Lengua de cerdo en salmuera, lista para cocinar, ahumada. Ingredientes: lengua de cerdo, sal de mesa, jarabe de glucosa, potenciador del sabor: glutamato monos\u00f3dico, estabilizante: difosfato, antioxidantes: (\u00e1cido asc\u00f3rbico, ascorbato s\u00f3dico), aromas, conservante: nitrito s\u00f3dico, humo. Envasado en atm\u00f3sfera protectora. Valor nutricional por 100 g: Valor energ\u00e9tico: 855 kJ \/ 205 kcal, Grasas: 13 g, [&hellip;]<\/p>\n","protected":false},"featured_media":946,"template":"","meta":{"inline_featured_image":false},"product_brand":[],"product_cat":[222,223],"product_tag":[],"class_list":{"0":"post-2439","1":"product","2":"type-product","3":"status-publish","4":"has-post-thumbnail","6":"product_cat-carne-y-productos-carnicos","7":"product_cat-embutidos-salchichas","9":"first","10":"instock","11":"shipping-taxable","12":"purchasable","13":"product-type-simple"},"acf":[],"_links":{"self":[{"href":"https:\/\/kalinkamagazin.com\/es\/wp-json\/wp\/v2\/product\/2439","targetHints":{"allow":["GET"]}}],"collection":[{"href":"https:\/\/kalinkamagazin.com\/es\/wp-json\/wp\/v2\/product"}],"about":[{"href":"https:\/\/kalinkamagazin.com\/es\/wp-json\/wp\/v2\/types\/product"}],"wp:featuredmedia":[{"embeddable":true,"href":"https:\/\/kalinkamagazin.com\/es\/wp-json\/wp\/v2\/media\/946"}],"wp:attachment":[{"href":"https:\/\/kalinkamagazin.com\/es\/wp-json\/wp\/v2\/media?parent=2439"}],"wp:term":[{"taxonomy":"product_brand","embeddable":true,"href":"https:\/\/kalinkamagazin.com\/es\/wp-json\/wp\/v2\/product_brand?post=2439"},{"taxonomy":"product_cat","embeddable":true,"href":"https:\/\/kalinkamagazin.com\/es\/wp-json\/wp\/v2\/product_cat?post=2439"},{"taxonomy":"product_tag","embeddable":true,"href":"https:\/\/kalinkamagazin.com\/es\/wp-json\/wp\/v2\/product_tag?post=2439"}],"curies":[{"name":"wp","href":"https:\/\/api.w.org\/{rel}","templated":true}]}}