{"id":2440,"date":"2025-10-20T04:09:22","date_gmt":"2025-10-20T01:09:22","guid":{"rendered":"https:\/\/kalinkamagazin.com\/product\/191-mortadela-lyoner-con-leche-entera-en-polvo-segn-receta-rusa-es\/"},"modified":"2025-10-20T04:09:22","modified_gmt":"2025-10-20T01:09:22","slug":"191-mortadela-lyoner-con-leche-entera-en-polvo-segn-receta-rusa-es","status":"publish","type":"product","link":"https:\/\/kalinkamagazin.com\/es\/product\/191-mortadela-lyoner-con-leche-entera-en-polvo-segn-receta-rusa-es\/","title":{"rendered":"Mortadela Lyoner con leche entera en polvo, seg\u00fan receta rusa"},"content":{"rendered":"<p>Salchicha lionesa (contiene leche entera en polvo), receta rusa. Ingredientes: 80 % de carne de cerdo, agua potable, manteca de cerdo, especias, sal de mesa, 1 % de leche entera en polvo, dextrosa, potenciador del sabor: glutamato monos\u00f3dico, estabilizantes: difosfatos, antioxidantes: \u00e1cido asc\u00f3rbico, colorante: carm\u00edn natural, especias, conservante: nitrito de sodio, aroma, humo. Tripa no comestible. <!--NWT-Text-->Valor nutricional por 100 g: Valor energ\u00e9tico: 1112 kJ \/ 269 kcal, Grasas: 24 g, de las cuales saturadas: 10 g, Hidratos de carbono: 1,0 g, de los cuales az\u00facares: <0,5 g, Prote\u00ednas: 12 g, Sal: 2,2 g, <!--NWT-Table--><\/p>\n<table>\n<tbody>\n<tr>\n<td colspan=\"2\">Valor nutricional por 100 g:<\/td>\n<\/tr>\n<tr>\n<td>Valor energ\u00e9tico:<\/td>\n<td align = \"right\">1112 kJ\/269 kcal<\/td>\n<\/tr>\n<tr>\n<td>Grasas:<\/td>\n<td align = \"right\">24 g<\/td>\n<\/tr>\n<tr>\n<td>de las cuales saturadas:<\/td>\n<td align = \"right\">10 g<\/td>\n<\/tr>\n<tr>\n<td>Hidratos de carbono:<\/td>\n<td align = \"right\">1,0 g<\/td>\n<\/tr>\n<tr>\n<td>- de los cuales az\u00facares:<\/td>\n<td align = \"right\"><0,5 g<\/td>\n<\/tr>\n<tr>\n<td>Prote\u00ednas:<\/td>\n<td align = \"right\">12 g<\/td>\n<\/tr>\n<tr>\n<td>Sal:<\/td>\n<td align = \"right\">2,2 g<\/td>\n<\/tr>\n<\/tbody>\n<\/table>\n<p> <!--Bezeichnung-->Salchicha de Lyon (contiene leche entera en polvo), seg\u00fan una receta rusa.<\/p>\n","protected":false},"excerpt":{"rendered":"<p>Salchicha lionesa (contiene leche entera en polvo), receta rusa. Ingredientes: 80 % de carne de cerdo, agua potable, manteca de cerdo, especias, sal de mesa, 1 % de leche entera en polvo, dextrosa, potenciador del sabor: glutamato monos\u00f3dico, estabilizantes: difosfatos, antioxidantes: \u00e1cido asc\u00f3rbico, colorante: carm\u00edn natural, especias, conservante: nitrito de sodio, aroma, humo. Tripa no [&hellip;]<\/p>\n","protected":false},"featured_media":958,"template":"","meta":{"inline_featured_image":false},"product_brand":[],"product_cat":[222,223],"product_tag":[],"class_list":{"0":"post-2440","1":"product","2":"type-product","3":"status-publish","4":"has-post-thumbnail","6":"product_cat-carne-y-productos-carnicos","7":"product_cat-embutidos-salchichas","9":"first","10":"instock","11":"shipping-taxable","12":"purchasable","13":"product-type-simple"},"acf":[],"_links":{"self":[{"href":"https:\/\/kalinkamagazin.com\/es\/wp-json\/wp\/v2\/product\/2440","targetHints":{"allow":["GET"]}}],"collection":[{"href":"https:\/\/kalinkamagazin.com\/es\/wp-json\/wp\/v2\/product"}],"about":[{"href":"https:\/\/kalinkamagazin.com\/es\/wp-json\/wp\/v2\/types\/product"}],"wp:featuredmedia":[{"embeddable":true,"href":"https:\/\/kalinkamagazin.com\/es\/wp-json\/wp\/v2\/media\/958"}],"wp:attachment":[{"href":"https:\/\/kalinkamagazin.com\/es\/wp-json\/wp\/v2\/media?parent=2440"}],"wp:term":[{"taxonomy":"product_brand","embeddable":true,"href":"https:\/\/kalinkamagazin.com\/es\/wp-json\/wp\/v2\/product_brand?post=2440"},{"taxonomy":"product_cat","embeddable":true,"href":"https:\/\/kalinkamagazin.com\/es\/wp-json\/wp\/v2\/product_cat?post=2440"},{"taxonomy":"product_tag","embeddable":true,"href":"https:\/\/kalinkamagazin.com\/es\/wp-json\/wp\/v2\/product_tag?post=2440"}],"curies":[{"name":"wp","href":"https:\/\/api.w.org\/{rel}","templated":true}]}}