{"id":2441,"date":"2026-01-29T16:44:04","date_gmt":"2026-01-29T13:44:04","guid":{"rendered":"https:\/\/kalinkamagazin.com\/product\/256-salami-con-avellanas-es\/"},"modified":"2026-01-29T17:10:14","modified_gmt":"2026-01-29T14:10:14","slug":"256-salami-con-avellanas-es","status":"publish","type":"product","link":"https:\/\/kalinkamagazin.com\/es\/product\/256-salami-con-avellanas-es\/","title":{"rendered":"salami con avellanas"},"content":{"rendered":"<p>Salami de avellana. 100 g de salami elaborado con 145 g de carne de cerdo y ternera. Ingredientes: cerdo, ternera, manteca de cerdo, sal, 3 % de avellanas, especias, dextrosa, potenciador del sabor: glutamato monos\u00f3dico, antioxidantes: \u00e1cido asc\u00f3rbico, aromas, estabilizante: difosfato, extractos de especias, cultivos iniciadores, conservante: nitrito de sodio, humo. Tripa no comestible. <!--NWT-Text-->Valor nutricional por 100 g: Valor energ\u00e9tico: 1556 kJ \/ 374 kcal, Grasas: 28 g, de las cuales saturadas: 12 g, Hidratos de carbono: 2,8 g, de los cuales az\u00facares: <0,5 g, Prote\u00ednas: 28 g, Sal: 3,4 g, <!--NWT-Table--><\/p>\n<table>\n<tbody>\n<tr>\n<td colspan=\"2\">Valor nutricional por 100 g:<\/td>\n<\/tr>\n<tr>\n<td>Valor energ\u00e9tico:<\/td>\n<td align = \"right\">1556 kJ\/374 kcal<\/td>\n<\/tr>\n<tr>\n<td>Grasas:<\/td>\n<td align = \"right\">28 g<\/td>\n<\/tr>\n<tr>\n<td>de las cuales saturadas:<\/td>\n<td align = \"right\">12g<\/td>\n<\/tr>\n<tr>\n<td>Hidratos de carbono:<\/td>\n<td align = \"right\">2,8g<\/td>\n<\/tr>\n<tr>\n<td>- de los cuales az\u00facares:<\/td>\n<td align = \"right\"><0,5g<\/td>\n<\/tr>\n<tr>\n<td>Prote\u00ednas:<\/td>\n<td align = \"right\">28g<\/td>\n<\/tr>\n<tr>\n<td>Sal:<\/td>\n<td align = \"right\">3,4g<\/td>\n<\/tr>\n<\/tbody>\n<\/table>\n<p> <!--Bezeichnung-->Salami con avellanas.<\/p>\n","protected":false},"excerpt":{"rendered":"<p>Salami de avellana. 100 g de salami elaborado con 145 g de carne de cerdo y ternera. Ingredientes: cerdo, ternera, manteca de cerdo, sal, 3 % de avellanas, especias, dextrosa, potenciador del sabor: glutamato monos\u00f3dico, antioxidantes: \u00e1cido asc\u00f3rbico, aromas, estabilizante: difosfato, extractos de especias, cultivos iniciadores, conservante: nitrito de sodio, humo. Tripa no comestible. Valor [&hellip;]<\/p>\n","protected":false},"featured_media":964,"template":"","meta":{"inline_featured_image":false},"product_brand":[],"product_cat":[222,223],"product_tag":[],"class_list":{"0":"post-2441","1":"product","2":"type-product","3":"status-publish","4":"has-post-thumbnail","6":"product_cat-carne-y-productos-carnicos","7":"product_cat-embutidos-salchichas","9":"first","10":"instock","11":"shipping-taxable","12":"purchasable","13":"product-type-simple"},"acf":[],"_links":{"self":[{"href":"https:\/\/kalinkamagazin.com\/es\/wp-json\/wp\/v2\/product\/2441","targetHints":{"allow":["GET"]}}],"collection":[{"href":"https:\/\/kalinkamagazin.com\/es\/wp-json\/wp\/v2\/product"}],"about":[{"href":"https:\/\/kalinkamagazin.com\/es\/wp-json\/wp\/v2\/types\/product"}],"wp:featuredmedia":[{"embeddable":true,"href":"https:\/\/kalinkamagazin.com\/es\/wp-json\/wp\/v2\/media\/964"}],"wp:attachment":[{"href":"https:\/\/kalinkamagazin.com\/es\/wp-json\/wp\/v2\/media?parent=2441"}],"wp:term":[{"taxonomy":"product_brand","embeddable":true,"href":"https:\/\/kalinkamagazin.com\/es\/wp-json\/wp\/v2\/product_brand?post=2441"},{"taxonomy":"product_cat","embeddable":true,"href":"https:\/\/kalinkamagazin.com\/es\/wp-json\/wp\/v2\/product_cat?post=2441"},{"taxonomy":"product_tag","embeddable":true,"href":"https:\/\/kalinkamagazin.com\/es\/wp-json\/wp\/v2\/product_tag?post=2441"}],"curies":[{"name":"wp","href":"https:\/\/api.w.org\/{rel}","templated":true}]}}