{"id":2442,"date":"2026-01-29T16:43:59","date_gmt":"2026-01-29T13:43:59","guid":{"rendered":"https:\/\/kalinkamagazin.com\/product\/298-salchicha-mettwurst-cocido-ahumado-al-estilo-polaco-es\/"},"modified":"2026-01-29T17:10:09","modified_gmt":"2026-01-29T14:10:09","slug":"298-salchicha-mettwurst-cocido-ahumado-al-estilo-polaco-es","status":"publish","type":"product","link":"https:\/\/kalinkamagazin.com\/es\/product\/298-salchicha-mettwurst-cocido-ahumado-al-estilo-polaco-es\/","title":{"rendered":"Salchicha Mettwurst cocido, ahumado, al estilo polaco"},"content":{"rendered":"<p>Ingredientes: 80 % de carne de cerdo, manteca de cerdo, agua potable, sal, almid\u00f3n de patata, especias, jarabe de glucosa, prote\u00edna vegetal hidrolizada (colza, ma\u00edz, soja), estabilizantes (difosfatos, trifosfatos), espesante (E415, E407a), antioxidantes (\u00e1cido asc\u00f3rbico, ascorbato s\u00f3dico), dextrosa, acidulante (\u00e1cido c\u00edtrico), colorante (carm\u00edn natural), extractos de especias, aromas, conservante (nitrito s\u00f3dico), tripa de cerdo, humo. Envasado en atm\u00f3sfera protectora. <!--NWT-Text-->Valor nutricional por 100 g: Valor energ\u00e9tico: 1204 kJ \/ 291 kcal, Grasas: 26 g, de las cuales saturadas: 11 g, Hidratos de carbono: 1,0 g, de los cuales az\u00facares: <0,5 g, Prote\u00ednas: 12 g, Sal: 2,2 g, <!--NWT-Table--><\/p>\n<table>\n<tbody>\n<tr>\n<td colspan=\"2\">Valor nutricional por 100 g:<\/td>\n<\/tr>\n<tr>\n<td>Valor energ\u00e9tico:<\/td>\n<td align = \"right\">1204 kJ\/291 kcal<\/td>\n<\/tr>\n<tr>\n<td>Grasas:<\/td>\n<td align = \"right\">26 g<\/td>\n<\/tr>\n<tr>\n<td>de las cuales saturadas: \u00c1cidos:<\/td>\n<td align = \"right\">11 g<\/td>\n<\/tr>\n<tr>\n<td>Hidratos de carbono:<\/td>\n<td align = \"right\">1,0 g<\/td>\n<\/tr>\n<tr>\n<td>- de los cuales az\u00facares:<\/td>\n<td align = \"right\"><0,5 g<\/td>\n<\/tr>\n<tr>\n<td>Prote\u00ednas:<\/td>\n<td align = \"right\">12 g<\/td>\n<\/tr>\n<tr>\n<td>Sal:<\/td>\n<td align = \"right\">2,2 g<\/td>\n<\/tr>\n<\/tbody>\n<\/table>\n<p> <!--Bezeichnung--><\/p>\n","protected":false},"excerpt":{"rendered":"<p>Ingredientes: 80 % de carne de cerdo, manteca de cerdo, agua potable, sal, almid\u00f3n de patata, especias, jarabe de glucosa, prote\u00edna vegetal hidrolizada (colza, ma\u00edz, soja), estabilizantes (difosfatos, trifosfatos), espesante (E415, E407a), antioxidantes (\u00e1cido asc\u00f3rbico, ascorbato s\u00f3dico), dextrosa, acidulante (\u00e1cido c\u00edtrico), colorante (carm\u00edn natural), extractos de especias, aromas, conservante (nitrito s\u00f3dico), tripa de cerdo, humo. [&hellip;]<\/p>\n","protected":false},"featured_media":967,"template":"","meta":{"inline_featured_image":false},"product_brand":[],"product_cat":[222,223],"product_tag":[],"class_list":{"0":"post-2442","1":"product","2":"type-product","3":"status-publish","4":"has-post-thumbnail","6":"product_cat-carne-y-productos-carnicos","7":"product_cat-embutidos-salchichas","9":"first","10":"instock","11":"shipping-taxable","12":"purchasable","13":"product-type-simple"},"acf":[],"_links":{"self":[{"href":"https:\/\/kalinkamagazin.com\/es\/wp-json\/wp\/v2\/product\/2442","targetHints":{"allow":["GET"]}}],"collection":[{"href":"https:\/\/kalinkamagazin.com\/es\/wp-json\/wp\/v2\/product"}],"about":[{"href":"https:\/\/kalinkamagazin.com\/es\/wp-json\/wp\/v2\/types\/product"}],"wp:featuredmedia":[{"embeddable":true,"href":"https:\/\/kalinkamagazin.com\/es\/wp-json\/wp\/v2\/media\/967"}],"wp:attachment":[{"href":"https:\/\/kalinkamagazin.com\/es\/wp-json\/wp\/v2\/media?parent=2442"}],"wp:term":[{"taxonomy":"product_brand","embeddable":true,"href":"https:\/\/kalinkamagazin.com\/es\/wp-json\/wp\/v2\/product_brand?post=2442"},{"taxonomy":"product_cat","embeddable":true,"href":"https:\/\/kalinkamagazin.com\/es\/wp-json\/wp\/v2\/product_cat?post=2442"},{"taxonomy":"product_tag","embeddable":true,"href":"https:\/\/kalinkamagazin.com\/es\/wp-json\/wp\/v2\/product_tag?post=2442"}],"curies":[{"name":"wp","href":"https:\/\/api.w.org\/{rel}","templated":true}]}}