{"id":2444,"date":"2026-01-29T16:43:56","date_gmt":"2026-01-29T13:43:56","guid":{"rendered":"https:\/\/kalinkamagazin.com\/product\/411-salchicha-de-carne-de-muslos-y-contramuslos-de-pollo-con-carne-de-ternera-es\/"},"modified":"2026-03-24T13:11:54","modified_gmt":"2026-03-24T10:11:54","slug":"411-salchicha-de-carne-de-muslos-y-contramuslos-de-pollo-con-carne-de-ternera-es","status":"publish","type":"product","link":"https:\/\/kalinkamagazin.com\/es\/product\/411-salchicha-de-carne-de-muslos-y-contramuslos-de-pollo-con-carne-de-ternera-es\/","title":{"rendered":"Salchicha de carne de Muslos y contramuslos de pollo con carne de ternera"},"content":{"rendered":"<p>Salchichas de muslo de pollo con carne de res. Ingredientes: pollo 65%, agua potable, grasa de pavo, carne de res 10%, sal, especias (contiene apio), potenciadores del sabor (E621, E635), prote\u00edna vegetal hidrolizada (ma\u00edz, colza), estabilizante (difosfato), antioxidantes (\u00e1cido asc\u00f3rbico, dextrosa, lactosa), extractos de especias, aromas (contiene soja), conservante (nitrito de sodio), humo. Tripa no comestible. Envasado en atm\u00f3sfera protectora. <!--NWT-Text-->Valor nutricional por 100 g: Valor energ\u00e9tico: 904 kJ \/ 218 kcal, Grasas: 18 g, de las cuales saturadas: 7,6 g, Hidratos de carbono: 1,9 g, de los cuales az\u00facares: <0,5 g, Prote\u00ednas: 12 g, Sal: 2,0 g, <!--NWT-Table--><\/p>\n<table>\n<tbody>\n<tr>\n<td colspan=\"2\">Valor nutricional por 100 g:<\/td>\n<\/tr>\n<tr>\n<td>Valor energ\u00e9tico:<\/td>\n<td align = \"right\">904 kJ\/218 kcal<\/td>\n<\/tr>\n<tr>\n<td>Grasas:<\/td>\n<td align = \"right\">18 g<\/td>\n<\/tr>\n<tr>\n<td>de las cuales saturadas:<\/td>\n<td align = \"right\">7,6 g<\/td>\n<\/tr>\n<tr>\n<td>Hidratos de carbono:<\/td>\n<td align = \"right\">1,9 g<\/td>\n<\/tr>\n<tr>\n<td>- de los cuales az\u00facares:<\/td>\n<td align = \"right\"><0,5 g<\/td>\n<\/tr>\n<tr>\n<td>Prote\u00ednas:<\/td>\n<td align = \"right\">12 g<\/td>\n<\/tr>\n<tr>\n<td>Sal:<\/td>\n<td align = \"right\">2,0 g<\/td>\n<\/tr>\n<\/tbody>\n<\/table>\n<p> <!--Bezeichnung-->Salchichas de carne de muslo de pollo con ternera.<\/p>\n","protected":false},"excerpt":{"rendered":"<p>Salchichas de muslo de pollo con carne de res. Ingredientes: pollo 65%, agua potable, grasa de pavo, carne de res 10%, sal, especias (contiene apio), potenciadores del sabor (E621, E635), prote\u00edna vegetal hidrolizada (ma\u00edz, colza), estabilizante (difosfato), antioxidantes (\u00e1cido asc\u00f3rbico, dextrosa, lactosa), extractos de especias, aromas (contiene soja), conservante (nitrito de sodio), humo. Tripa no [&hellip;]<\/p>\n","protected":false},"featured_media":973,"template":"","meta":{"inline_featured_image":false},"product_brand":[],"product_cat":[222,223],"product_tag":[],"class_list":{"0":"post-2444","1":"product","2":"type-product","3":"status-publish","4":"has-post-thumbnail","6":"product_cat-carne-y-productos-carnicos","7":"product_cat-embutidos-salchichas","9":"first","10":"instock","11":"shipping-taxable","12":"purchasable","13":"product-type-simple"},"acf":[],"_links":{"self":[{"href":"https:\/\/kalinkamagazin.com\/es\/wp-json\/wp\/v2\/product\/2444","targetHints":{"allow":["GET"]}}],"collection":[{"href":"https:\/\/kalinkamagazin.com\/es\/wp-json\/wp\/v2\/product"}],"about":[{"href":"https:\/\/kalinkamagazin.com\/es\/wp-json\/wp\/v2\/types\/product"}],"wp:featuredmedia":[{"embeddable":true,"href":"https:\/\/kalinkamagazin.com\/es\/wp-json\/wp\/v2\/media\/973"}],"wp:attachment":[{"href":"https:\/\/kalinkamagazin.com\/es\/wp-json\/wp\/v2\/media?parent=2444"}],"wp:term":[{"taxonomy":"product_brand","embeddable":true,"href":"https:\/\/kalinkamagazin.com\/es\/wp-json\/wp\/v2\/product_brand?post=2444"},{"taxonomy":"product_cat","embeddable":true,"href":"https:\/\/kalinkamagazin.com\/es\/wp-json\/wp\/v2\/product_cat?post=2444"},{"taxonomy":"product_tag","embeddable":true,"href":"https:\/\/kalinkamagazin.com\/es\/wp-json\/wp\/v2\/product_tag?post=2444"}],"curies":[{"name":"wp","href":"https:\/\/api.w.org\/{rel}","templated":true}]}}