{"id":2445,"date":"2026-01-29T16:43:52","date_gmt":"2026-01-29T13:43:52","guid":{"rendered":"https:\/\/kalinkamagazin.com\/product\/414-cecina-de-pechuga-de-pollo-salado-y-ahumado-en-fro-es\/"},"modified":"2026-01-29T17:10:02","modified_gmt":"2026-01-29T14:10:02","slug":"414-cecina-de-pechuga-de-pollo-salado-y-ahumado-en-fro-es","status":"publish","type":"product","link":"https:\/\/kalinkamagazin.com\/es\/product\/414-cecina-de-pechuga-de-pollo-salado-y-ahumado-en-fro-es\/","title":{"rendered":"Cecina de pechuga de pollo, salado y ahumado en fr\u00edo"},"content":{"rendered":"<p>Cecina de pechuga de pollo ahumada en salmuera fr\u00eda. 100 g se elaboran con 130 g de pollo. Ingredientes: pollo, sal, dextrosa, sacarosa, lactosa, jarabe de glucosa deshidratado, maltodextrina, potenciador del sabor: glutamato monos\u00f3dico, antioxidantes: ascorbato s\u00f3dico, extracto de levadura, extractos de especias, conservante: nitrito s\u00f3dico, aroma, levadura, cultivos de maduraci\u00f3n, humo. Envasado en atm\u00f3sfera protectora. <!--NWT-Text-->Valor nutricional por 100 g: Valor energ\u00e9tico: 583 kJ \/ 138 kcal, Grasas: 1,4 g, de las cuales saturadas: 0,6 g, Hidratos de carbono: 1,0 g, de los cuales az\u00facares: <0,5 g, Prote\u00ednas: 30 g, Sal: 5,2 g, <!--NWT-Table--><\/p>\n<table>\n<tbody>\n<tr>\n<td colspan=\"2\">Valor nutricional por 100 g:<\/td>\n<\/tr>\n<tr>\n<td>Valor energ\u00e9tico:<\/td>\n<td align = \"right\">583 kJ\/138 kcal<\/td>\n<\/tr>\n<tr>\n<td>Grasas:<\/td>\n<td align = \"right\">1,4 g<\/td>\n<\/tr>\n<tr>\n<td>de las cuales saturadas:<\/td>\n<td align = \"right\">0,6 g<\/td>\n<\/tr>\n<tr>\n<td>Hidratos de carbono:<\/td>\n<td align = \"right\">1,0 g<\/td>\n<\/tr>\n<tr>\n<td>- de los cuales az\u00facares:<\/td>\n<td align = \"right\"><0,5 g<\/td>\n<\/tr>\n<tr>\n<td>Prote\u00ednas:<\/td>\n<td align = \"right\">30 g<\/td>\n<\/tr>\n<tr>\n<td>Sal:<\/td>\n<td align = \"right\">5,2 g<\/td>\n<\/tr>\n<\/tbody>\n<\/table>\n<p> <!--Bezeichnung-->Cecina de pechuga de pollo, en salmuera y ahumada en fr\u00edo.<\/p>\n","protected":false},"excerpt":{"rendered":"<p>Cecina de pechuga de pollo ahumada en salmuera fr\u00eda. 100 g se elaboran con 130 g de pollo. Ingredientes: pollo, sal, dextrosa, sacarosa, lactosa, jarabe de glucosa deshidratado, maltodextrina, potenciador del sabor: glutamato monos\u00f3dico, antioxidantes: ascorbato s\u00f3dico, extracto de levadura, extractos de especias, conservante: nitrito s\u00f3dico, aroma, levadura, cultivos de maduraci\u00f3n, humo. Envasado en atm\u00f3sfera [&hellip;]<\/p>\n","protected":false},"featured_media":976,"template":"","meta":{"inline_featured_image":false},"product_brand":[],"product_cat":[222,223],"product_tag":[],"class_list":{"0":"post-2445","1":"product","2":"type-product","3":"status-publish","4":"has-post-thumbnail","6":"product_cat-carne-y-productos-carnicos","7":"product_cat-embutidos-salchichas","9":"first","10":"instock","11":"shipping-taxable","12":"purchasable","13":"product-type-simple"},"acf":[],"_links":{"self":[{"href":"https:\/\/kalinkamagazin.com\/es\/wp-json\/wp\/v2\/product\/2445","targetHints":{"allow":["GET"]}}],"collection":[{"href":"https:\/\/kalinkamagazin.com\/es\/wp-json\/wp\/v2\/product"}],"about":[{"href":"https:\/\/kalinkamagazin.com\/es\/wp-json\/wp\/v2\/types\/product"}],"wp:featuredmedia":[{"embeddable":true,"href":"https:\/\/kalinkamagazin.com\/es\/wp-json\/wp\/v2\/media\/976"}],"wp:attachment":[{"href":"https:\/\/kalinkamagazin.com\/es\/wp-json\/wp\/v2\/media?parent=2445"}],"wp:term":[{"taxonomy":"product_brand","embeddable":true,"href":"https:\/\/kalinkamagazin.com\/es\/wp-json\/wp\/v2\/product_brand?post=2445"},{"taxonomy":"product_cat","embeddable":true,"href":"https:\/\/kalinkamagazin.com\/es\/wp-json\/wp\/v2\/product_cat?post=2445"},{"taxonomy":"product_tag","embeddable":true,"href":"https:\/\/kalinkamagazin.com\/es\/wp-json\/wp\/v2\/product_tag?post=2445"}],"curies":[{"name":"wp","href":"https:\/\/api.w.org\/{rel}","templated":true}]}}