{"id":2446,"date":"2026-01-29T16:43:45","date_gmt":"2026-01-29T13:43:45","guid":{"rendered":"https:\/\/kalinkamagazin.com\/product\/494-salami-cocinado-en-caliente-es\/"},"modified":"2026-01-29T17:09:55","modified_gmt":"2026-01-29T14:09:55","slug":"494-salami-cocinado-en-caliente-es","status":"publish","type":"product","link":"https:\/\/kalinkamagazin.com\/es\/product\/494-salami-cocinado-en-caliente-es\/","title":{"rendered":"salami, cocinado en caliente"},"content":{"rendered":"<p>100 g de producto se elaboran con 105 g de carne de cerdo y res. Ingredientes: res, cerdo, manteca de cerdo, sal de mesa, especias, jarabe de glucosa, potenciador del sabor: glutamato monos\u00f3dico, estabilizante: difosfato, antioxidantes: \u00e1cido asc\u00f3rbico, dextrosa, acidulante: \u00e1cido c\u00edtrico, colorante: carm\u00edn natural, extractos de especias, aromas, conservante: nitrito de sodio, humo. Tripa no comestible. <!--NWT-Text-->Valor nutricional por 100 g: Valor energ\u00e9tico: 1606 kJ \/ 388 kcal, Grasas: 35 g, de las cuales saturadas: 15 g, Hidratos de carbono: 1,0 g, de los cuales az\u00facares: <0,5 g, Prote\u00ednas: 18 g, Sal: 3,4 g, <!--NWT-Table--><\/p>\n<table>\n<tbody>\n<tr>\n<td colspan=\"2\">Valor nutricional por 100 g:<\/td>\n<\/tr>\n<tr>\n<td>Valor energ\u00e9tico:<\/td>\n<td align = \"right\">1606 kJ\/388 kcal<\/td>\n<\/tr>\n<tr>\n<td>Grasas:<\/td>\n<td align = \"right\">35 g<\/td>\n<\/tr>\n<tr>\n<td>de las cuales saturadas: \u00c1cidos:<\/td>\n<td align = \"right\">15 g<\/td>\n<\/tr>\n<tr>\n<td>Hidratos de carbono:<\/td>\n<td align = \"right\">1,0 g<\/td>\n<\/tr>\n<tr>\n<td>- de los cuales az\u00facares:<\/td>\n<td align = \"right\"><0,5 g<\/td>\n<\/tr>\n<tr>\n<td>Prote\u00ednas:<\/td>\n<td align = \"right\">18 g<\/td>\n<\/tr>\n<tr>\n<td>Sal:<\/td>\n<td align = \"right\">3,4 g<\/td>\n<\/tr>\n<\/tbody>\n<\/table>\n<p> <!--Bezeichnung--><\/p>\n","protected":false},"excerpt":{"rendered":"<p>100 g de producto se elaboran con 105 g de carne de cerdo y res. Ingredientes: res, cerdo, manteca de cerdo, sal de mesa, especias, jarabe de glucosa, potenciador del sabor: glutamato monos\u00f3dico, estabilizante: difosfato, antioxidantes: \u00e1cido asc\u00f3rbico, dextrosa, acidulante: \u00e1cido c\u00edtrico, colorante: carm\u00edn natural, extractos de especias, aromas, conservante: nitrito de sodio, humo. Tripa [&hellip;]<\/p>\n","protected":false},"featured_media":982,"template":"","meta":{"inline_featured_image":false},"product_brand":[],"product_cat":[222,223],"product_tag":[],"class_list":{"0":"post-2446","1":"product","2":"type-product","3":"status-publish","4":"has-post-thumbnail","6":"product_cat-carne-y-productos-carnicos","7":"product_cat-embutidos-salchichas","9":"first","10":"instock","11":"shipping-taxable","12":"purchasable","13":"product-type-simple"},"acf":[],"_links":{"self":[{"href":"https:\/\/kalinkamagazin.com\/es\/wp-json\/wp\/v2\/product\/2446","targetHints":{"allow":["GET"]}}],"collection":[{"href":"https:\/\/kalinkamagazin.com\/es\/wp-json\/wp\/v2\/product"}],"about":[{"href":"https:\/\/kalinkamagazin.com\/es\/wp-json\/wp\/v2\/types\/product"}],"wp:featuredmedia":[{"embeddable":true,"href":"https:\/\/kalinkamagazin.com\/es\/wp-json\/wp\/v2\/media\/982"}],"wp:attachment":[{"href":"https:\/\/kalinkamagazin.com\/es\/wp-json\/wp\/v2\/media?parent=2446"}],"wp:term":[{"taxonomy":"product_brand","embeddable":true,"href":"https:\/\/kalinkamagazin.com\/es\/wp-json\/wp\/v2\/product_brand?post=2446"},{"taxonomy":"product_cat","embeddable":true,"href":"https:\/\/kalinkamagazin.com\/es\/wp-json\/wp\/v2\/product_cat?post=2446"},{"taxonomy":"product_tag","embeddable":true,"href":"https:\/\/kalinkamagazin.com\/es\/wp-json\/wp\/v2\/product_tag?post=2446"}],"curies":[{"name":"wp","href":"https:\/\/api.w.org\/{rel}","templated":true}]}}