{"id":2448,"date":"2026-01-29T16:43:42","date_gmt":"2026-01-29T13:43:42","guid":{"rendered":"https:\/\/kalinkamagazin.com\/product\/542-salchicha-de-cracovia-es\/"},"modified":"2026-01-29T17:09:52","modified_gmt":"2026-01-29T14:09:52","slug":"542-salchicha-de-cracovia-es","status":"publish","type":"product","link":"https:\/\/kalinkamagazin.com\/es\/product\/542-salchicha-de-cracovia-es\/","title":{"rendered":"salchicha de Cracovia"},"content":{"rendered":"<p>Krakowska. Ingredientes: 85 % de carne de cerdo, agua potable, sal, especias (contiene mostaza), potenciador del sabor: glutamato monos\u00f3dico, maltodextrina, jarabe de glucosa deshidratado, estabilizante: difosfato, antioxidantes: \u00e1cido asc\u00f3rbico, prote\u00edna vegetal hidrolizada (colza, ma\u00edz), az\u00facar, dextrosa, extractos de especias, extractos de levadura, acidulante: \u00e1cido c\u00edtrico, colorante: carm\u00edn natural, aromas, conservante: nitrito de sodio, humo. Tripa no comestible. <!--NWT-Text-->Valor nutricional por 100 g: Valor energ\u00e9tico: 972 kJ \/ 234 kcal, Grasas: 19 g, de las cuales saturadas: 7,8 g, Hidratos de carbono: 1,0 g, de los cuales az\u00facares: <0,5 g, Prote\u00ednas: 16 g, Sal: 2,2 g, <!--NWT-Table--><\/p>\n<table>\n<tbody>\n<tr>\n<td colspan=\"2\">Valor nutricional por 100 g:<\/td>\n<\/tr>\n<tr>\n<td>Valor energ\u00e9tico:<\/td>\n<td align = \"right\">972 kJ\/234 kcal<\/td>\n<\/tr>\n<tr>\n<td>Grasas:<\/td>\n<td align = \"right\">19 g<\/td>\n<\/tr>\n<tr>\n<td>de las cuales saturadas:<\/td>\n<td align = \"right\">7,8 g<\/td>\n<\/tr>\n<tr>\n<td>Hidratos de carbono:<\/td>\n<td align = \"right\">1,0 g<\/td>\n<\/tr>\n<tr>\n<td>- de los cuales az\u00facares:<\/td>\n<td align = \"right\"><0,5 g<\/td>\n<\/tr>\n<tr>\n<td>Prote\u00ednas:<\/td>\n<td align = \"right\">16 g<\/td>\n<\/tr>\n<tr>\n<td>Sal:<\/td>\n<td align = \"right\">2,2 g<\/td>\n<\/tr>\n<\/tbody>\n<\/table>\n<p> <!--Bezeichnung-->Cracovia.<\/p>\n","protected":false},"excerpt":{"rendered":"<p>Krakowska. Ingredientes: 85 % de carne de cerdo, agua potable, sal, especias (contiene mostaza), potenciador del sabor: glutamato monos\u00f3dico, maltodextrina, jarabe de glucosa deshidratado, estabilizante: difosfato, antioxidantes: \u00e1cido asc\u00f3rbico, prote\u00edna vegetal hidrolizada (colza, ma\u00edz), az\u00facar, dextrosa, extractos de especias, extractos de levadura, acidulante: \u00e1cido c\u00edtrico, colorante: carm\u00edn natural, aromas, conservante: nitrito de sodio, humo. Tripa [&hellip;]<\/p>\n","protected":false},"featured_media":991,"template":"","meta":{"inline_featured_image":false},"product_brand":[],"product_cat":[222,223],"product_tag":[],"class_list":{"0":"post-2448","1":"product","2":"type-product","3":"status-publish","4":"has-post-thumbnail","6":"product_cat-carne-y-productos-carnicos","7":"product_cat-embutidos-salchichas","9":"first","10":"instock","11":"shipping-taxable","12":"purchasable","13":"product-type-simple"},"acf":[],"_links":{"self":[{"href":"https:\/\/kalinkamagazin.com\/es\/wp-json\/wp\/v2\/product\/2448","targetHints":{"allow":["GET"]}}],"collection":[{"href":"https:\/\/kalinkamagazin.com\/es\/wp-json\/wp\/v2\/product"}],"about":[{"href":"https:\/\/kalinkamagazin.com\/es\/wp-json\/wp\/v2\/types\/product"}],"wp:featuredmedia":[{"embeddable":true,"href":"https:\/\/kalinkamagazin.com\/es\/wp-json\/wp\/v2\/media\/991"}],"wp:attachment":[{"href":"https:\/\/kalinkamagazin.com\/es\/wp-json\/wp\/v2\/media?parent=2448"}],"wp:term":[{"taxonomy":"product_brand","embeddable":true,"href":"https:\/\/kalinkamagazin.com\/es\/wp-json\/wp\/v2\/product_brand?post=2448"},{"taxonomy":"product_cat","embeddable":true,"href":"https:\/\/kalinkamagazin.com\/es\/wp-json\/wp\/v2\/product_cat?post=2448"},{"taxonomy":"product_tag","embeddable":true,"href":"https:\/\/kalinkamagazin.com\/es\/wp-json\/wp\/v2\/product_tag?post=2448"}],"curies":[{"name":"wp","href":"https:\/\/api.w.org\/{rel}","templated":true}]}}