{"id":2449,"date":"2026-01-29T16:43:34","date_gmt":"2026-01-29T13:43:34","guid":{"rendered":"https:\/\/kalinkamagazin.com\/product\/624-orejas-de-cerdo-salado-cocido-y-ahumado-es\/"},"modified":"2026-05-02T20:03:45","modified_gmt":"2026-05-02T17:03:45","slug":"624-orejas-de-cerdo-salado-cocido-y-ahumado-es","status":"publish","type":"product","link":"https:\/\/kalinkamagazin.com\/es\/product\/624-orejas-de-cerdo-salado-cocido-y-ahumado-es\/","title":{"rendered":"orejas de cerdo salado, cocido y ahumado"},"content":{"rendered":"<p>Orejas de cerdo en salmuera, cocidas y ahumadas. Ingredientes: orejas de cerdo, agua potable, sal, especias, dextrosa, jarabe de glucosa deshidratado, estabilizador: trifosfato, potenciador del sabor: glutamato monos\u00f3dico, antioxidante: ascorbato s\u00f3dico, aromas, conservante: nitrito s\u00f3dico, humo. <!--NWT-Text-->Valor nutricional por 100 g: Valor energ\u00e9tico: 900 kJ \/ 215 kcal, Grasas: 11 g, de las cuales saturadas: 4,6 g, Hidratos de carbono: 1,0 g, de los cuales az\u00facares: <0,5 g, Prote\u00ednas: 28 g, Sal: 2,0 g, <!--NWT-Table--><\/p>\n<table>\n<tbody>\n<tr>\n<td colspan=\"2\">Valor nutricional por 100 g:<\/td>\n<\/tr>\n<tr>\n<td>Valor energ\u00e9tico:<\/td>\n<td align = \"right\">900 kJ\/215 kcal<\/td>\n<\/tr>\n<tr>\n<td>Grasas:<\/td>\n<td align = \"right\">11 g<\/td>\n<\/tr>\n<tr>\n<td>de las cuales saturadas:<\/td>\n<td align = \"right\">4,6 g<\/td>\n<\/tr>\n<tr>\n<td>Hidratos de carbono:<\/td>\n<td align = \"right\">1,0 g<\/td>\n<\/tr>\n<tr>\n<td>- de los cuales az\u00facares:<\/td>\n<td align = \"right\"><0,5 g<\/td>\n<\/tr>\n<tr>\n<td>Prote\u00ednas:<\/td>\n<td align = \"right\">28 g<\/td>\n<\/tr>\n<tr>\n<td>Sal:<\/td>\n<td align = \"right\">2,0 g<\/td>\n<\/tr>\n<\/tbody>\n<\/table>\n<p> <!--Bezeichnung-->Orejas de cerdo en salmuera, cocidas y ahumadas.<\/p>\n","protected":false},"excerpt":{"rendered":"<p>Orejas de cerdo en salmuera, cocidas y ahumadas. Ingredientes: orejas de cerdo, agua potable, sal, especias, dextrosa, jarabe de glucosa deshidratado, estabilizador: trifosfato, potenciador del sabor: glutamato monos\u00f3dico, antioxidante: ascorbato s\u00f3dico, aromas, conservante: nitrito s\u00f3dico, humo. Valor nutricional por 100 g: Valor energ\u00e9tico: 900 kJ \/ 215 kcal, Grasas: 11 g, de las cuales saturadas: [&hellip;]<\/p>\n","protected":false},"featured_media":997,"template":"","meta":{"inline_featured_image":false},"product_brand":[],"product_cat":[222,223],"product_tag":[],"class_list":{"0":"post-2449","1":"product","2":"type-product","3":"status-publish","4":"has-post-thumbnail","6":"product_cat-carne-y-productos-carnicos","7":"product_cat-embutidos-salchichas","9":"first","10":"instock","11":"shipping-taxable","12":"purchasable","13":"product-type-simple"},"acf":[],"_links":{"self":[{"href":"https:\/\/kalinkamagazin.com\/es\/wp-json\/wp\/v2\/product\/2449","targetHints":{"allow":["GET"]}}],"collection":[{"href":"https:\/\/kalinkamagazin.com\/es\/wp-json\/wp\/v2\/product"}],"about":[{"href":"https:\/\/kalinkamagazin.com\/es\/wp-json\/wp\/v2\/types\/product"}],"wp:featuredmedia":[{"embeddable":true,"href":"https:\/\/kalinkamagazin.com\/es\/wp-json\/wp\/v2\/media\/997"}],"wp:attachment":[{"href":"https:\/\/kalinkamagazin.com\/es\/wp-json\/wp\/v2\/media?parent=2449"}],"wp:term":[{"taxonomy":"product_brand","embeddable":true,"href":"https:\/\/kalinkamagazin.com\/es\/wp-json\/wp\/v2\/product_brand?post=2449"},{"taxonomy":"product_cat","embeddable":true,"href":"https:\/\/kalinkamagazin.com\/es\/wp-json\/wp\/v2\/product_cat?post=2449"},{"taxonomy":"product_tag","embeddable":true,"href":"https:\/\/kalinkamagazin.com\/es\/wp-json\/wp\/v2\/product_tag?post=2449"}],"curies":[{"name":"wp","href":"https:\/\/api.w.org\/{rel}","templated":true}]}}