{"id":2451,"date":"2026-01-29T16:43:22","date_gmt":"2026-01-29T13:43:22","guid":{"rendered":"https:\/\/kalinkamagazin.com\/product\/763-panceta-de-cerdo-casera-curada-y-ahumado-en-fro-es\/"},"modified":"2026-01-29T17:09:32","modified_gmt":"2026-01-29T14:09:32","slug":"763-panceta-de-cerdo-casera-curada-y-ahumado-en-fro-es","status":"publish","type":"product","link":"https:\/\/kalinkamagazin.com\/es\/product\/763-panceta-de-cerdo-casera-curada-y-ahumado-en-fro-es\/","title":{"rendered":"Panceta de cerdo casera curada y ahumado en fr\u00edo"},"content":{"rendered":"<p>Manteca de cerdo casera, salada y ahumada en fr\u00edo. Ingredientes: manteca de cerdo, sal, especias, dextrosa, jarabe de glucosa deshidratado, antioxidantes: ascorbato s\u00f3dico, extractos de especias, conservante: nitrito s\u00f3dico, humo. <!--NWT-Text-->Valor nutricional por 100 g: Valor energ\u00e9tico: 2217 kJ \/ 538 kcal, Grasas: 55 g, de las cuales saturadas: 23 g, Hidratos de carbono: 1,0 g, de los cuales az\u00facares: <0,5 g, Prote\u00ednas: 11 g, Sal: 5,8 g, <!--NWT-Table--><\/p>\n<table>\n<tbody>\n<tr>\n<td colspan=\"2\">Valor nutricional por 100 g:<\/td>\n<\/tr>\n<tr>\n<td>Valor energ\u00e9tico:<\/td>\n<td align = \"right\">2217 kJ\/538 kcal<\/td>\n<\/tr>\n<tr>\n<td>Grasas:<\/td>\n<td align = \"right\">55 g<\/td>\n<\/tr>\n<tr>\n<td>de las cuales saturadas:<\/td>\n<td align = \"right\">23 g<\/td>\n<\/tr>\n<tr>\n<td>Hidratos de carbono:<\/td>\n<td align = \"right\">1,0 g<\/td>\n<\/tr>\n<tr>\n<td>- de los cuales az\u00facares:<\/td>\n<td align = \"right\"><0,5 g<\/td>\n<\/tr>\n<tr>\n<td>Prote\u00ednas:<\/td>\n<td align = \"right\">11 g<\/td>\n<\/tr>\n<tr>\n<td>Sal:<\/td>\n<td align = \"right\">5,8 g<\/td>\n<\/tr>\n<\/tbody>\n<\/table>\n<p> <!--Bezeichnung-->Manteca de cerdo de panceta, casera, salada y ahumada en fr\u00edo.<\/p>\n","protected":false},"excerpt":{"rendered":"<p>Manteca de cerdo casera, salada y ahumada en fr\u00edo. Ingredientes: manteca de cerdo, sal, especias, dextrosa, jarabe de glucosa deshidratado, antioxidantes: ascorbato s\u00f3dico, extractos de especias, conservante: nitrito s\u00f3dico, humo. Valor nutricional por 100 g: Valor energ\u00e9tico: 2217 kJ \/ 538 kcal, Grasas: 55 g, de las cuales saturadas: 23 g, Hidratos de carbono: 1,0 [&hellip;]<\/p>\n","protected":false},"featured_media":1009,"template":"","meta":{"inline_featured_image":false},"product_brand":[],"product_cat":[222,223],"product_tag":[],"class_list":{"0":"post-2451","1":"product","2":"type-product","3":"status-publish","4":"has-post-thumbnail","6":"product_cat-carne-y-productos-carnicos","7":"product_cat-embutidos-salchichas","9":"first","10":"instock","11":"shipping-taxable","12":"purchasable","13":"product-type-simple"},"acf":[],"_links":{"self":[{"href":"https:\/\/kalinkamagazin.com\/es\/wp-json\/wp\/v2\/product\/2451","targetHints":{"allow":["GET"]}}],"collection":[{"href":"https:\/\/kalinkamagazin.com\/es\/wp-json\/wp\/v2\/product"}],"about":[{"href":"https:\/\/kalinkamagazin.com\/es\/wp-json\/wp\/v2\/types\/product"}],"wp:featuredmedia":[{"embeddable":true,"href":"https:\/\/kalinkamagazin.com\/es\/wp-json\/wp\/v2\/media\/1009"}],"wp:attachment":[{"href":"https:\/\/kalinkamagazin.com\/es\/wp-json\/wp\/v2\/media?parent=2451"}],"wp:term":[{"taxonomy":"product_brand","embeddable":true,"href":"https:\/\/kalinkamagazin.com\/es\/wp-json\/wp\/v2\/product_brand?post=2451"},{"taxonomy":"product_cat","embeddable":true,"href":"https:\/\/kalinkamagazin.com\/es\/wp-json\/wp\/v2\/product_cat?post=2451"},{"taxonomy":"product_tag","embeddable":true,"href":"https:\/\/kalinkamagazin.com\/es\/wp-json\/wp\/v2\/product_tag?post=2451"}],"curies":[{"name":"wp","href":"https:\/\/api.w.org\/{rel}","templated":true}]}}