{"id":2473,"date":"2026-01-29T16:42:54","date_gmt":"2026-01-29T13:42:54","guid":{"rendered":"https:\/\/kalinkamagazin.com\/product\/2165-bebida-de-malta-parcialmente-fermentado-es\/"},"modified":"2026-01-29T17:09:02","modified_gmt":"2026-01-29T14:09:02","slug":"2165-bebida-de-malta-parcialmente-fermentado-es","status":"publish","type":"product","link":"https:\/\/kalinkamagazin.com\/es\/product\/2165-bebida-de-malta-parcialmente-fermentado-es\/","title":{"rendered":"Bebida de malta parcialmente fermentado."},"content":{"rendered":"<p>Kvas parcialmente fermentado. 0,5 l. Ingredientes: agua potable, az\u00facar, harina de centeno, malta de centeno fermentada, malta de cebada, levadura. Conservar en un lugar fresco y oscuro. Una vez abierto, refrigerar y consumir lo antes posible. La vida \u00fatil m\u00ednima en envase sin abrir es de: ver impresi\u00f3n, segunda l\u00ednea. Ventas: Lackmann Fleisch- und Feinkostfabrik GmbH, Carl Benz Stra\u00dfe 10, 77731 Willst\u00e4tt, Alemania. <!--NWT-Text-->Valor nutricional por 100 g: Valor energ\u00e9tico: 147 kJ \/ 35 kcal, Grasas: 0 g, de las cuales \u00e1cidos grasos saturados: 0 g, Hidratos de carbono: 8,0 g, de los cuales az\u00facares: 6,0 g, Prote\u00ednas: <0,5 g, Sal: 0 g, <!--NWT-Table--><\/p>\n<table>\n<tbody>\n<tr>\n<td colspan=\"2\">Valor nutricional por 100 g:<\/td>\n<\/tr>\n<tr>\n<td>Valor energ\u00e9tico:<\/td>\n<td align = \"right\">147 kJ\/35 kcal<\/td>\n<\/tr>\n<tr>\n<td>Grasas:<\/td>\n<td align = \"right\">0 g<\/td>\n<\/tr>\n<tr>\n<td>de los cuales \u00e1cidos grasos saturados:<\/td>\n<td align = \"right\">0g<\/td>\n<\/tr>\n<tr>\n<td>Carbohidratos:<\/td>\n<td align = \"right\">8,0g<\/td>\n<\/tr>\n<tr>\n<td>- de los cuales az\u00facares:<\/td>\n<td align = \"right\">6,0g<\/td>\n<\/tr>\n<tr>\n<td>Prote\u00ednas:<\/td>\n<td align = \"right\"><0,5g<\/td>\n<\/tr>\n<tr>\n<td>Sal:<\/td>\n<td align = \"right\">0g<\/td>\n<\/tr>\n<\/tbody>\n<\/table>\n<p> <!--Bezeichnung-->Kvas parcialmente fermentado. .<\/p>\n","protected":false},"excerpt":{"rendered":"<p>Kvas parcialmente fermentado. 0,5 l. Ingredientes: agua potable, az\u00facar, harina de centeno, malta de centeno fermentada, malta de cebada, levadura. Conservar en un lugar fresco y oscuro. Una vez abierto, refrigerar y consumir lo antes posible. La vida \u00fatil m\u00ednima en envase sin abrir es de: ver impresi\u00f3n, segunda l\u00ednea. Ventas: Lackmann Fleisch- und Feinkostfabrik [&hellip;]<\/p>\n","protected":false},"featured_media":1120,"template":"","meta":{"inline_featured_image":false},"product_brand":[],"product_cat":[227,231],"product_tag":[],"class_list":{"0":"post-2473","1":"product","2":"type-product","3":"status-publish","4":"has-post-thumbnail","6":"product_cat-bebidas","7":"product_cat-kvas-bebida-fermentada","9":"first","10":"instock","11":"shipping-taxable","12":"purchasable","13":"product-type-simple"},"acf":[],"_links":{"self":[{"href":"https:\/\/kalinkamagazin.com\/es\/wp-json\/wp\/v2\/product\/2473","targetHints":{"allow":["GET"]}}],"collection":[{"href":"https:\/\/kalinkamagazin.com\/es\/wp-json\/wp\/v2\/product"}],"about":[{"href":"https:\/\/kalinkamagazin.com\/es\/wp-json\/wp\/v2\/types\/product"}],"wp:featuredmedia":[{"embeddable":true,"href":"https:\/\/kalinkamagazin.com\/es\/wp-json\/wp\/v2\/media\/1120"}],"wp:attachment":[{"href":"https:\/\/kalinkamagazin.com\/es\/wp-json\/wp\/v2\/media?parent=2473"}],"wp:term":[{"taxonomy":"product_brand","embeddable":true,"href":"https:\/\/kalinkamagazin.com\/es\/wp-json\/wp\/v2\/product_brand?post=2473"},{"taxonomy":"product_cat","embeddable":true,"href":"https:\/\/kalinkamagazin.com\/es\/wp-json\/wp\/v2\/product_cat?post=2473"},{"taxonomy":"product_tag","embeddable":true,"href":"https:\/\/kalinkamagazin.com\/es\/wp-json\/wp\/v2\/product_tag?post=2473"}],"curies":[{"name":"wp","href":"https:\/\/api.w.org\/{rel}","templated":true}]}}