{"id":2477,"date":"2026-01-29T16:42:07","date_gmt":"2026-01-29T13:42:07","guid":{"rendered":"https:\/\/kalinkamagazin.com\/product\/2600-refresco-con-con-sabor-a-uva-con-gas-es\/"},"modified":"2026-01-29T17:08:11","modified_gmt":"2026-01-29T14:08:11","slug":"2600-refresco-con-con-sabor-a-uva-con-gas-es","status":"publish","type":"product","link":"https:\/\/kalinkamagazin.com\/es\/product\/2600-refresco-con-con-sabor-a-uva-con-gas-es\/","title":{"rendered":"Refresco con con sabor a uva, con gas."},"content":{"rendered":"<p>Bebida refrescante con sabor a uva, carbonatada. 2,0 l. Ingredientes: agua, az\u00facar, \u00e1cido carb\u00f3nico, acidulante (\u00e1cido c\u00edtrico), zumo de uva a partir de concentrado de zumo de uva al 1%, colorante concentrado (zanahoria), aromas, edulcorantes (ciclamato, aspartamo*, acesulfamo pot\u00e1sico, extracto de a\u00e7a\u00ed), conservante (sorbato pot\u00e1sico, benzoato s\u00f3dico). *Contiene una fuente de fenilalanina. Conservar en un lugar fresco y seco. Proteger de la luz solar directa. Consumir preferentemente antes de: ver el cuello de la botella, segunda l\u00ednea. Distribuci\u00f3n: Lackmann Fleisch- und Feinkostfabrik GmbH, Carl Benz Stra\u00dfe 10, 77731 Willst\u00e4tt, Alemania. Contiene trazas de: grasas, incluidos \u00e1cidos grasos saturados, clara de huevo. <!--NWT-Text-->Valor nutricional por 100 g: Valor energ\u00e9tico: 81 kJ \/ 19 kcal, Grasas: <0,5 g, - de las cuales \u00e1cidos grasos saturados: 0 g, Carbohidratos: 4,6 g, - de los cuales az\u00facares: 4,6 g, Prote\u00ednas: <0,5 g, Sal: 0,02 g, <!--NWT-Table--><\/p>\n<table>\n<tbody>\n<tr>\n<td colspan=\"2\">Valor nutricional por 100 g:<\/td>\n<\/tr>\n<tr>\n<td>Valor energ\u00e9tico:<\/td>\n<td align = \"right\">81 kJ\/19 kcal<\/td>\n<\/tr>\n<tr>\n<td>Grasas:<\/td>\n<td align = \"right\"><0,5 g<\/td>\n<\/tr>\n<tr>\n<td>- de los cuales \u00e1cidos grasos saturados:<\/td>\n<td align = \"right\">0g<\/td>\n<\/tr>\n<tr>\n<td>Carbohidratos:<\/td>\n<td align = \"right\">4.6g<\/td>\n<\/tr>\n<tr>\n<td>- de los cuales az\u00facares:<\/td>\n<td align = \"right\">4.6g<\/td>\n<\/tr>\n<tr>\n<td>Prote\u00ednas:<\/td>\n<td align = \"right\"><0.5g<\/td>\n<\/tr>\n<tr>\n<td>Sal:<\/td>\n<td align = \"right\">0.02g<\/td>\n<\/tr>\n<\/tbody>\n<\/table>\n<p> <!--Bezeichnung-->Bebida refrescante con sabor a uva, carbonatada..<\/p>\n","protected":false},"excerpt":{"rendered":"<p>Bebida refrescante con sabor a uva, carbonatada. 2,0 l. Ingredientes: agua, az\u00facar, \u00e1cido carb\u00f3nico, acidulante (\u00e1cido c\u00edtrico), zumo de uva a partir de concentrado de zumo de uva al 1%, colorante concentrado (zanahoria), aromas, edulcorantes (ciclamato, aspartamo*, acesulfamo pot\u00e1sico, extracto de a\u00e7a\u00ed), conservante (sorbato pot\u00e1sico, benzoato s\u00f3dico). *Contiene una fuente de fenilalanina. Conservar en un [&hellip;]<\/p>\n","protected":false},"featured_media":1180,"template":"","meta":{"inline_featured_image":false},"product_brand":[],"product_cat":[229,227],"product_tag":[],"class_list":{"0":"post-2477","1":"product","2":"type-product","3":"status-publish","4":"has-post-thumbnail","6":"product_cat-agua-mineral-bebidas-gaseosas","7":"product_cat-bebidas","9":"first","10":"instock","11":"shipping-taxable","12":"purchasable","13":"product-type-simple"},"acf":[],"_links":{"self":[{"href":"https:\/\/kalinkamagazin.com\/es\/wp-json\/wp\/v2\/product\/2477","targetHints":{"allow":["GET"]}}],"collection":[{"href":"https:\/\/kalinkamagazin.com\/es\/wp-json\/wp\/v2\/product"}],"about":[{"href":"https:\/\/kalinkamagazin.com\/es\/wp-json\/wp\/v2\/types\/product"}],"wp:featuredmedia":[{"embeddable":true,"href":"https:\/\/kalinkamagazin.com\/es\/wp-json\/wp\/v2\/media\/1180"}],"wp:attachment":[{"href":"https:\/\/kalinkamagazin.com\/es\/wp-json\/wp\/v2\/media?parent=2477"}],"wp:term":[{"taxonomy":"product_brand","embeddable":true,"href":"https:\/\/kalinkamagazin.com\/es\/wp-json\/wp\/v2\/product_brand?post=2477"},{"taxonomy":"product_cat","embeddable":true,"href":"https:\/\/kalinkamagazin.com\/es\/wp-json\/wp\/v2\/product_cat?post=2477"},{"taxonomy":"product_tag","embeddable":true,"href":"https:\/\/kalinkamagazin.com\/es\/wp-json\/wp\/v2\/product_tag?post=2477"}],"curies":[{"name":"wp","href":"https:\/\/api.w.org\/{rel}","templated":true}]}}