{"id":2480,"date":"2026-01-29T16:41:57","date_gmt":"2026-01-29T13:41:57","guid":{"rendered":"https:\/\/kalinkamagazin.com\/product\/2637-refresco-con-sabor-a-naranja-con-gas-es\/"},"modified":"2026-01-29T17:07:58","modified_gmt":"2026-01-29T14:07:58","slug":"2637-refresco-con-sabor-a-naranja-con-gas-es","status":"publish","type":"product","link":"https:\/\/kalinkamagazin.com\/es\/product\/2637-refresco-con-sabor-a-naranja-con-gas-es\/","title":{"rendered":"Refresco con sabor a naranja, con gas."},"content":{"rendered":"<p>2,0 l. Ingredientes: agua, az\u00facar, zumo de naranja a partir de concentrado de zumo de naranja 4%, \u00e1cido carb\u00f3nico, acidulante: (\u00e1cido c\u00edtrico), aromas, estabilizante: (E414, E444, E445), edulcorantes: ciclamato, aspartamo*, acesulfamo pot\u00e1sico, antioxidantes: (\u00e1cido asc\u00f3rbico), conservante: (sorbato pot\u00e1sico, benzoato s\u00f3dico), colorante: (caroteno). *contiene una fuente de fenilalanina. Conservar en un lugar fresco y seco. Proteger de la luz solar directa. Consumir preferentemente antes de: ver el cuello de la botella, segunda l\u00ednea. Distribuci\u00f3n: Lackmann Fleisch- und Feinkostfabrik GmbH, Carl Benz Stra\u00dfe 10, 77731 Willst\u00e4tt, Alemania. Contiene trazas de: grasa, incluidos \u00e1cidos grasos saturados, clara de huevo. <!--NWT-Text-->Valor nutricional por 100 g: Valor energ\u00e9tico: 81 kJ \/ 19 kcal, Grasas: <0,5 g, - de las cuales \u00e1cidos grasos saturados: <0,1 g, Carbohidratos: 4,5 g, - de los cuales az\u00facares: 4,5 g, Prote\u00ednas: <0,5 g, Sal: 0,02 g, <!--NWT-Table--><\/p>\n<table>\n<tbody>\n<tr>\n<td colspan=\"2\">Valor nutricional por 100 g:<\/td>\n<\/tr>\n<tr>\n<td>Valor energ\u00e9tico:<\/td>\n<td align = \"right\">81 kJ\/19 kcal<\/td>\n<\/tr>\n<tr>\n<td>Grasas:<\/td>\n<td align = \"right\"><0,5 g<\/td>\n<\/tr>\n<tr>\n<td>- de las cuales grasas saturadas \u00c1cidos:<\/td>\n<td align = \"right\"><0.1g<\/td>\n<\/tr>\n<tr>\n<td>Hidratos de carbono:<\/td>\n<td align = \"right\">4.5g<\/td>\n<\/tr>\n<tr>\n<td>- de los cuales az\u00facares:<\/td>\n<td align = \"right\">4.5g<\/td>\n<\/tr>\n<tr>\n<td>Prote\u00ednas:<\/td>\n<td align = \"right\"><0.5g<\/td>\n<\/tr>\n<tr>\n<td>Sal:<\/td>\n<td align = \"right\">0.02g<\/td>\n<\/tr>\n<\/tbody>\n<\/table>\n<p> <!--Bezeichnung--><\/p>\n","protected":false},"excerpt":{"rendered":"<p>2,0 l. Ingredientes: agua, az\u00facar, zumo de naranja a partir de concentrado de zumo de naranja 4%, \u00e1cido carb\u00f3nico, acidulante: (\u00e1cido c\u00edtrico), aromas, estabilizante: (E414, E444, E445), edulcorantes: ciclamato, aspartamo*, acesulfamo pot\u00e1sico, antioxidantes: (\u00e1cido asc\u00f3rbico), conservante: (sorbato pot\u00e1sico, benzoato s\u00f3dico), colorante: (caroteno). *contiene una fuente de fenilalanina. Conservar en un lugar fresco y seco. Proteger [&hellip;]<\/p>\n","protected":false},"featured_media":1189,"template":"","meta":{"inline_featured_image":false},"product_brand":[],"product_cat":[229,227],"product_tag":[],"class_list":{"0":"post-2480","1":"product","2":"type-product","3":"status-publish","4":"has-post-thumbnail","6":"product_cat-agua-mineral-bebidas-gaseosas","7":"product_cat-bebidas","9":"first","10":"instock","11":"shipping-taxable","12":"purchasable","13":"product-type-simple"},"acf":[],"_links":{"self":[{"href":"https:\/\/kalinkamagazin.com\/es\/wp-json\/wp\/v2\/product\/2480","targetHints":{"allow":["GET"]}}],"collection":[{"href":"https:\/\/kalinkamagazin.com\/es\/wp-json\/wp\/v2\/product"}],"about":[{"href":"https:\/\/kalinkamagazin.com\/es\/wp-json\/wp\/v2\/types\/product"}],"wp:featuredmedia":[{"embeddable":true,"href":"https:\/\/kalinkamagazin.com\/es\/wp-json\/wp\/v2\/media\/1189"}],"wp:attachment":[{"href":"https:\/\/kalinkamagazin.com\/es\/wp-json\/wp\/v2\/media?parent=2480"}],"wp:term":[{"taxonomy":"product_brand","embeddable":true,"href":"https:\/\/kalinkamagazin.com\/es\/wp-json\/wp\/v2\/product_brand?post=2480"},{"taxonomy":"product_cat","embeddable":true,"href":"https:\/\/kalinkamagazin.com\/es\/wp-json\/wp\/v2\/product_cat?post=2480"},{"taxonomy":"product_tag","embeddable":true,"href":"https:\/\/kalinkamagazin.com\/es\/wp-json\/wp\/v2\/product_tag?post=2480"}],"curies":[{"name":"wp","href":"https:\/\/api.w.org\/{rel}","templated":true}]}}