{"id":2486,"date":"2026-01-29T16:41:32","date_gmt":"2026-01-29T13:41:32","guid":{"rendered":"https:\/\/kalinkamagazin.com\/product\/2766-refresco-con-sabor-a-multifrutas-con-gas-es\/"},"modified":"2026-01-29T17:07:33","modified_gmt":"2026-01-29T14:07:33","slug":"2766-refresco-con-sabor-a-multifrutas-con-gas-es","status":"publish","type":"product","link":"https:\/\/kalinkamagazin.com\/es\/product\/2766-refresco-con-sabor-a-multifrutas-con-gas-es\/","title":{"rendered":"Refresco con sabor a multifrutas, con gas."},"content":{"rendered":"<p>2,0 l. Ingredientes: agua, az\u00facar, zumo de fruta a partir de concentrado de zumo de fruta 4% (en proporciones de peso variables: manzana, naranjas, lim\u00f3n, kiwi, pl\u00e1tano, uvas, pi\u00f1a, melocot\u00f3n, pomelo, mango), di\u00f3xido de carbono, acidulante: (E330), estabilizante: (E414, E445), antioxidantes: (E300), aromas, edulcorantes: (ciclamato, aspartamo*, acesulfamo de potasio), conservante: (E202, E211), colorante: (E160a). *contiene una fuente de fenilalanina. Conservar en un lugar fresco y seco. Proteger de la luz solar directa. Consumir preferentemente antes de: ver el cuello de la botella, segunda l\u00ednea. Distribuci\u00f3n: Lackmann Fleisch- und Feinkostfabrik GmbH, Carl Benz Stra\u00dfe 10, 77731 Willst\u00e4tt, Alemania. Contiene trazas de: grasa, incluidos \u00e1cidos grasos saturados, clara de huevo. <!--NWT-Text-->Valor nutricional por 100 g: Valor energ\u00e9tico: 82 kJ \/ 19 kcal, Grasas: <0,5 g, de las cuales \u00e1cidos grasos saturados: 0 g, Hidratos de carbono: 4,6 g, de los cuales az\u00facares: 4,5 g, Prote\u00ednas: <0,5 g, Sal: 0,02 g, <!--NWT-Table--><\/p>\n<table>\n<tbody>\n<tr>\n<td colspan=\"2\">Valor nutricional por 100 g:<\/td>\n<\/tr>\n<tr>\n<td>Valor energ\u00e9tico:<\/td>\n<td align = \"right\">82 kJ\/19 kcal<\/td>\n<\/tr>\n<tr>\n<td>Grasas:<\/td>\n<td align = \"right\"><0,5 g<\/td>\n<\/tr>\n<tr>\n<td>de los cuales \u00e1cidos grasos saturados:<\/td>\n<td align = \"right\">0 g<\/td>\n<\/tr>\n<tr>\n<td>Hidratos de carbono:<\/td>\n<td align = \"right\">4,6 g<\/td>\n<\/tr>\n<tr>\n<td>- de los cuales az\u00facares:<\/td>\n<td align = \"right\">4,5 g<\/td>\n<\/tr>\n<tr>\n<td>Prote\u00ednas:<\/td>\n<td align = \"right\"><0,5 g<\/td>\n<\/tr>\n<tr>\n<td>Sal:<\/td>\n<td align = \"right\">0,02 g<\/td>\n<\/tr>\n<\/tbody>\n<\/table>\n<p> <!--Bezeichnung--><\/p>\n","protected":false},"excerpt":{"rendered":"<p>2,0 l. Ingredientes: agua, az\u00facar, zumo de fruta a partir de concentrado de zumo de fruta 4% (en proporciones de peso variables: manzana, naranjas, lim\u00f3n, kiwi, pl\u00e1tano, uvas, pi\u00f1a, melocot\u00f3n, pomelo, mango), di\u00f3xido de carbono, acidulante: (E330), estabilizante: (E414, E445), antioxidantes: (E300), aromas, edulcorantes: (ciclamato, aspartamo*, acesulfamo de potasio), conservante: (E202, E211), colorante: (E160a). *contiene [&hellip;]<\/p>\n","protected":false},"featured_media":1225,"template":"","meta":{"inline_featured_image":false},"product_brand":[],"product_cat":[229,227],"product_tag":[],"class_list":{"0":"post-2486","1":"product","2":"type-product","3":"status-publish","4":"has-post-thumbnail","6":"product_cat-agua-mineral-bebidas-gaseosas","7":"product_cat-bebidas","9":"first","10":"instock","11":"shipping-taxable","12":"purchasable","13":"product-type-simple"},"acf":[],"_links":{"self":[{"href":"https:\/\/kalinkamagazin.com\/es\/wp-json\/wp\/v2\/product\/2486","targetHints":{"allow":["GET"]}}],"collection":[{"href":"https:\/\/kalinkamagazin.com\/es\/wp-json\/wp\/v2\/product"}],"about":[{"href":"https:\/\/kalinkamagazin.com\/es\/wp-json\/wp\/v2\/types\/product"}],"wp:featuredmedia":[{"embeddable":true,"href":"https:\/\/kalinkamagazin.com\/es\/wp-json\/wp\/v2\/media\/1225"}],"wp:attachment":[{"href":"https:\/\/kalinkamagazin.com\/es\/wp-json\/wp\/v2\/media?parent=2486"}],"wp:term":[{"taxonomy":"product_brand","embeddable":true,"href":"https:\/\/kalinkamagazin.com\/es\/wp-json\/wp\/v2\/product_brand?post=2486"},{"taxonomy":"product_cat","embeddable":true,"href":"https:\/\/kalinkamagazin.com\/es\/wp-json\/wp\/v2\/product_cat?post=2486"},{"taxonomy":"product_tag","embeddable":true,"href":"https:\/\/kalinkamagazin.com\/es\/wp-json\/wp\/v2\/product_tag?post=2486"}],"curies":[{"name":"wp","href":"https:\/\/api.w.org\/{rel}","templated":true}]}}