{"id":2487,"date":"2026-01-29T16:41:10","date_gmt":"2026-01-29T13:41:10","guid":{"rendered":"https:\/\/kalinkamagazin.com\/product\/3233-brandy-armenio-es\/"},"modified":"2026-01-29T17:07:09","modified_gmt":"2026-01-29T14:07:09","slug":"3233-brandy-armenio-es","status":"publish","type":"product","link":"https:\/\/kalinkamagazin.com\/es\/product\/3233-brandy-armenio-es\/","title":{"rendered":"Brandy armenio"},"content":{"rendered":"<p>Brandy armenio. alc. 40% vol. 0,5 litros. Conservar en un lugar fresco y oscuro. No recomendado para mujeres embarazadas o lactantes, ni para ni\u00f1os menores de 18 a\u00f1os. Distribuci\u00f3n: Lackmann Fleisch- und Feinkostfabrik GmbH, Carl Benz Stra\u00dfe 10, 77731 Willst\u00e4tt, Alemania. Brandy armenio.<\/p>\n","protected":false},"excerpt":{"rendered":"<p>Brandy armenio. alc. 40% vol. 0,5 litros. Conservar en un lugar fresco y oscuro. No recomendado para mujeres embarazadas o lactantes, ni para ni\u00f1os menores de 18 a\u00f1os. Distribuci\u00f3n: Lackmann Fleisch- und Feinkostfabrik GmbH, Carl Benz Stra\u00dfe 10, 77731 Willst\u00e4tt, Alemania. Brandy armenio.<\/p>\n","protected":false},"featured_media":1246,"template":"","meta":{"inline_featured_image":false},"product_brand":[],"product_cat":[179,182],"product_tag":[],"class_list":{"0":"post-2487","1":"product","2":"type-product","3":"status-publish","4":"has-post-thumbnail","6":"product_cat-bebidas-alcoholicas","7":"product_cat-conac-brandy","9":"first","10":"instock","11":"shipping-taxable","12":"purchasable","13":"product-type-simple"},"acf":[],"_links":{"self":[{"href":"https:\/\/kalinkamagazin.com\/es\/wp-json\/wp\/v2\/product\/2487","targetHints":{"allow":["GET"]}}],"collection":[{"href":"https:\/\/kalinkamagazin.com\/es\/wp-json\/wp\/v2\/product"}],"about":[{"href":"https:\/\/kalinkamagazin.com\/es\/wp-json\/wp\/v2\/types\/product"}],"wp:featuredmedia":[{"embeddable":true,"href":"https:\/\/kalinkamagazin.com\/es\/wp-json\/wp\/v2\/media\/1246"}],"wp:attachment":[{"href":"https:\/\/kalinkamagazin.com\/es\/wp-json\/wp\/v2\/media?parent=2487"}],"wp:term":[{"taxonomy":"product_brand","embeddable":true,"href":"https:\/\/kalinkamagazin.com\/es\/wp-json\/wp\/v2\/product_brand?post=2487"},{"taxonomy":"product_cat","embeddable":true,"href":"https:\/\/kalinkamagazin.com\/es\/wp-json\/wp\/v2\/product_cat?post=2487"},{"taxonomy":"product_tag","embeddable":true,"href":"https:\/\/kalinkamagazin.com\/es\/wp-json\/wp\/v2\/product_tag?post=2487"}],"curies":[{"name":"wp","href":"https:\/\/api.w.org\/{rel}","templated":true}]}}