{"id":2491,"date":"2026-01-29T16:40:45","date_gmt":"2026-01-29T13:40:45","guid":{"rendered":"https:\/\/kalinkamagazin.com\/product\/4576-zumo-de-granada-es\/"},"modified":"2026-01-29T17:06:42","modified_gmt":"2026-01-29T14:06:42","slug":"4576-zumo-de-granada-es","status":"publish","type":"product","link":"https:\/\/kalinkamagazin.com\/es\/product\/4576-zumo-de-granada-es\/","title":{"rendered":"Zumo de granada."},"content":{"rendered":"<p>Vino de granada.. Contiene <b>sulfitos.<\/b> Alc. 11,5% vol. 0,75 litros. No recomendado para mujeres embarazadas y lactantes, as\u00ed como para ni\u00f1os menores de 16 a\u00f1os. Conservar en un lugar fresco y seco. Importador: Lackmann Fleisch- und Feinkostfabrik GmbH, Carl-Benz-Stra\u00dfe 10, 77731 Willst\u00e4tt, Alemania. <!--NWT-Text--> <!--NWT-Table--> <!--Bezeichnung-->Vino de granada..<\/p>\n","protected":false},"excerpt":{"rendered":"<p>Vino de granada.. Contiene sulfitos. Alc. 11,5% vol. 0,75 litros. No recomendado para mujeres embarazadas y lactantes, as\u00ed como para ni\u00f1os menores de 16 a\u00f1os. Conservar en un lugar fresco y seco. Importador: Lackmann Fleisch- und Feinkostfabrik GmbH, Carl-Benz-Stra\u00dfe 10, 77731 Willst\u00e4tt, Alemania. Vino de granada..<\/p>\n","protected":false},"featured_media":1288,"template":"","meta":{"inline_featured_image":false},"product_brand":[],"product_cat":[179,180],"product_tag":[],"class_list":{"0":"post-2491","1":"product","2":"type-product","3":"status-publish","4":"has-post-thumbnail","6":"product_cat-bebidas-alcoholicas","7":"product_cat-vino-es","9":"first","10":"instock","11":"shipping-taxable","12":"purchasable","13":"product-type-simple"},"acf":[],"_links":{"self":[{"href":"https:\/\/kalinkamagazin.com\/es\/wp-json\/wp\/v2\/product\/2491","targetHints":{"allow":["GET"]}}],"collection":[{"href":"https:\/\/kalinkamagazin.com\/es\/wp-json\/wp\/v2\/product"}],"about":[{"href":"https:\/\/kalinkamagazin.com\/es\/wp-json\/wp\/v2\/types\/product"}],"wp:featuredmedia":[{"embeddable":true,"href":"https:\/\/kalinkamagazin.com\/es\/wp-json\/wp\/v2\/media\/1288"}],"wp:attachment":[{"href":"https:\/\/kalinkamagazin.com\/es\/wp-json\/wp\/v2\/media?parent=2491"}],"wp:term":[{"taxonomy":"product_brand","embeddable":true,"href":"https:\/\/kalinkamagazin.com\/es\/wp-json\/wp\/v2\/product_brand?post=2491"},{"taxonomy":"product_cat","embeddable":true,"href":"https:\/\/kalinkamagazin.com\/es\/wp-json\/wp\/v2\/product_cat?post=2491"},{"taxonomy":"product_tag","embeddable":true,"href":"https:\/\/kalinkamagazin.com\/es\/wp-json\/wp\/v2\/product_tag?post=2491"}],"curies":[{"name":"wp","href":"https:\/\/api.w.org\/{rel}","templated":true}]}}