{"id":2494,"date":"2026-01-29T16:40:30","date_gmt":"2026-01-29T13:40:30","guid":{"rendered":"https:\/\/kalinkamagazin.com\/product\/5788-vino-de-postre-afrutado-de-80-frambuesas-y-18-manzanas-seco-es\/"},"modified":"2026-01-29T17:06:27","modified_gmt":"2026-01-29T14:06:27","slug":"5788-vino-de-postre-afrutado-de-80-frambuesas-y-18-manzanas-seco-es","status":"publish","type":"product","link":"https:\/\/kalinkamagazin.com\/es\/product\/5788-vino-de-postre-afrutado-de-80-frambuesas-y-18-manzanas-seco-es\/","title":{"rendered":"Vino de postre afrutado de 80% Frambuesas y 18% Manzanas, seco"},"content":{"rendered":"<p>Vino de postre de frutas y bayas elaborado con un 80% de frambuesas y un 18% de manzanas, semidulce. alc. 12,5% vol. 0,75 litros. Contiene sulfitos. Conservar en un lugar fresco y oscuro. No recomendado para mujeres embarazadas y lactantes, as\u00ed como para ni\u00f1os menores de 16 a\u00f1os. Origen: Armenia. Importador: Lackmann Fleisch- und Feinkostfabrik GmbH, Carl-Benz-Stra\u00dfe 10, 77731 Willst\u00e4tt, Alemania. <!--NWT-Text-->Valor nutricional por 100 g: Valor energ\u00e9tico: 353 kJ \/ 85 kcal, Grasas: 0 g, de las cuales \u00e1cidos grasos saturados: 0 g, Hidratos de carbono: 3,1 g, de los cuales az\u00facares: 2,7 g, Prote\u00ednas: 0 g, Sal: 0 g, <!--NWT-Table--><\/p>\n<table>\n<tbody>\n<tr>\n<td colspan=\"2\">Valor nutricional por 100 g:<\/td>\n<\/tr>\n<tr>\n<td>Valor energ\u00e9tico:<\/td>\n<td align = \"right\">353 kJ\/85 kcal<\/td>\n<\/tr>\n<tr>\n<td>Grasas:<\/td>\n<td align = \"right\">0 g<\/td>\n<\/tr>\n<tr>\n<td>de los cuales \u00e1cidos grasos saturados:<\/td>\n<td align = \"right\">0g<\/td>\n<\/tr>\n<tr>\n<td>Hidratos de carbono:<\/td>\n<td align = \"right\">3,1g<\/td>\n<\/tr>\n<tr>\n<td>- de los cuales az\u00facares:<\/td>\n<td align = \"right\">2,7g<\/td>\n<\/tr>\n<tr>\n<td>Prote\u00ednas:<\/td>\n<td align = \"right\">0g<\/td>\n<\/tr>\n<tr>\n<td>Sal:<\/td>\n<td align = \"right\">0g<\/td>\n<\/tr>\n<\/tbody>\n<\/table>\n<p> <!--Bezeichnung-->Vino de postre de frutas y bayas de 80% frambuesas y 18% manzanas, semidulce. .<\/p>\n","protected":false},"excerpt":{"rendered":"<p>Vino de postre de frutas y bayas elaborado con un 80% de frambuesas y un 18% de manzanas, semidulce. alc. 12,5% vol. 0,75 litros. Contiene sulfitos. Conservar en un lugar fresco y oscuro. No recomendado para mujeres embarazadas y lactantes, as\u00ed como para ni\u00f1os menores de 16 a\u00f1os. Origen: Armenia. Importador: Lackmann Fleisch- und Feinkostfabrik [&hellip;]<\/p>\n","protected":false},"featured_media":1312,"template":"","meta":{"inline_featured_image":false},"product_brand":[],"product_cat":[179,180],"product_tag":[],"class_list":{"0":"post-2494","1":"product","2":"type-product","3":"status-publish","4":"has-post-thumbnail","6":"product_cat-bebidas-alcoholicas","7":"product_cat-vino-es","9":"first","10":"instock","11":"shipping-taxable","12":"purchasable","13":"product-type-simple"},"acf":[],"_links":{"self":[{"href":"https:\/\/kalinkamagazin.com\/es\/wp-json\/wp\/v2\/product\/2494","targetHints":{"allow":["GET"]}}],"collection":[{"href":"https:\/\/kalinkamagazin.com\/es\/wp-json\/wp\/v2\/product"}],"about":[{"href":"https:\/\/kalinkamagazin.com\/es\/wp-json\/wp\/v2\/types\/product"}],"wp:featuredmedia":[{"embeddable":true,"href":"https:\/\/kalinkamagazin.com\/es\/wp-json\/wp\/v2\/media\/1312"}],"wp:attachment":[{"href":"https:\/\/kalinkamagazin.com\/es\/wp-json\/wp\/v2\/media?parent=2494"}],"wp:term":[{"taxonomy":"product_brand","embeddable":true,"href":"https:\/\/kalinkamagazin.com\/es\/wp-json\/wp\/v2\/product_brand?post=2494"},{"taxonomy":"product_cat","embeddable":true,"href":"https:\/\/kalinkamagazin.com\/es\/wp-json\/wp\/v2\/product_cat?post=2494"},{"taxonomy":"product_tag","embeddable":true,"href":"https:\/\/kalinkamagazin.com\/es\/wp-json\/wp\/v2\/product_tag?post=2494"}],"curies":[{"name":"wp","href":"https:\/\/api.w.org\/{rel}","templated":true}]}}