{"id":2495,"date":"2026-01-29T16:40:27","date_gmt":"2026-01-29T13:40:27","guid":{"rendered":"https:\/\/kalinkamagazin.com\/product\/5789-vino-de-postre-afrutado-de-75-granada-y-15-manzanas-suave-es\/"},"modified":"2026-01-29T17:06:24","modified_gmt":"2026-01-29T14:06:24","slug":"5789-vino-de-postre-afrutado-de-75-granada-y-15-manzanas-suave-es","status":"publish","type":"product","link":"https:\/\/kalinkamagazin.com\/es\/product\/5789-vino-de-postre-afrutado-de-75-granada-y-15-manzanas-suave-es\/","title":{"rendered":"Vino de postre afrutado de 75% granada y 15% manzanas, suave"},"content":{"rendered":"<p>Vino de postre de frutas y bayas elaborado con un 75% de granada y un 15% de manzana, dulce. alc. 12,5% vol. 0,75 litros. Contiene sulfitos. Conservar en un lugar fresco y oscuro. No recomendado para mujeres embarazadas y lactantes, as\u00ed como para ni\u00f1os menores de 16 a\u00f1os. Origen: Armenia. Importador: Lackmann Fleisch- und Feinkostfabrik GmbH, Carl-Benz-Stra\u00dfe 10, 77731 Willst\u00e4tt, Alemania. <!--NWT-Text-->Valor nutricional por 100 g: Valor energ\u00e9tico: 461 kJ \/ 110 kcal, Grasas: 0 g, de las cuales \u00e1cidos grasos saturados: 0 g, Hidratos de carbono: 9,5 g, de los cuales az\u00facares: 9,1 g, Prote\u00ednas: 0 g, Sal: 0 g, <!--NWT-Table--><\/p>\n<table>\n<tbody>\n<tr>\n<td colspan=\"2\">Valor nutricional por 100 g:<\/td>\n<\/tr>\n<tr>\n<td>Valor energ\u00e9tico:<\/td>\n<td align = \"right\">461 kJ\/110 kcal<\/td>\n<\/tr>\n<tr>\n<td>Grasas:<\/td>\n<td align = \"right\">0 g<\/td>\n<\/tr>\n<tr>\n<td>de los cuales \u00e1cidos grasos saturados:<\/td>\n<td align = \"right\">0g<\/td>\n<\/tr>\n<tr>\n<td>Hidratos de carbono:<\/td>\n<td align = \"right\">9,5g<\/td>\n<\/tr>\n<tr>\n<td>- de los cuales az\u00facares:<\/td>\n<td align = \"right\">9,1g<\/td>\n<\/tr>\n<tr>\n<td>Prote\u00ednas:<\/td>\n<td align = \"right\">0g<\/td>\n<\/tr>\n<tr>\n<td>Sal:<\/td>\n<td align = \"right\">0g<\/td>\n<\/tr>\n<\/tbody>\n<\/table>\n<p> <!--Bezeichnung-->Vino de postre de frutas y bayas con un 75 % de granada y un 15 % de manzanas, dulce. .<\/p>\n","protected":false},"excerpt":{"rendered":"<p>Vino de postre de frutas y bayas elaborado con un 75% de granada y un 15% de manzana, dulce. alc. 12,5% vol. 0,75 litros. Contiene sulfitos. Conservar en un lugar fresco y oscuro. No recomendado para mujeres embarazadas y lactantes, as\u00ed como para ni\u00f1os menores de 16 a\u00f1os. Origen: Armenia. Importador: Lackmann Fleisch- und Feinkostfabrik [&hellip;]<\/p>\n","protected":false},"featured_media":1315,"template":"","meta":{"inline_featured_image":false},"product_brand":[],"product_cat":[179,180],"product_tag":[],"class_list":{"0":"post-2495","1":"product","2":"type-product","3":"status-publish","4":"has-post-thumbnail","6":"product_cat-bebidas-alcoholicas","7":"product_cat-vino-es","9":"first","10":"instock","11":"shipping-taxable","12":"purchasable","13":"product-type-simple"},"acf":[],"_links":{"self":[{"href":"https:\/\/kalinkamagazin.com\/es\/wp-json\/wp\/v2\/product\/2495","targetHints":{"allow":["GET"]}}],"collection":[{"href":"https:\/\/kalinkamagazin.com\/es\/wp-json\/wp\/v2\/product"}],"about":[{"href":"https:\/\/kalinkamagazin.com\/es\/wp-json\/wp\/v2\/types\/product"}],"wp:featuredmedia":[{"embeddable":true,"href":"https:\/\/kalinkamagazin.com\/es\/wp-json\/wp\/v2\/media\/1315"}],"wp:attachment":[{"href":"https:\/\/kalinkamagazin.com\/es\/wp-json\/wp\/v2\/media?parent=2495"}],"wp:term":[{"taxonomy":"product_brand","embeddable":true,"href":"https:\/\/kalinkamagazin.com\/es\/wp-json\/wp\/v2\/product_brand?post=2495"},{"taxonomy":"product_cat","embeddable":true,"href":"https:\/\/kalinkamagazin.com\/es\/wp-json\/wp\/v2\/product_cat?post=2495"},{"taxonomy":"product_tag","embeddable":true,"href":"https:\/\/kalinkamagazin.com\/es\/wp-json\/wp\/v2\/product_tag?post=2495"}],"curies":[{"name":"wp","href":"https:\/\/api.w.org\/{rel}","templated":true}]}}