{"id":2499,"date":"2026-01-29T16:39:54","date_gmt":"2026-01-29T13:39:54","guid":{"rendered":"https:\/\/kalinkamagazin.com\/product\/2319-tarta-en-capas-con-relleno-de-crema-52-con-miel-4-y-con-nueces-1-es\/"},"modified":"2026-01-29T17:05:49","modified_gmt":"2026-01-29T14:05:49","slug":"2319-tarta-en-capas-con-relleno-de-crema-52-con-miel-4-y-con-nueces-1-es","status":"publish","type":"product","link":"https:\/\/kalinkamagazin.com\/es\/product\/2319-tarta-en-capas-con-relleno-de-crema-52-con-miel-4-y-con-nueces-1-es\/","title":{"rendered":"Tarta en capas con relleno de crema (52%), con miel (4%) y con nueces (1%)."},"content":{"rendered":"<p>Pastel de capas con relleno de crema (52%), con miel (4%) y nueces (1%). Ingredientes: Leche condensada azucarada con cacao (leche, az\u00facar, jarabe de glucosa, cacao en polvo bajo en grasa), harina de trigo enriquecida (harina de trigo, fumarato ferroso, vitamina B5, vitamina B1, \u00e1cido f\u00f3lico, vitamina B2), margarina (aceite de palma, agua potable, aceite de coco totalmente hidrogenado, aceite de colza, emulgente: (E471, <b>E322<\/b>), sal comestible, regulador de acidez: (E330), aroma), az\u00facar, huevo entero, miel, aceite de colza, nueces, <\/b>Agua potable, jarabe de caramelo, levadura qu\u00edmica: (E500), aroma natural (vainilla, <b>nuez<\/b>), <\/b>aroma. Este producto puede contener trazas de: <b>soja<\/b>. Envasado en un ambiente protector. Precauci\u00f3n: el envase contiene una bolsa con sustancias desecantes. No es comestible. Por lo tanto, tras abrir el envase, la bolsa debe desecharse en la basura. Consumir preferentemente antes de: ver el campo blanco. Ventas: MARLENKA international s. r. o., Valc\u00ed\u0159sk\u00e1 434, 738 01 Fr\u00fddek-M\u00edstek, Rep\u00fablica Checa. <!--NWT-Text-->Valor nutricional por 100 g: Valor energ\u00e9tico: 1784 kJ \/ 426 kcal, Grasas: 21 g, de las cuales saturadas: 12 g, Hidratos de carbono: 51 g, de los cuales az\u00facares: 38 g, Prote\u00ednas: 6,0 g, Sal: 0,40 g, <!--NWT-Table--><\/p>\n<table>\n<tbody>\n<tr>\n<td colspan=\"2\">Valor nutricional por 100 g:<\/td>\n<\/tr>\n<tr>\n<td>Valor energ\u00e9tico:<\/td>\n<td align = \"right\">1784 kJ\/426 kcal<\/td>\n<\/tr>\n<tr>\n<td>Grasas:<\/td>\n<td align = \"right\">21 g<\/td>\n<\/tr>\n<tr>\n<td>de las cuales saturadas:<\/td>\n<td align = \"right\">12g<\/td>\n<\/tr>\n<tr>\n<td>Hidratos de carbono:<\/td>\n<td align = \"right\">51g<\/td>\n<\/tr>\n<tr>\n<td>- de los cuales az\u00facares:<\/td>\n<td align = \"right\">38g<\/td>\n<\/tr>\n<tr>\n<td>Prote\u00ednas:<\/td>\n<td align = \"right\">6,0g<\/td>\n<\/tr>\n<tr>\n<td>Sal:<\/td>\n<td align = \"right\">0,40g<\/td>\n<\/tr>\n<\/tbody>\n<\/table>\n<p> <!--Bezeichnung-->Pastel de capas con relleno de crema (52%), con miel (4%) y con nueces (1%).<\/p>\n","protected":false},"excerpt":{"rendered":"<p>Pastel de capas con relleno de crema (52%), con miel (4%) y nueces (1%). Ingredientes: Leche condensada azucarada con cacao (leche, az\u00facar, jarabe de glucosa, cacao en polvo bajo en grasa), harina de trigo enriquecida (harina de trigo, fumarato ferroso, vitamina B5, vitamina B1, \u00e1cido f\u00f3lico, vitamina B2), margarina (aceite de palma, agua potable, aceite [&hellip;]<\/p>\n","protected":false},"featured_media":1351,"template":"","meta":{"inline_featured_image":false},"product_brand":[],"product_cat":[238,247],"product_tag":[],"class_list":{"0":"post-2499","1":"product","2":"type-product","3":"status-publish","4":"has-post-thumbnail","6":"product_cat-dulces-y-reposteria","7":"product_cat-pasteles-tartas","9":"first","10":"instock","11":"shipping-taxable","12":"purchasable","13":"product-type-simple"},"acf":[],"_links":{"self":[{"href":"https:\/\/kalinkamagazin.com\/es\/wp-json\/wp\/v2\/product\/2499","targetHints":{"allow":["GET"]}}],"collection":[{"href":"https:\/\/kalinkamagazin.com\/es\/wp-json\/wp\/v2\/product"}],"about":[{"href":"https:\/\/kalinkamagazin.com\/es\/wp-json\/wp\/v2\/types\/product"}],"wp:featuredmedia":[{"embeddable":true,"href":"https:\/\/kalinkamagazin.com\/es\/wp-json\/wp\/v2\/media\/1351"}],"wp:attachment":[{"href":"https:\/\/kalinkamagazin.com\/es\/wp-json\/wp\/v2\/media?parent=2499"}],"wp:term":[{"taxonomy":"product_brand","embeddable":true,"href":"https:\/\/kalinkamagazin.com\/es\/wp-json\/wp\/v2\/product_brand?post=2499"},{"taxonomy":"product_cat","embeddable":true,"href":"https:\/\/kalinkamagazin.com\/es\/wp-json\/wp\/v2\/product_cat?post=2499"},{"taxonomy":"product_tag","embeddable":true,"href":"https:\/\/kalinkamagazin.com\/es\/wp-json\/wp\/v2\/product_tag?post=2499"}],"curies":[{"name":"wp","href":"https:\/\/api.w.org\/{rel}","templated":true}]}}