{"id":2500,"date":"2026-01-29T16:39:51","date_gmt":"2026-01-29T13:39:51","guid":{"rendered":"https:\/\/kalinkamagazin.com\/product\/2324-bolitas-dulces-con-relleno-15-con-miel-3-y-con-nueces-2-es\/"},"modified":"2026-01-29T17:05:46","modified_gmt":"2026-01-29T14:05:46","slug":"2324-bolitas-dulces-con-relleno-15-con-miel-3-y-con-nueces-2-es","status":"publish","type":"product","link":"https:\/\/kalinkamagazin.com\/es\/product\/2324-bolitas-dulces-con-relleno-15-con-miel-3-y-con-nueces-2-es\/","title":{"rendered":"Bolitas dulces con relleno (15%), con miel (3%) y con nueces (2%)."},"content":{"rendered":"<p>Caramelos en forma de bola con relleno (15%), miel (3%) y nueces (2%). Ingredientes: Leche condensada azucarada con cacao (leche, az\u00facar, jarabe de glucosa, cacao en polvo bajo en grasa), margarina (aceite de palma, agua potable, aceite de coco totalmente hidrogenado, aceite de colza, emulgente: (E471, E322), sal de mesa, regulador de acidez: (E330), aroma), harina de trigo enriquecida (harina de trigo, fumarato de hierro, vitamina B5, \u00e1cido f\u00f3lico, vitamina B1, vitamina B2), az\u00facar, huevo en polvo, miel, nueces, crema vegetal batida (az\u00facar, grasas y aceites vegetales (palmiste, palma, manteca de karit\u00e9), leche desnatada en polvo, producto de suero de leche, emulgente: (E476, lecitina, (soja)), aroma), agua potable, aceite de colza, polvo para hornear: (E500), jarabe de caramelo, almid\u00f3n de trigo, aroma natural (nuez), yema de huevo deshidratada, crema batida (almid\u00f3n de trigo, aceite de colza, aceite de palma, huevo en polvo, almid\u00f3n de ma\u00edz, jarabe de almid\u00f3n, Prote\u00edna, levadura qu\u00edmica (E500, E339), prote\u00ednas de la leche, sal de mesa), vinagre de esencia de vinagre, sal de mesa, aroma, yema de huevo deshidratada, corrector de acidez (E330), aroma natural de vainilla, especias. Envasado en atm\u00f3sfera protectora. Precauci\u00f3n: El envase contiene una bolsa con desecantes. No es comestible. Por lo tanto, tras abrir el envase, la bolsa debe desecharse en la basura. A \u2264 24 \u00b0C. Consumir preferentemente antes del: ver campo blanco. Distribuci\u00f3n: MARLENKA international s. r. o., Valc\u00ed\u0159sk\u00e1 434, 738 01 Fr\u00fddek-M\u00edstek, Rep\u00fablica Checa. <!--NWT-Text-->Valor nutricional por 100 g: Valor energ\u00e9tico: 1713 kJ \/ 409 kcal, Grasas: 21 g, de las cuales saturadas: 13 g, Hidratos de carbono: 49 g, de los cuales az\u00facares: 38 g, Prote\u00ednas: 6,2 g, Sal: 0,55 g, <!--NWT-Table--><\/p>\n<table>\n<tbody>\n<tr>\n<td colspan=\"2\">Valor nutricional por 100 g:<\/td>\n<\/tr>\n<tr>\n<td>Valor energ\u00e9tico:<\/td>\n<td align = \"right\">1713 kJ\/409 kcal<\/td>\n<\/tr>\n<tr>\n<td>Grasas:<\/td>\n<td align = \"right\">21 g<\/td>\n<\/tr>\n<tr>\n<td>de las cuales saturadas:<\/td>\n<td align = \"right\">13 g<\/td>\n<\/tr>\n<tr>\n<td>Hidratos de carbono:<\/td>\n<td align = \"right\">49 g<\/td>\n<\/tr>\n<tr>\n<td>- de los cuales az\u00facares:<\/td>\n<td align = \"right\">38 g<\/td>\n<\/tr>\n<tr>\n<td>Prote\u00ednas:<\/td>\n<td align = \"right\">6,2 g<\/td>\n<\/tr>\n<tr>\n<td>Sal:<\/td>\n<td align = \"right\">0,55 g<\/td>\n<\/tr>\n<\/tbody>\n<\/table>\n<p> <!--Bezeichnung-->Bolas de caramelo con relleno (15 %), con miel (3 %) y con nueces (2 %).<\/p>\n","protected":false},"excerpt":{"rendered":"<p>Caramelos en forma de bola con relleno (15%), miel (3%) y nueces (2%). Ingredientes: Leche condensada azucarada con cacao (leche, az\u00facar, jarabe de glucosa, cacao en polvo bajo en grasa), margarina (aceite de palma, agua potable, aceite de coco totalmente hidrogenado, aceite de colza, emulgente: (E471, E322), sal de mesa, regulador de acidez: (E330), aroma), [&hellip;]<\/p>\n","protected":false},"featured_media":1354,"template":"","meta":{"inline_featured_image":false},"product_brand":[],"product_cat":[238,247],"product_tag":[],"class_list":{"0":"post-2500","1":"product","2":"type-product","3":"status-publish","4":"has-post-thumbnail","6":"product_cat-dulces-y-reposteria","7":"product_cat-pasteles-tartas","9":"first","10":"instock","11":"shipping-taxable","12":"purchasable","13":"product-type-simple"},"acf":[],"_links":{"self":[{"href":"https:\/\/kalinkamagazin.com\/es\/wp-json\/wp\/v2\/product\/2500","targetHints":{"allow":["GET"]}}],"collection":[{"href":"https:\/\/kalinkamagazin.com\/es\/wp-json\/wp\/v2\/product"}],"about":[{"href":"https:\/\/kalinkamagazin.com\/es\/wp-json\/wp\/v2\/types\/product"}],"wp:featuredmedia":[{"embeddable":true,"href":"https:\/\/kalinkamagazin.com\/es\/wp-json\/wp\/v2\/media\/1354"}],"wp:attachment":[{"href":"https:\/\/kalinkamagazin.com\/es\/wp-json\/wp\/v2\/media?parent=2500"}],"wp:term":[{"taxonomy":"product_brand","embeddable":true,"href":"https:\/\/kalinkamagazin.com\/es\/wp-json\/wp\/v2\/product_brand?post=2500"},{"taxonomy":"product_cat","embeddable":true,"href":"https:\/\/kalinkamagazin.com\/es\/wp-json\/wp\/v2\/product_cat?post=2500"},{"taxonomy":"product_tag","embeddable":true,"href":"https:\/\/kalinkamagazin.com\/es\/wp-json\/wp\/v2\/product_tag?post=2500"}],"curies":[{"name":"wp","href":"https:\/\/api.w.org\/{rel}","templated":true}]}}