{"id":2501,"date":"2026-01-29T16:39:47","date_gmt":"2026-01-29T13:39:47","guid":{"rendered":"https:\/\/kalinkamagazin.com\/product\/2327-dulce-de-harina-con-relleno-de-crema-40-con-miel-03-es\/"},"modified":"2026-01-29T17:05:42","modified_gmt":"2026-01-29T14:05:42","slug":"2327-dulce-de-harina-con-relleno-de-crema-40-con-miel-03-es","status":"publish","type":"product","link":"https:\/\/kalinkamagazin.com\/es\/product\/2327-dulce-de-harina-con-relleno-de-crema-40-con-miel-03-es\/","title":{"rendered":"Dulce de harina con relleno de crema (40%) con miel (0,3%)."},"content":{"rendered":"<p>Confiter\u00eda con relleno de crema (40%) con miel (0,3%). Ingredientes: margarina (aceite de palma, agua potable, aceite de coco totalmente hidrogenado, aceite de colza, emulgente: (E471, <b>E322<\/b>), <\/b>sal de mesa, regulador de acidez: E330, aroma), <b>leche condensada azucarada<\/b><b>(leche, <\/b>az\u00facar, <\/b>jarabe de glucosa), harina de trigo enriquecida <b>(harina de trigo, <\/b>fumarato de hierro, <\/b>vitamina B5, <\/b>\u00e1cido f\u00f3lico, <\/b>vitamina B1, <\/b>vitamina B2), agua potable, az\u00facar, <b>yema de huevo deshidratada, <\/b>miel, vinagre, <\/b>sal de mesa, aroma, aroma natural de vainilla, emulgente: (lecitina de soja). Este producto puede contener trazas de: <b>nueces<\/b>. Envasado en un ambiente protector. Precauci\u00f3n: El envase contiene una bolsa con desecante. No es comestible. Por lo tanto, tras abrir el envase, deseche la bolsa. Consumir preferentemente antes de: ver el campo blanco. Distribuci\u00f3n: MARLENKA international s. r. o., Valc\u00ed\u0159sk\u00e1 434, 738 01 Fr\u00fddek-M\u00edstek, Rep\u00fablica Checa. <!--NWT-Text-->Valor nutricional por 100 g: Valor energ\u00e9tico: 2126 kJ \/ 508 kcal, Grasas: 35 g, de las cuales saturadas: 20 g, Hidratos de carbono: 40 g, de los cuales az\u00facares: 20 g, Prote\u00ednas: 6,0 g, Sal: 0,40 g, <!--NWT-Table--><\/p>\n<table>\n<tbody>\n<tr>\n<td colspan=\"2\">Valor nutricional por 100 g:<\/td>\n<\/tr>\n<tr>\n<td>Valor energ\u00e9tico:<\/td>\n<td align = \"right\">2126 kJ\/508 kcal<\/td>\n<\/tr>\n<tr>\n<td>Grasas:<\/td>\n<td align = \"right\">35 g<\/td>\n<\/tr>\n<tr>\n<td>de las cuales saturadas:<\/td>\n<td align = \"right\">20g<\/td>\n<\/tr>\n<tr>\n<td>Hidratos de carbono:<\/td>\n<td align = \"right\">40g<\/td>\n<\/tr>\n<tr>\n<td>- de los cuales az\u00facares:<\/td>\n<td align = \"right\">20g<\/td>\n<\/tr>\n<tr>\n<td>Prote\u00ednas:<\/td>\n<td align = \"right\">6,0g<\/td>\n<\/tr>\n<tr>\n<td>Sal:<\/td>\n<td align = \"right\">0,40g<\/td>\n<\/tr>\n<\/tbody>\n<\/table>\n<p> <!--Bezeichnung-->Confiter\u00eda con relleno de crema (40%) con miel (0,3%).<\/p>\n","protected":false},"excerpt":{"rendered":"<p>Confiter\u00eda con relleno de crema (40%) con miel (0,3%). Ingredientes: margarina (aceite de palma, agua potable, aceite de coco totalmente hidrogenado, aceite de colza, emulgente: (E471, E322), sal de mesa, regulador de acidez: E330, aroma), leche condensada azucarada(leche, az\u00facar, jarabe de glucosa), harina de trigo enriquecida (harina de trigo, fumarato de hierro, vitamina B5, \u00e1cido [&hellip;]<\/p>\n","protected":false},"featured_media":1357,"template":"","meta":{"inline_featured_image":false},"product_brand":[],"product_cat":[238,247],"product_tag":[],"class_list":{"0":"post-2501","1":"product","2":"type-product","3":"status-publish","4":"has-post-thumbnail","6":"product_cat-dulces-y-reposteria","7":"product_cat-pasteles-tartas","9":"first","10":"instock","11":"shipping-taxable","12":"purchasable","13":"product-type-simple"},"acf":[],"_links":{"self":[{"href":"https:\/\/kalinkamagazin.com\/es\/wp-json\/wp\/v2\/product\/2501","targetHints":{"allow":["GET"]}}],"collection":[{"href":"https:\/\/kalinkamagazin.com\/es\/wp-json\/wp\/v2\/product"}],"about":[{"href":"https:\/\/kalinkamagazin.com\/es\/wp-json\/wp\/v2\/types\/product"}],"wp:featuredmedia":[{"embeddable":true,"href":"https:\/\/kalinkamagazin.com\/es\/wp-json\/wp\/v2\/media\/1357"}],"wp:attachment":[{"href":"https:\/\/kalinkamagazin.com\/es\/wp-json\/wp\/v2\/media?parent=2501"}],"wp:term":[{"taxonomy":"product_brand","embeddable":true,"href":"https:\/\/kalinkamagazin.com\/es\/wp-json\/wp\/v2\/product_brand?post=2501"},{"taxonomy":"product_cat","embeddable":true,"href":"https:\/\/kalinkamagazin.com\/es\/wp-json\/wp\/v2\/product_cat?post=2501"},{"taxonomy":"product_tag","embeddable":true,"href":"https:\/\/kalinkamagazin.com\/es\/wp-json\/wp\/v2\/product_tag?post=2501"}],"curies":[{"name":"wp","href":"https:\/\/api.w.org\/{rel}","templated":true}]}}