{"id":2502,"date":"2026-01-29T16:39:44","date_gmt":"2026-01-29T13:39:44","guid":{"rendered":"https:\/\/kalinkamagazin.com\/product\/2332-is-h135-efta-hgado-de-bacalao-pat-con-carne-de-bacalao-es\/"},"modified":"2026-01-29T17:05:39","modified_gmt":"2026-01-29T14:05:39","slug":"2332-is-h135-efta-hgado-de-bacalao-pat-con-carne-de-bacalao-es","status":"publish","type":"product","link":"https:\/\/kalinkamagazin.com\/es\/product\/2332-is-h135-efta-hgado-de-bacalao-pat-con-carne-de-bacalao-es\/","title":{"rendered":"IS H135 EFTA. H\u00edgado de bacalao pat\u00e9 con carne de bacalao."},"content":{"rendered":"<p>IS H135 EFTA. Pat\u00e9 de h\u00edgado de bacalao con carne de bacalao. Zona de pesca: Bacalao (Gadus Morhua): Atl\u00e1ntico Nororiental (FAO 27.5), Plataforma Islandesa. M\u00e9todo de captura: anzuelos y anzuelos de fondo, redes de cerco y redes de enmalle. Ingredientes: H\u00edgado de bacalao 74 %, carne de bacalao 13 %, agua potable, huevo en polvo, leche desnatada en polvo, cebolla en polvo, sal, especias, potenciador del sabor (E621), colorante (E170). Conservar en un lugar fresco y seco. Una vez abierto, refrigerar y consumir lo antes posible. Distribuci\u00f3n: Lackmann Fleisch- und Feinkostfabrik GmbH, Carl Benz Stra\u00dfe 10, 77731 Willst\u00e4tt, Alemania. La vida \u00fatil m\u00ednima en envases sin abrir es de hasta: ver impresi\u00f3n, segunda l\u00ednea. <!--NWT-Text-->Valor nutricional por 100 g: Valor energ\u00e9tico: 1854 kJ \/ 443 kcal, Grasas: 44 g, de las cuales saturadas: 7,3 g, Hidratos de carbono: 2,7 g, de los cuales az\u00facares: 1,4 g, Prote\u00ednas: 9,3 g, Sal: 1,0 g, <!--NWT-Table--><\/p>\n<table>\n<tbody>\n<tr>\n<td colspan=\"2\">Valor nutricional por 100 g:<\/td>\n<\/tr>\n<tr>\n<td>Valor energ\u00e9tico:<\/td>\n<td align = \"right\">1854 kJ\/443 kcal<\/td>\n<\/tr>\n<tr>\n<td>Grasas:<\/td>\n<td align = \"right\">44 g<\/td>\n<\/tr>\n<tr>\n<td>de las cuales saturadas:<\/td>\n<td align = 7,3 g. Hidratos de carbono: 2,7 g, de los cuales az\u00facares: 1,4 g. Prote\u00ednas: 9,3 g. Sal: 1,0 g. IS H135 EFTA. Pat\u00e9 de h\u00edgado de bacalao con carne de bacalao. \n\n","protected":false},"excerpt":{"rendered":"<p>IS H135 EFTA. Pat\u00e9 de h\u00edgado de bacalao con carne de bacalao. Zona de pesca: Bacalao (Gadus Morhua): Atl\u00e1ntico Nororiental (FAO 27.5), Plataforma Islandesa. M\u00e9todo de captura: anzuelos y anzuelos de fondo, redes de cerco y redes de enmalle. Ingredientes: H\u00edgado de bacalao 74 %, carne de bacalao 13 %, agua potable, huevo en polvo, [&hellip;]<\/p>\n","protected":false},"featured_media":1360,"template":"","meta":{"inline_featured_image":false},"product_brand":[],"product_cat":[234,232],"product_tag":[],"class_list":{"0":"post-2502","1":"product","2":"type-product","3":"status-publish","4":"has-post-thumbnail","6":"product_cat-conservas-de-pescado","7":"product_cat-pescado-y-productos-de-pescado","9":"first","10":"instock","11":"shipping-taxable","12":"purchasable","13":"product-type-simple"},"acf":[],"_links":{"self":[{"href":"https:\/\/kalinkamagazin.com\/es\/wp-json\/wp\/v2\/product\/2502","targetHints":{"allow":["GET"]}}],"collection":[{"href":"https:\/\/kalinkamagazin.com\/es\/wp-json\/wp\/v2\/product"}],"about":[{"href":"https:\/\/kalinkamagazin.com\/es\/wp-json\/wp\/v2\/types\/product"}],"wp:featuredmedia":[{"embeddable":true,"href":"https:\/\/kalinkamagazin.com\/es\/wp-json\/wp\/v2\/media\/1360"}],"wp:attachment":[{"href":"https:\/\/kalinkamagazin.com\/es\/wp-json\/wp\/v2\/media?parent=2502"}],"wp:term":[{"taxonomy":"product_brand","embeddable":true,"href":"https:\/\/kalinkamagazin.com\/es\/wp-json\/wp\/v2\/product_brand?post=2502"},{"taxonomy":"product_cat","embeddable":true,"href":"https:\/\/kalinkamagazin.com\/es\/wp-json\/wp\/v2\/product_cat?post=2502"},{"taxonomy":"product_tag","embeddable":true,"href":"https:\/\/kalinkamagazin.com\/es\/wp-json\/wp\/v2\/product_tag?post=2502"}],"curies":[{"name":"wp","href":"https:\/\/api.w.org\/{rel}","templated":true}]}}