{"id":2503,"date":"2026-01-29T16:39:40","date_gmt":"2026-01-29T13:39:40","guid":{"rendered":"https:\/\/kalinkamagazin.com\/product\/2337-bremas-abramis-brama-salado-y-deshidratado-ultracongelado-con-cabeza-sin-eviscerar-es\/"},"modified":"2026-01-29T17:05:34","modified_gmt":"2026-01-29T14:05:34","slug":"2337-bremas-abramis-brama-salado-y-deshidratado-ultracongelado-con-cabeza-sin-eviscerar-es","status":"publish","type":"product","link":"https:\/\/kalinkamagazin.com\/es\/product\/2337-bremas-abramis-brama-salado-y-deshidratado-ultracongelado-con-cabeza-sin-eviscerar-es\/","title":{"rendered":"Bremas (Abramis brama) salado y deshidratado, ultracongelado. Con cabeza, sin eviscerar."},"content":{"rendered":"<p>Dorada (Abramis brama), salada y seca, congelada. Con cabeza, sin eviscerar. Se vende solo sin envasar. Ingredientes: Dorada, sal comestible. Producto de pesca continental: Ucrania, embalse de Kremenchuk. M\u00e9todo de captura: redes de colado y elevadores de peces. Pa\u00eds de origen: Ucrania. No volver a congelar el producto descongelado. Ventas: Lackmann Fleisch- und Feinkostfabrik GmbH, Carl Benz Stra\u00dfe 10, 77731 Willst\u00e4tt, Alemania. Vida \u00fatil a \u2264 -18 \u00b0C hasta: <!--NWT-Text-->Valor nutricional por 100 g: Valor energ\u00e9tico: 936 kJ \/ 222 kcal, Grasas: 6,0 g, - de las cuales \u00e1cidos grasos saturados: 1,2 g, Carbohidratos: 0 g, - de los cuales az\u00facares: 0 g, Prote\u00ednas: 42 g, Sal: 13,0 g, <!--NWT-Table--><\/p>\n<table>\n<tbody>\n<tr>\n<td colspan=\"2\">Valor nutricional por 100 g:<\/td>\n<\/tr>\n<tr>\n<td>Valor energ\u00e9tico:<\/td>\n<td align = \"right\">936 kJ \/ 222 kcal<\/td>\n<\/tr>\n<tr>\n<td>Grasas:<\/td>\n<td align = \"right\">6,0 g<\/td>\n<\/tr>\n<tr>\n<td>- de las cuales \u00e1cidos grasos saturados \u00c1cidos:<\/td>\n<td align = \"right\">1,2 g<\/td>\n<\/tr>\n<tr>\n<td>Hidratos de carbono:<\/td>\n<td align = \"right\">0 g<\/td>\n<\/tr>\n<tr>\n<td>- de los cuales az\u00facares:<\/td>\n<td align = \"right\">0 g<\/td>\n<\/tr>\n<tr>\n<td>Prote\u00ednas:<\/td>\n<td align = \"right\">42 g<\/td>\n<\/tr>\n<tr>\n<td>Sal:<\/td>\n<td align = \"right\">13,0 g<\/td>\n<\/tr>\n<\/tbody>\n<\/table>\n<p> <!--Bezeichnung-->Dorada (Abramis brama), salada y seca, congelada. Con cabeza, sin eviscerar.<\/p>\n","protected":false},"excerpt":{"rendered":"<p>Dorada (Abramis brama), salada y seca, congelada. Con cabeza, sin eviscerar. Se vende solo sin envasar. Ingredientes: Dorada, sal comestible. Producto de pesca continental: Ucrania, embalse de Kremenchuk. M\u00e9todo de captura: redes de colado y elevadores de peces. Pa\u00eds de origen: Ucrania. No volver a congelar el producto descongelado. Ventas: Lackmann Fleisch- und Feinkostfabrik GmbH, [&hellip;]<\/p>\n","protected":false},"featured_media":1363,"template":"","meta":{"inline_featured_image":false},"product_brand":[],"product_cat":[232,237],"product_tag":[],"class_list":{"0":"post-2503","1":"product","2":"type-product","3":"status-publish","4":"has-post-thumbnail","6":"product_cat-pescado-y-productos-de-pescado","7":"product_cat-salado-ahumado-seco-curado","9":"first","10":"instock","11":"shipping-taxable","12":"purchasable","13":"product-type-simple"},"acf":[],"_links":{"self":[{"href":"https:\/\/kalinkamagazin.com\/es\/wp-json\/wp\/v2\/product\/2503","targetHints":{"allow":["GET"]}}],"collection":[{"href":"https:\/\/kalinkamagazin.com\/es\/wp-json\/wp\/v2\/product"}],"about":[{"href":"https:\/\/kalinkamagazin.com\/es\/wp-json\/wp\/v2\/types\/product"}],"wp:featuredmedia":[{"embeddable":true,"href":"https:\/\/kalinkamagazin.com\/es\/wp-json\/wp\/v2\/media\/1363"}],"wp:attachment":[{"href":"https:\/\/kalinkamagazin.com\/es\/wp-json\/wp\/v2\/media?parent=2503"}],"wp:term":[{"taxonomy":"product_brand","embeddable":true,"href":"https:\/\/kalinkamagazin.com\/es\/wp-json\/wp\/v2\/product_brand?post=2503"},{"taxonomy":"product_cat","embeddable":true,"href":"https:\/\/kalinkamagazin.com\/es\/wp-json\/wp\/v2\/product_cat?post=2503"},{"taxonomy":"product_tag","embeddable":true,"href":"https:\/\/kalinkamagazin.com\/es\/wp-json\/wp\/v2\/product_tag?post=2503"}],"curies":[{"name":"wp","href":"https:\/\/api.w.org\/{rel}","templated":true}]}}