{"id":2504,"date":"2026-01-29T16:39:33","date_gmt":"2026-01-29T13:39:33","guid":{"rendered":"https:\/\/kalinkamagazin.com\/product\/2700-queso-trenzado-ahumado-salado-45-grasa-en-el-extracto-seca-es\/"},"modified":"2026-01-29T17:05:27","modified_gmt":"2026-01-29T14:05:27","slug":"2700-queso-trenzado-ahumado-salado-45-grasa-en-el-extracto-seca-es","status":"publish","type":"product","link":"https:\/\/kalinkamagazin.com\/es\/product\/2700-queso-trenzado-ahumado-salado-45-grasa-en-el-extracto-seca-es\/","title":{"rendered":"Queso trenzado, ahumado, salado. 45% grasa en el extracto seca."},"content":{"rendered":"<p>Queso de cola de cerdo, ahumado y salado. 45 % de grasa en extracto seco. Ingredientes: <b>queso<\/b> (leche pasteurizada, estabilizante: cloruro de calcio, bacterias l\u00e1cticas, cuajo microbiol\u00f3gico, colorante (E160a)), sal, humo. Envasado en atm\u00f3sfera protectora. La opci\u00f3n de presentaci\u00f3n se muestra en la imagen. Conservaci\u00f3n a +2 \u00b0C - +6 \u00b0C hasta: Ver anverso, campo blanco. Valor nutricional por 100 g: fibra diet\u00e9tica: 0,2 g. Fabricante: <!--NWT-Text-->Valor nutricional por 100 g: Valor energ\u00e9tico: 1384 kJ \/ 333 kcal, Grasas: 25 g, de las cuales saturadas: 17 g, Hidratos de carbono: 1,6 g, de los cuales az\u00facares: <0,5 g, Prote\u00ednas: 25 g, Sal: 3,8 g, <!--NWT-Table--><\/p>\n<table>\n<tbody>\n<tr>\n<td colspan=\"2\">Valor nutricional por 100 g:<\/td>\n<\/tr>\n<tr>\n<td>Valor energ\u00e9tico:<\/td>\n<td align = \"right\">1384 kJ\/333 kcal<\/td>\n<\/tr>\n<tr>\n<td>Grasas:<\/td>\n<td align = \"right\">25 g<\/td>\n<\/tr>\n<tr>\n<td>de las cuales saturadas:<\/td>\n<td align = \"right\">17 g<\/td>\n<\/tr>\n<tr>\n<td>Hidratos de carbono:<\/td>\n<td align = \"right\">1,6 g<\/td>\n<\/tr>\n<tr>\n<td>- de los cuales az\u00facares:<\/td>\n<td align = \"right\"><0,5 g<\/td>\n<\/tr>\n<tr>\n<td>Prote\u00ednas:<\/td>\n<td align = \"right\">25 g<\/td>\n<\/tr>\n<tr>\n<td>Sal:<\/td>\n<td align = \"right\">3,8 g<\/td>\n<\/tr>\n<\/tbody>\n<\/table>\n<p> <!--Bezeichnung-->Queso de cola de cerdo, ahumado, salado. 45 % de grasa en extracto seco. .<\/p>\n","protected":false},"excerpt":{"rendered":"<p>Queso de cola de cerdo, ahumado y salado. 45 % de grasa en extracto seco. Ingredientes: queso (leche pasteurizada, estabilizante: cloruro de calcio, bacterias l\u00e1cticas, cuajo microbiol\u00f3gico, colorante (E160a)), sal, humo. Envasado en atm\u00f3sfera protectora. La opci\u00f3n de presentaci\u00f3n se muestra en la imagen. Conservaci\u00f3n a +2 \u00b0C - +6 \u00b0C hasta: Ver anverso, campo [&hellip;]<\/p>\n","protected":false},"featured_media":1369,"template":"","meta":{"inline_featured_image":false},"product_brand":[],"product_cat":[218,220],"product_tag":[],"class_list":{"0":"post-2504","1":"product","2":"type-product","3":"status-publish","4":"has-post-thumbnail","6":"product_cat-productos-lacteos","7":"product_cat-productos-lacteos-fermentados","9":"first","10":"instock","11":"shipping-taxable","12":"purchasable","13":"product-type-simple"},"acf":[],"_links":{"self":[{"href":"https:\/\/kalinkamagazin.com\/es\/wp-json\/wp\/v2\/product\/2504","targetHints":{"allow":["GET"]}}],"collection":[{"href":"https:\/\/kalinkamagazin.com\/es\/wp-json\/wp\/v2\/product"}],"about":[{"href":"https:\/\/kalinkamagazin.com\/es\/wp-json\/wp\/v2\/types\/product"}],"wp:featuredmedia":[{"embeddable":true,"href":"https:\/\/kalinkamagazin.com\/es\/wp-json\/wp\/v2\/media\/1369"}],"wp:attachment":[{"href":"https:\/\/kalinkamagazin.com\/es\/wp-json\/wp\/v2\/media?parent=2504"}],"wp:term":[{"taxonomy":"product_brand","embeddable":true,"href":"https:\/\/kalinkamagazin.com\/es\/wp-json\/wp\/v2\/product_brand?post=2504"},{"taxonomy":"product_cat","embeddable":true,"href":"https:\/\/kalinkamagazin.com\/es\/wp-json\/wp\/v2\/product_cat?post=2504"},{"taxonomy":"product_tag","embeddable":true,"href":"https:\/\/kalinkamagazin.com\/es\/wp-json\/wp\/v2\/product_tag?post=2504"}],"curies":[{"name":"wp","href":"https:\/\/api.w.org\/{rel}","templated":true}]}}