{"id":2505,"date":"2026-01-29T16:39:25","date_gmt":"2026-01-29T13:39:25","guid":{"rendered":"https:\/\/kalinkamagazin.com\/product\/2709-queso-trenzado-queso-semiduro-palitos-salado-45-grasa-en-el-extracto-seca-es\/"},"modified":"2026-01-29T17:05:19","modified_gmt":"2026-01-29T14:05:19","slug":"2709-queso-trenzado-queso-semiduro-palitos-salado-45-grasa-en-el-extracto-seca-es","status":"publish","type":"product","link":"https:\/\/kalinkamagazin.com\/es\/product\/2709-queso-trenzado-queso-semiduro-palitos-salado-45-grasa-en-el-extracto-seca-es\/","title":{"rendered":"Queso trenzado (queso semiduro) Palitos, salado. 45% grasa en el extracto seca"},"content":{"rendered":"<p>Queso de cola de cerdo, salado. 45 % de grasa en extracto seco. Ingredientes: <b>queso<\/b><b>(leche,<\/b> estabilizante: cloruro de calcio, bacterias l\u00e1cticas, cuajo microbiol\u00f3gico, colorante (E160a)), sal. Envasado en atm\u00f3sfera protectora. La opci\u00f3n de presentaci\u00f3n se muestra en la imagen. Conservaci\u00f3n a +2 \u00b0C - +6 \u00b0C hasta: Ver el recuadro blanco del anverso. Fabricante: Valor nutricional por 100 g: fibra diet\u00e9tica: 0,2 g. <!--NWT-Text-->Valor nutricional por 100 g: Valor energ\u00e9tico: 1353 kJ \/ 326 kcal, Grasas: 25 g, de las cuales saturadas: 17 g, Hidratos de carbono: 1,4 g, de los cuales az\u00facares: <0,5 g, Prote\u00ednas: 24 g, Sal: 3,8 g, <!--NWT-Table--><\/p>\n<table>\n<tbody>\n<tr>\n<td colspan=\"2\">Valor nutricional por 100 g:<\/td>\n<\/tr>\n<tr>\n<td>Valor energ\u00e9tico:<\/td>\n<td align = \"right\">1353 kJ\/326 kcal<\/td>\n<\/tr>\n<tr>\n<td>Grasas:<\/td>\n<td align = \"right\">25 g<\/td>\n<\/tr>\n<tr>\n<td>de las cuales saturadas:<\/td>\n<td align = \"right\">17 g<\/td>\n<\/tr>\n<tr>\n<td>Hidratos de carbono:<\/td>\n<td align = \"right\">1,4 g<\/td>\n<\/tr>\n<tr>\n<td>- de los cuales az\u00facares:<\/td>\n<td align = \"right\"><0,5 g<\/td>\n<\/tr>\n<tr>\n<td>Prote\u00ednas:<\/td>\n<td align = \"right\">24 g<\/td>\n<\/tr>\n<tr>\n<td>Sal:<\/td>\n<td align = \"right\">3,8 g<\/td>\n<\/tr>\n<\/tbody>\n<\/table>\n<p> <!--Bezeichnung-->Queso de cola de cerdo, salado. 45 % de grasa en extracto seco. .<\/p>\n","protected":false},"excerpt":{"rendered":"<p>Queso de cola de cerdo, salado. 45 % de grasa en extracto seco. Ingredientes: queso(leche, estabilizante: cloruro de calcio, bacterias l\u00e1cticas, cuajo microbiol\u00f3gico, colorante (E160a)), sal. Envasado en atm\u00f3sfera protectora. La opci\u00f3n de presentaci\u00f3n se muestra en la imagen. Conservaci\u00f3n a +2 \u00b0C - +6 \u00b0C hasta: Ver el recuadro blanco del anverso. Fabricante: Valor [&hellip;]<\/p>\n","protected":false},"featured_media":1375,"template":"","meta":{"inline_featured_image":false},"product_brand":[],"product_cat":[218,220],"product_tag":[],"class_list":{"0":"post-2505","1":"product","2":"type-product","3":"status-publish","4":"has-post-thumbnail","6":"product_cat-productos-lacteos","7":"product_cat-productos-lacteos-fermentados","9":"first","10":"instock","11":"shipping-taxable","12":"purchasable","13":"product-type-simple"},"acf":[],"_links":{"self":[{"href":"https:\/\/kalinkamagazin.com\/es\/wp-json\/wp\/v2\/product\/2505","targetHints":{"allow":["GET"]}}],"collection":[{"href":"https:\/\/kalinkamagazin.com\/es\/wp-json\/wp\/v2\/product"}],"about":[{"href":"https:\/\/kalinkamagazin.com\/es\/wp-json\/wp\/v2\/types\/product"}],"wp:featuredmedia":[{"embeddable":true,"href":"https:\/\/kalinkamagazin.com\/es\/wp-json\/wp\/v2\/media\/1375"}],"wp:attachment":[{"href":"https:\/\/kalinkamagazin.com\/es\/wp-json\/wp\/v2\/media?parent=2505"}],"wp:term":[{"taxonomy":"product_brand","embeddable":true,"href":"https:\/\/kalinkamagazin.com\/es\/wp-json\/wp\/v2\/product_brand?post=2505"},{"taxonomy":"product_cat","embeddable":true,"href":"https:\/\/kalinkamagazin.com\/es\/wp-json\/wp\/v2\/product_cat?post=2505"},{"taxonomy":"product_tag","embeddable":true,"href":"https:\/\/kalinkamagazin.com\/es\/wp-json\/wp\/v2\/product_tag?post=2505"}],"curies":[{"name":"wp","href":"https:\/\/api.w.org\/{rel}","templated":true}]}}