{"id":2508,"date":"2026-01-29T16:39:18","date_gmt":"2026-01-29T13:39:18","guid":{"rendered":"https:\/\/kalinkamagazin.com\/product\/2769-smola-de-maz-es\/"},"modified":"2026-01-29T17:05:12","modified_gmt":"2026-01-29T14:05:12","slug":"2769-smola-de-maz-es","status":"publish","type":"product","link":"https:\/\/kalinkamagazin.com\/es\/product\/2769-smola-de-maz-es\/","title":{"rendered":"S\u00e9mola de ma\u00edz."},"content":{"rendered":"<p>S\u00e9mola de ma\u00edz. Conservar en un lugar fresco y seco. Consumir preferentemente antes de: ver el reverso. Distribuci\u00f3n: Lackmann Fleisch- und Feinkostfabrik GmbH, Carl Benz Stra\u00dfe 10, 77731 Willst\u00e4tt, Alemania. <!--NWT-Text-->Informaci\u00f3n nutricional por 100 g: Valor energ\u00e9tico: 1487 kJ \/ 350 kcal, Grasas: 1,0 g, - de las cuales \u00e1cidos grasos saturados: 0 g, Carbohidratos: 78 g, - de los cuales az\u00facares: 0 g, Prote\u00ednas: 7,0 g, Sal: 0 g, <!--NWT-Table--><\/p>\n<table>\n<tbody>\n<tr>\n<td colspan=\"2\">Informaci\u00f3n nutricional por 100 g:<\/td>\n<\/tr>\n<tr>\n<td>Valor energ\u00e9tico:<\/td>\n<td align = \"right\">1487 kJ \/ 350 kcal<\/td>\n<\/tr>\n<tr>\n<td>Grasas:<\/td>\n<td align = \"right\">1,0 g<\/td>\n<\/tr>\n<tr>\n<td>- de los cuales \u00e1cidos grasos saturados:<\/td>\n<td align = \"right\">0 g<\/td>\n<\/tr>\n<tr>\n<td>Hidratos de carbono:<\/td>\n<td align = \"right\">78 g<\/td>\n<\/tr>\n<tr>\n<td>- de los cuales az\u00facares:<\/td>\n<td align = \"right\">0 g<\/td>\n<\/tr>\n<tr>\n<td>Prote\u00ednas:<\/td>\n<td align = \"right\">7,0 g<\/td>\n<\/tr>\n<tr>\n<td>Sal:<\/td>\n<td align = \"right\">0 g<\/td>\n<\/tr>\n<\/tbody>\n<\/table>\n<p> <!--Bezeichnung-->S\u00e9mola de ma\u00edz. .<\/p>\n","protected":false},"excerpt":{"rendered":"<p>S\u00e9mola de ma\u00edz. Conservar en un lugar fresco y seco. Consumir preferentemente antes de: ver el reverso. Distribuci\u00f3n: Lackmann Fleisch- und Feinkostfabrik GmbH, Carl Benz Stra\u00dfe 10, 77731 Willst\u00e4tt, Alemania. Informaci\u00f3n nutricional por 100 g: Valor energ\u00e9tico: 1487 kJ \/ 350 kcal, Grasas: 1,0 g, - de las cuales \u00e1cidos grasos saturados: 0 g, Carbohidratos: [&hellip;]<\/p>\n","protected":false},"featured_media":1390,"template":"","meta":{"inline_featured_image":false},"product_brand":[],"product_cat":[207],"product_tag":[],"class_list":{"0":"post-2508","1":"product","2":"type-product","3":"status-publish","4":"has-post-thumbnail","6":"product_cat-granos-cereales-y-snacks","8":"first","9":"instock","10":"shipping-taxable","11":"purchasable","12":"product-type-simple"},"acf":[],"_links":{"self":[{"href":"https:\/\/kalinkamagazin.com\/es\/wp-json\/wp\/v2\/product\/2508","targetHints":{"allow":["GET"]}}],"collection":[{"href":"https:\/\/kalinkamagazin.com\/es\/wp-json\/wp\/v2\/product"}],"about":[{"href":"https:\/\/kalinkamagazin.com\/es\/wp-json\/wp\/v2\/types\/product"}],"wp:featuredmedia":[{"embeddable":true,"href":"https:\/\/kalinkamagazin.com\/es\/wp-json\/wp\/v2\/media\/1390"}],"wp:attachment":[{"href":"https:\/\/kalinkamagazin.com\/es\/wp-json\/wp\/v2\/media?parent=2508"}],"wp:term":[{"taxonomy":"product_brand","embeddable":true,"href":"https:\/\/kalinkamagazin.com\/es\/wp-json\/wp\/v2\/product_brand?post=2508"},{"taxonomy":"product_cat","embeddable":true,"href":"https:\/\/kalinkamagazin.com\/es\/wp-json\/wp\/v2\/product_cat?post=2508"},{"taxonomy":"product_tag","embeddable":true,"href":"https:\/\/kalinkamagazin.com\/es\/wp-json\/wp\/v2\/product_tag?post=2508"}],"curies":[{"name":"wp","href":"https:\/\/api.w.org\/{rel}","templated":true}]}}