{"id":2510,"date":"2026-01-29T16:39:15","date_gmt":"2026-01-29T13:39:15","guid":{"rendered":"https:\/\/kalinkamagazin.com\/product\/2869-aperitivo-a-base-de-pescado-preparado-a-base-de-pescado-desecado-original-es\/"},"modified":"2026-01-29T17:05:09","modified_gmt":"2026-01-29T14:05:09","slug":"2869-aperitivo-a-base-de-pescado-preparado-a-base-de-pescado-desecado-original-es","status":"publish","type":"product","link":"https:\/\/kalinkamagazin.com\/es\/product\/2869-aperitivo-a-base-de-pescado-preparado-a-base-de-pescado-desecado-original-es\/","title":{"rendered":"Aperitivo a base de pescado- Preparado a base de pescado desecado original."},"content":{"rendered":"<p>Snacks de pescado: un plato preparado a base de pescado seco y curado \"Original\". Ingredientes: <b>Preparado de pescado<\/b> 67,5 % <b>(Tumbil<\/b>(Saurida spp.), <b>huevo entero en polvo<\/b>,<\/b>regulador de acidez: (E450, E451)), regulador de humedad: (E420), almid\u00f3n de yuca (contiene <b>di\u00f3xido de azufre<\/b>), harina de trigo,<\/b>az\u00facar, <b>salsa de soja<\/b> (agua, <b>soja,<\/b>harina de trigo,<\/b>sal de mesa, az\u00facar, ma\u00edz), sal de mesa, chile, potenciador del sabor: (E621, E635), extracto de chile. Pa\u00eds de origen: Tailandia. Conservar en un lugar fresco y seco. Proteger de la luz solar directa. Consumir en las 24 horas siguientes a su apertura. La fecha de caducidad m\u00ednima sin abrir es la siguiente: recuadro blanco en la parte posterior, segunda l\u00ednea. Valor nutricional por 100g: fibra diet\u00e9tica 1,3g. Distribuidor: Heuschen & Schrouff OFT B.V., P.O. Box 30202 \/ 6370 KE Landgraaf, Holanda. <!--NWT-Text-->Valor nutricional por 100 g: Valor energ\u00e9tico: 1337 kJ \/ 315 kcal, Grasas: <0,5 g, de las cuales \u00e1cidos grasos saturados: 0,2 g, Hidratos de carbono: 49 g, de los cuales az\u00facares: 14 g, Prote\u00ednas: 28 g, Sal: 6,7 g, <!--NWT-Table--><\/p>\n<table>\n<tbody>\n<tr>\n<td colspan=\"2\">Valor nutricional por 100 g:<\/td>\n<\/tr>\n<tr>\n<td>Valor energ\u00e9tico:<\/td>\n<td align = \"right\">1337 kJ\/315 kcal<\/td>\n<\/tr>\n<tr>\n<td>Grasas:<\/td>\n<td align = \"right\"><0,5 g<\/td>\n<\/tr>\n<tr>\n<td>de las cuales \u00e1cidos grasos saturados:<\/td>\n<td align = \"right\">0,2 g<\/td>\n<\/tr>\n<tr>\n<td>Hidratos de carbono:<\/td>\n<td align = \"right\">49 g<\/td>\n<\/tr>\n<tr>\n<td>- de los cuales az\u00facares:<\/td>\n<td align = \"right\">14 g<\/td>\n<\/tr>\n<tr>\n<td>Prote\u00ednas:<\/td>\n<td align = \"right\">28 g<\/td>\n<\/tr>\n<tr>\n<td>Sal:<\/td>\n<td align = \"right\">6,7 g<\/td>\n<\/tr>\n<\/tbody>\n<\/table>\n<p> <!--Bezeichnung-->Snacks de pescado: un plato preparado de pescado seco y curado \"Original\".<\/p>\n","protected":false},"excerpt":{"rendered":"<p>Snacks de pescado: un plato preparado a base de pescado seco y curado \"Original\". Ingredientes: Preparado de pescado 67,5 % (Tumbil(Saurida spp.), huevo entero en polvo,regulador de acidez: (E450, E451)), regulador de humedad: (E420), almid\u00f3n de yuca (contiene di\u00f3xido de azufre), harina de trigo,az\u00facar, salsa de soja (agua, soja,harina de trigo,sal de mesa, az\u00facar, ma\u00edz), [&hellip;]<\/p>\n","protected":false},"featured_media":1396,"template":"","meta":{"inline_featured_image":false},"product_brand":[],"product_cat":[232,237],"product_tag":[],"class_list":{"0":"post-2510","1":"product","2":"type-product","3":"status-publish","4":"has-post-thumbnail","6":"product_cat-pescado-y-productos-de-pescado","7":"product_cat-salado-ahumado-seco-curado","9":"first","10":"instock","11":"shipping-taxable","12":"purchasable","13":"product-type-simple"},"acf":[],"_links":{"self":[{"href":"https:\/\/kalinkamagazin.com\/es\/wp-json\/wp\/v2\/product\/2510","targetHints":{"allow":["GET"]}}],"collection":[{"href":"https:\/\/kalinkamagazin.com\/es\/wp-json\/wp\/v2\/product"}],"about":[{"href":"https:\/\/kalinkamagazin.com\/es\/wp-json\/wp\/v2\/types\/product"}],"wp:featuredmedia":[{"embeddable":true,"href":"https:\/\/kalinkamagazin.com\/es\/wp-json\/wp\/v2\/media\/1396"}],"wp:attachment":[{"href":"https:\/\/kalinkamagazin.com\/es\/wp-json\/wp\/v2\/media?parent=2510"}],"wp:term":[{"taxonomy":"product_brand","embeddable":true,"href":"https:\/\/kalinkamagazin.com\/es\/wp-json\/wp\/v2\/product_brand?post=2510"},{"taxonomy":"product_cat","embeddable":true,"href":"https:\/\/kalinkamagazin.com\/es\/wp-json\/wp\/v2\/product_cat?post=2510"},{"taxonomy":"product_tag","embeddable":true,"href":"https:\/\/kalinkamagazin.com\/es\/wp-json\/wp\/v2\/product_tag?post=2510"}],"curies":[{"name":"wp","href":"https:\/\/api.w.org\/{rel}","templated":true}]}}