{"id":2511,"date":"2026-01-29T16:39:11","date_gmt":"2026-01-29T13:39:11","guid":{"rendered":"https:\/\/kalinkamagazin.com\/product\/2870-aperitivo-a-base-de-pescado-preparado-a-base-de-pescado-desecado-picante-es\/"},"modified":"2026-01-29T17:05:05","modified_gmt":"2026-01-29T14:05:05","slug":"2870-aperitivo-a-base-de-pescado-preparado-a-base-de-pescado-desecado-picante-es","status":"publish","type":"product","link":"https:\/\/kalinkamagazin.com\/es\/product\/2870-aperitivo-a-base-de-pescado-preparado-a-base-de-pescado-desecado-picante-es\/","title":{"rendered":"Aperitivo a base de pescado- Preparado a base de pescado desecado, picante."},"content":{"rendered":"<p>Aperitivos de pescado: un plato preparado de pescado curado en seco, picante. Ingredientes: <b>Preparado de pescado<\/b> 64,5 % <b>(Tumbil<\/b>(Saurida spp.), <b>huevo entero en polvo<\/b>, regulador de acidez: (E450, E451)), az\u00facar, almid\u00f3n de yuca (contiene <b>di\u00f3xido de azufre<\/b>), regulador de humedad: (E420), <b>harina de trigo<\/b>, sal de mesa, <b>salsa de soja<\/b> (agua, <b>soja, <\/b><b>harina de trigo, <\/b>sal de mesa, az\u00facar), chile, potenciador del sabor: (E621, E635), extracto de chile. Pa\u00eds de origen: Tailandia. Conservar en un lugar fresco y seco. Proteger de la luz solar directa. Consumir en las 24 horas siguientes a su apertura. La vida \u00fatil m\u00ednima sin abrir es: recuadro blanco en la parte posterior, segunda l\u00ednea. Valor nutricional por 100g: fibra diet\u00e9tica 1,9g. Distribuidor: Heuschen & Schrouff OFT B.V., P.O. Box 30202 \/ 6370 KE Landgraaf, Holanda. <!--NWT-Text-->Valor nutricional por 100 g: Valor energ\u00e9tico: 1300 kJ \/ 306 kcal, Grasas: 0 g, de las cuales \u00e1cidos grasos saturados: 0 g, Hidratos de carbono: 52 g, de los cuales az\u00facares: 24 g, Prote\u00ednas: 24 g, Sal: 6,4 g, <!--NWT-Table--><\/p>\n<table>\n<tbody>\n<tr>\n<td colspan=\"2\">Valor nutricional por 100 g:<\/td>\n<\/tr>\n<tr>\n<td>Valor energ\u00e9tico:<\/td>\n<td align = \"right\">1300 kJ\/306 kcal<\/td>\n<\/tr>\n<tr>\n<td>Grasas:<\/td>\n<td align = \"right\">0 g<\/td>\n<\/tr>\n<tr>\n<td>de los cuales \u00e1cidos grasos saturados:<\/td>\n<td align = \"right\">0g<\/td>\n<\/tr>\n<tr>\n<td>Carbohidratos:<\/td>\n<td align = \"right\">52g<\/td>\n<\/tr>\n<tr>\n<td>- de los cuales az\u00facares:<\/td>\n<td align = \"right\">24g<\/td>\n<\/tr>\n<tr>\n<td>Prote\u00ednas:<\/td>\n<td align = \"right\">24g<\/td>\n<\/tr>\n<tr>\n<td>Sal:<\/td>\n<td align = \"right\">6.4g<\/td>\n<\/tr>\n<\/tbody>\n<\/table>\n<p> <!--Bezeichnung-->Snacks de pescado - un plato preparado de pescado seco, picante. .<\/p>\n","protected":false},"excerpt":{"rendered":"<p>Aperitivos de pescado: un plato preparado de pescado curado en seco, picante. Ingredientes: Preparado de pescado 64,5 % (Tumbil(Saurida spp.), huevo entero en polvo, regulador de acidez: (E450, E451)), az\u00facar, almid\u00f3n de yuca (contiene di\u00f3xido de azufre), regulador de humedad: (E420), harina de trigo, sal de mesa, salsa de soja (agua, soja, harina de trigo, [&hellip;]<\/p>\n","protected":false},"featured_media":1399,"template":"","meta":{"inline_featured_image":false},"product_brand":[],"product_cat":[232,237],"product_tag":[],"class_list":{"0":"post-2511","1":"product","2":"type-product","3":"status-publish","4":"has-post-thumbnail","6":"product_cat-pescado-y-productos-de-pescado","7":"product_cat-salado-ahumado-seco-curado","9":"first","10":"instock","11":"shipping-taxable","12":"purchasable","13":"product-type-simple"},"acf":[],"_links":{"self":[{"href":"https:\/\/kalinkamagazin.com\/es\/wp-json\/wp\/v2\/product\/2511","targetHints":{"allow":["GET"]}}],"collection":[{"href":"https:\/\/kalinkamagazin.com\/es\/wp-json\/wp\/v2\/product"}],"about":[{"href":"https:\/\/kalinkamagazin.com\/es\/wp-json\/wp\/v2\/types\/product"}],"wp:featuredmedia":[{"embeddable":true,"href":"https:\/\/kalinkamagazin.com\/es\/wp-json\/wp\/v2\/media\/1399"}],"wp:attachment":[{"href":"https:\/\/kalinkamagazin.com\/es\/wp-json\/wp\/v2\/media?parent=2511"}],"wp:term":[{"taxonomy":"product_brand","embeddable":true,"href":"https:\/\/kalinkamagazin.com\/es\/wp-json\/wp\/v2\/product_brand?post=2511"},{"taxonomy":"product_cat","embeddable":true,"href":"https:\/\/kalinkamagazin.com\/es\/wp-json\/wp\/v2\/product_cat?post=2511"},{"taxonomy":"product_tag","embeddable":true,"href":"https:\/\/kalinkamagazin.com\/es\/wp-json\/wp\/v2\/product_tag?post=2511"}],"curies":[{"name":"wp","href":"https:\/\/api.w.org\/{rel}","templated":true}]}}