{"id":2512,"date":"2026-01-29T16:39:08","date_gmt":"2026-01-29T13:39:08","guid":{"rendered":"https:\/\/kalinkamagazin.com\/product\/2871-aperitivo-a-base-de-pescado-preparado-a-base-de-pescado-desecado-con-sabor-a-barbacoa-es\/"},"modified":"2026-01-29T17:05:01","modified_gmt":"2026-01-29T14:05:01","slug":"2871-aperitivo-a-base-de-pescado-preparado-a-base-de-pescado-desecado-con-sabor-a-barbacoa-es","status":"publish","type":"product","link":"https:\/\/kalinkamagazin.com\/es\/product\/2871-aperitivo-a-base-de-pescado-preparado-a-base-de-pescado-desecado-con-sabor-a-barbacoa-es\/","title":{"rendered":"Aperitivo a base de pescado- Preparado a base de pescado desecado con sabor a barbacoa."},"content":{"rendered":"<p>Aperitivos de pescado: un plato preparado a base de pescado seco con sabor a barbacoa. Ingredientes: <b>Preparado de pescado<\/b>63% <b>(Tumbil<\/b>(Saurida spp.), <b>huevo entero en polvo, <\/b>regulador de acidez: (E450, E451)), az\u00facar, almid\u00f3n de yuca (contiene <b>di\u00f3xido de azufre), <\/b>regulador de humedad: (E420), <b>harina de trigo, <\/b>especias con sabor a barbacoa <b>(lactosa, <\/b>az\u00facar, <b>semillas de mostaza, <\/b>coco, <\/b>prote\u00edna vegetal hidrolizada <b>(soja, <\/b>ma\u00edz), sal comestible, chalotas secas, <\/b>extracto de piment\u00f3n, colorante: (E160c, <\/b>E150c), aromas, almid\u00f3n de yuca, almid\u00f3n de ma\u00edz), sal comestible, <b>salsa de soja<\/b>(agua, <b>soja,<\/b><b>harina de trigo,<\/b> Sal comestible, az\u00facar), potenciador del sabor (E621, E635), extracto de chile. Pa\u00eds de origen: Tailandia. Conservar en un lugar fresco y seco. Proteger de la luz solar directa. Consumir en un plazo de 24 horas tras su apertura. La fecha de caducidad m\u00ednima sin abrir es la siguiente: en la parte posterior, aparece un campo blanco, segunda l\u00ednea. Valor nutricional por 100 g: fibra diet\u00e9tica 1,5 g. Distribuidor: Heuschen & Schrouff OFT B.V., Apartado postal 30202 \/ 6370 KE Landgraaf, Pa\u00edses Bajos. <!--NWT-Text-->Valor nutricional por 100 g: Valor energ\u00e9tico: 1329 kJ \/ 313 kcal, Grasas: <0,5 g, de las cuales \u00e1cidos grasos saturados: 0,2 g, Hidratos de carbono: 54 g, de los cuales az\u00facares: 28 g, Prote\u00ednas: 23 g, Sal: 6,6 g, <!--NWT-Table--><\/p>\n<table>\n<tbody>\n<tr>\n<td colspan=\"2\">Valor nutricional por 100 g:<\/td>\n<\/tr>\n<tr>\n<td>Valor energ\u00e9tico:<\/td>\n<td align = \"right\">1329 kJ\/313 kcal<\/td>\n<\/tr>\n<tr>\n<td>Grasas:<\/td>\n<td align = \"right\"><0,5 g<\/td>\n<\/tr>\n<tr>\n<td>de las cuales \u00e1cidos grasos saturados:<\/td>\n<td align = \"right\">0,2 g<\/td>\n<\/tr>\n<tr>\n<td>Carbohidratos:<\/td>\n<td align = \"right\">54 g<\/td>\n<\/tr>\n<tr>\n<td>- de los cuales az\u00facares:<\/td>\n<td align = \"right\">28 g<\/td>\n<\/tr>\n<tr>\n<td>Prote\u00ednas:<\/td>\n<td align = \"right\">23 g<\/td>\n<\/tr>\n<tr>\n<td>Sal:<\/td>\n<td align = \"right\">6,6 g<\/td>\n<\/tr>\n<\/tbody>\n<\/table>\n<p> <!--Bezeichnung-->Snacks de pescado: un plato preparado de pescado seco con sabor a barbacoa. .<\/p>\n","protected":false},"excerpt":{"rendered":"<p>Aperitivos de pescado: un plato preparado a base de pescado seco con sabor a barbacoa. Ingredientes: Preparado de pescado63% (Tumbil(Saurida spp.), huevo entero en polvo, regulador de acidez: (E450, E451)), az\u00facar, almid\u00f3n de yuca (contiene di\u00f3xido de azufre), regulador de humedad: (E420), harina de trigo, especias con sabor a barbacoa (lactosa, az\u00facar, semillas de mostaza, [&hellip;]<\/p>\n","protected":false},"featured_media":1402,"template":"","meta":{"inline_featured_image":false},"product_brand":[],"product_cat":[232,237],"product_tag":[],"class_list":{"0":"post-2512","1":"product","2":"type-product","3":"status-publish","4":"has-post-thumbnail","6":"product_cat-pescado-y-productos-de-pescado","7":"product_cat-salado-ahumado-seco-curado","9":"first","10":"instock","11":"shipping-taxable","12":"purchasable","13":"product-type-simple"},"acf":[],"_links":{"self":[{"href":"https:\/\/kalinkamagazin.com\/es\/wp-json\/wp\/v2\/product\/2512","targetHints":{"allow":["GET"]}}],"collection":[{"href":"https:\/\/kalinkamagazin.com\/es\/wp-json\/wp\/v2\/product"}],"about":[{"href":"https:\/\/kalinkamagazin.com\/es\/wp-json\/wp\/v2\/types\/product"}],"wp:featuredmedia":[{"embeddable":true,"href":"https:\/\/kalinkamagazin.com\/es\/wp-json\/wp\/v2\/media\/1402"}],"wp:attachment":[{"href":"https:\/\/kalinkamagazin.com\/es\/wp-json\/wp\/v2\/media?parent=2512"}],"wp:term":[{"taxonomy":"product_brand","embeddable":true,"href":"https:\/\/kalinkamagazin.com\/es\/wp-json\/wp\/v2\/product_brand?post=2512"},{"taxonomy":"product_cat","embeddable":true,"href":"https:\/\/kalinkamagazin.com\/es\/wp-json\/wp\/v2\/product_cat?post=2512"},{"taxonomy":"product_tag","embeddable":true,"href":"https:\/\/kalinkamagazin.com\/es\/wp-json\/wp\/v2\/product_tag?post=2512"}],"curies":[{"name":"wp","href":"https:\/\/api.w.org\/{rel}","templated":true}]}}