{"id":2513,"date":"2026-01-29T16:39:05","date_gmt":"2026-01-29T13:39:05","guid":{"rendered":"https:\/\/kalinkamagazin.com\/product\/2872-aperitivo-a-base-de-pescado-preparado-a-base-de-pescado-desecado-con-sabor-a-chile-picante-es\/"},"modified":"2026-01-29T17:04:57","modified_gmt":"2026-01-29T14:04:57","slug":"2872-aperitivo-a-base-de-pescado-preparado-a-base-de-pescado-desecado-con-sabor-a-chile-picante-es","status":"publish","type":"product","link":"https:\/\/kalinkamagazin.com\/es\/product\/2872-aperitivo-a-base-de-pescado-preparado-a-base-de-pescado-desecado-con-sabor-a-chile-picante-es\/","title":{"rendered":"Aperitivo a base de pescado- Preparado a base de pescado desecado con sabor a chile picante."},"content":{"rendered":"<p>Snacks de pescado: un plato preparado de pescado seco curado con sabor a chile picante. Ingredientes: <b>Preparado de pescado<\/b> 62% <b>(Tumbil<\/b>(Saurida spp.), <b>huevo entero en polvo, <\/b>regulador de acidez: (E450, E451)), az\u00facar, almid\u00f3n de yuca (contiene <b>di\u00f3xido de azufre), <\/b>regulador de humedad: (E420), <b>harina de trigo, <\/b>sal de mesa, <b>salsa de soja<\/b> (agua, <b>soja, <\/b><b>harina de trigo, <\/b>sal de mesa, az\u00facar), especias con sabor a chile picante (saborizantes, az\u00facar, potenciador del sabor: (E621, E508, E627, E631), ingl\u00e9s: sal de mesa, regulador de acidez: (E262), almid\u00f3n de patata, almid\u00f3n de yuca, almid\u00f3n de ma\u00edz, estabilizante: E414), especias con sabor a barbacoa (lactosa, az\u00facar, semillas de mostaza, coco, aceite vegetal hidrolizado) Prote\u00edna (soja, ma\u00edz), sal de mesa, chalotes deshidratados, extracto de piment\u00f3n, colorante (E160c, E150c), aromas (almid\u00f3n de yuca, almid\u00f3n de ma\u00edz), chile 0,25 %, potenciador del sabor (E621, E635), extracto de chile 0,02 %. Pa\u00eds de origen: Tailandia. Conservar en un lugar fresco y seco. Proteger de la luz solar directa. Consumir en un plazo de 1 d\u00eda tras su apertura. La fecha de caducidad sin abrir es la siguiente: campo blanco en el reverso, segunda l\u00ednea. Valor nutricional por 100 g: fibra diet\u00e9tica 1,5 g. Distribuidor: Heuschen & Schrouff OFT B.V., Apartado postal 30202 \/ 6370 KE Landgraaf, Pa\u00edses Bajos. <!--NWT-Text-->Valor nutricional por 100 g: Valor energ\u00e9tico: 1315 kJ \/ 310 kcal, Grasas: <0,5 g, de las cuales \u00e1cidos grasos saturados: 0,2 g, Hidratos de carbono: 52 g, de los cuales az\u00facares: 26 g, Prote\u00ednas: 23 g, Sal: 6,6 g, <!--NWT-Table--><\/p>\n<table>\n<tbody>\n<tr>\n<td colspan=\"2\">Valor nutricional por 100 g:<\/td>\n<\/tr>\n<tr>\n<td>Valor energ\u00e9tico:<\/td>\n<td align = \"right\">1315 kJ\/310 kcal<\/td>\n<\/tr>\n<tr>\n<td>Grasas:<\/td>\n<td align = \"right\"><0,5 g<\/td>\n<\/tr>\n<tr>\n<td>de las cuales \u00e1cidos grasos saturados:<\/td>\n<td align = \"right\">0,2 g<\/td>\n<\/tr>\n<tr>\n<td>Hidratos de carbono:<\/td>\n<td align = \"right\">52 g<\/td>\n<\/tr>\n<tr>\n<td>- de los cuales az\u00facares:<\/td>\n<td align = \"right\">26 g<\/td>\n<\/tr>\n<tr>\n<td>Prote\u00ednas:<\/td>\n<td align = \"right\">23 g<\/td>\n<\/tr>\n<tr>\n<td>Sal:<\/td>\n<td align = \"right\">6,6 g<\/td>\n<\/tr>\n<\/tbody>\n<\/table>\n<p> <!--Bezeichnung-->Snacks de pescado: un plato preparado de pescado seco con sabor a chile picante.<\/p>\n","protected":false},"excerpt":{"rendered":"<p>Snacks de pescado: un plato preparado de pescado seco curado con sabor a chile picante. Ingredientes: Preparado de pescado 62% (Tumbil(Saurida spp.), huevo entero en polvo, regulador de acidez: (E450, E451)), az\u00facar, almid\u00f3n de yuca (contiene di\u00f3xido de azufre), regulador de humedad: (E420), harina de trigo, sal de mesa, salsa de soja (agua, soja, harina [&hellip;]<\/p>\n","protected":false},"featured_media":1405,"template":"","meta":{"inline_featured_image":false},"product_brand":[],"product_cat":[232,237],"product_tag":[],"class_list":{"0":"post-2513","1":"product","2":"type-product","3":"status-publish","4":"has-post-thumbnail","6":"product_cat-pescado-y-productos-de-pescado","7":"product_cat-salado-ahumado-seco-curado","9":"first","10":"instock","11":"shipping-taxable","12":"purchasable","13":"product-type-simple"},"acf":[],"_links":{"self":[{"href":"https:\/\/kalinkamagazin.com\/es\/wp-json\/wp\/v2\/product\/2513","targetHints":{"allow":["GET"]}}],"collection":[{"href":"https:\/\/kalinkamagazin.com\/es\/wp-json\/wp\/v2\/product"}],"about":[{"href":"https:\/\/kalinkamagazin.com\/es\/wp-json\/wp\/v2\/types\/product"}],"wp:featuredmedia":[{"embeddable":true,"href":"https:\/\/kalinkamagazin.com\/es\/wp-json\/wp\/v2\/media\/1405"}],"wp:attachment":[{"href":"https:\/\/kalinkamagazin.com\/es\/wp-json\/wp\/v2\/media?parent=2513"}],"wp:term":[{"taxonomy":"product_brand","embeddable":true,"href":"https:\/\/kalinkamagazin.com\/es\/wp-json\/wp\/v2\/product_brand?post=2513"},{"taxonomy":"product_cat","embeddable":true,"href":"https:\/\/kalinkamagazin.com\/es\/wp-json\/wp\/v2\/product_cat?post=2513"},{"taxonomy":"product_tag","embeddable":true,"href":"https:\/\/kalinkamagazin.com\/es\/wp-json\/wp\/v2\/product_tag?post=2513"}],"curies":[{"name":"wp","href":"https:\/\/api.w.org\/{rel}","templated":true}]}}