{"id":2519,"date":"2026-01-29T16:38:57","date_gmt":"2026-01-29T13:38:57","guid":{"rendered":"https:\/\/kalinkamagazin.com\/product\/3029-semillas-de-cilantro-es\/"},"modified":"2026-01-29T17:04:49","modified_gmt":"2026-01-29T14:04:49","slug":"3029-semillas-de-cilantro-es","status":"publish","type":"product","link":"https:\/\/kalinkamagazin.com\/es\/product\/3029-semillas-de-cilantro-es\/","title":{"rendered":"Semillas de cilantro."},"content":{"rendered":"<p>Semillas de cilantro. Origen: Uzbekist\u00e1n. Consumir preferentemente antes: ver frente. Distribuci\u00f3n: Lackmann Fleisch- und Feinkostfabrik GmbH, Carl Benz Stra\u00dfe 10, 77731 Willst\u00e4tt, Alemania. <!--NWT-Text--> <!--NWT-Table--> <!--Bezeichnung-->Semillas de cilantro.<\/p>\n","protected":false},"excerpt":{"rendered":"<p>Semillas de cilantro. Origen: Uzbekist\u00e1n. Consumir preferentemente antes: ver frente. Distribuci\u00f3n: Lackmann Fleisch- und Feinkostfabrik GmbH, Carl Benz Stra\u00dfe 10, 77731 Willst\u00e4tt, Alemania. Semillas de cilantro.<\/p>\n","protected":false},"featured_media":1429,"template":"","meta":{"inline_featured_image":false},"product_brand":[],"product_cat":[214,215],"product_tag":[],"class_list":{"0":"post-2519","1":"product","2":"type-product","3":"status-publish","4":"has-post-thumbnail","6":"product_cat-aceites-salsas-y-condimentos","7":"product_cat-salsas-mayonesas-condimentos","9":"first","10":"instock","11":"shipping-taxable","12":"purchasable","13":"product-type-simple"},"acf":[],"_links":{"self":[{"href":"https:\/\/kalinkamagazin.com\/es\/wp-json\/wp\/v2\/product\/2519","targetHints":{"allow":["GET"]}}],"collection":[{"href":"https:\/\/kalinkamagazin.com\/es\/wp-json\/wp\/v2\/product"}],"about":[{"href":"https:\/\/kalinkamagazin.com\/es\/wp-json\/wp\/v2\/types\/product"}],"wp:featuredmedia":[{"embeddable":true,"href":"https:\/\/kalinkamagazin.com\/es\/wp-json\/wp\/v2\/media\/1429"}],"wp:attachment":[{"href":"https:\/\/kalinkamagazin.com\/es\/wp-json\/wp\/v2\/media?parent=2519"}],"wp:term":[{"taxonomy":"product_brand","embeddable":true,"href":"https:\/\/kalinkamagazin.com\/es\/wp-json\/wp\/v2\/product_brand?post=2519"},{"taxonomy":"product_cat","embeddable":true,"href":"https:\/\/kalinkamagazin.com\/es\/wp-json\/wp\/v2\/product_cat?post=2519"},{"taxonomy":"product_tag","embeddable":true,"href":"https:\/\/kalinkamagazin.com\/es\/wp-json\/wp\/v2\/product_tag?post=2519"}],"curies":[{"name":"wp","href":"https:\/\/api.w.org\/{rel}","templated":true}]}}