{"id":2521,"date":"2026-01-29T16:38:53","date_gmt":"2026-01-29T13:38:53","guid":{"rendered":"https:\/\/kalinkamagazin.com\/product\/3037-mezcla-de-especias-con-brbero-deshidratado-combina-bien-con-arroz-es\/"},"modified":"2026-01-29T17:04:46","modified_gmt":"2026-01-29T14:04:46","slug":"3037-mezcla-de-especias-con-brbero-deshidratado-combina-bien-con-arroz-es","status":"publish","type":"product","link":"https:\/\/kalinkamagazin.com\/es\/product\/3037-mezcla-de-especias-con-brbero-deshidratado-combina-bien-con-arroz-es\/","title":{"rendered":"Mezcla de especias con b\u00e9rbero (deshidratado). Combina bien con: Arroz."},"content":{"rendered":"<p>Mezcla de especias con agracejo (deshidratado). Marida bien con arroz. Ingredientes: piment\u00f3n dulce (pimienta) 40%, cilantro 30%, agracejo 15%, comino 15%. Origen: especias y agracejo: Uzbekist\u00e1n. Conservar en un lugar fresco y seco. Consumir preferentemente antes de: ver la portada. Distribuci\u00f3n: Lackmann Fleisch- und Feinkostfabrik GmbH, Carl Benz Stra\u00dfe 10, 77731 Willst\u00e4tt, Alemania. <!--NWT-Text--> <!--NWT-Table--> <!--Bezeichnung-->Mezcla de especias con agracejo (deshidratado). Marida bien con arroz.<\/p>\n","protected":false},"excerpt":{"rendered":"<p>Mezcla de especias con agracejo (deshidratado). Marida bien con arroz. Ingredientes: piment\u00f3n dulce (pimienta) 40%, cilantro 30%, agracejo 15%, comino 15%. Origen: especias y agracejo: Uzbekist\u00e1n. Conservar en un lugar fresco y seco. Consumir preferentemente antes de: ver la portada. Distribuci\u00f3n: Lackmann Fleisch- und Feinkostfabrik GmbH, Carl Benz Stra\u00dfe 10, 77731 Willst\u00e4tt, Alemania. Mezcla de [&hellip;]<\/p>\n","protected":false},"featured_media":1435,"template":"","meta":{"inline_featured_image":false},"product_brand":[],"product_cat":[214,215],"product_tag":[],"class_list":{"0":"post-2521","1":"product","2":"type-product","3":"status-publish","4":"has-post-thumbnail","6":"product_cat-aceites-salsas-y-condimentos","7":"product_cat-salsas-mayonesas-condimentos","9":"first","10":"instock","11":"shipping-taxable","12":"purchasable","13":"product-type-simple"},"acf":[],"_links":{"self":[{"href":"https:\/\/kalinkamagazin.com\/es\/wp-json\/wp\/v2\/product\/2521","targetHints":{"allow":["GET"]}}],"collection":[{"href":"https:\/\/kalinkamagazin.com\/es\/wp-json\/wp\/v2\/product"}],"about":[{"href":"https:\/\/kalinkamagazin.com\/es\/wp-json\/wp\/v2\/types\/product"}],"wp:featuredmedia":[{"embeddable":true,"href":"https:\/\/kalinkamagazin.com\/es\/wp-json\/wp\/v2\/media\/1435"}],"wp:attachment":[{"href":"https:\/\/kalinkamagazin.com\/es\/wp-json\/wp\/v2\/media?parent=2521"}],"wp:term":[{"taxonomy":"product_brand","embeddable":true,"href":"https:\/\/kalinkamagazin.com\/es\/wp-json\/wp\/v2\/product_brand?post=2521"},{"taxonomy":"product_cat","embeddable":true,"href":"https:\/\/kalinkamagazin.com\/es\/wp-json\/wp\/v2\/product_cat?post=2521"},{"taxonomy":"product_tag","embeddable":true,"href":"https:\/\/kalinkamagazin.com\/es\/wp-json\/wp\/v2\/product_tag?post=2521"}],"curies":[{"name":"wp","href":"https:\/\/api.w.org\/{rel}","templated":true}]}}