{"id":2523,"date":"2026-01-29T16:38:50","date_gmt":"2026-01-29T13:38:50","guid":{"rendered":"https:\/\/kalinkamagazin.com\/product\/3045-uvas-pasas-es\/"},"modified":"2026-01-29T17:04:42","modified_gmt":"2026-01-29T14:04:42","slug":"3045-uvas-pasas-es","status":"publish","type":"product","link":"https:\/\/kalinkamagazin.com\/es\/product\/3045-uvas-pasas-es\/","title":{"rendered":"Uvas pasas."},"content":{"rendered":"<p>Conservar en un lugar fresco y seco. Origen: Uzbekist\u00e1n. Consumir preferentemente antes: ver frente. Distribuci\u00f3n: Lackmann Fleisch- und Feinkostfabrik GmbH, Carl Benz Stra\u00dfe 10, 77731 Willst\u00e4tt, Alemania.<\/p>\n","protected":false},"excerpt":{"rendered":"<p>Conservar en un lugar fresco y seco. Origen: Uzbekist\u00e1n. Consumir preferentemente antes: ver frente. Distribuci\u00f3n: Lackmann Fleisch- und Feinkostfabrik GmbH, Carl Benz Stra\u00dfe 10, 77731 Willst\u00e4tt, Alemania.<\/p>\n","protected":false},"featured_media":1441,"template":"","meta":{"inline_featured_image":false},"product_brand":[],"product_cat":[212,207],"product_tag":[],"class_list":{"0":"post-2523","1":"product","2":"type-product","3":"status-publish","4":"has-post-thumbnail","6":"product_cat-frutos-secos-nueces","7":"product_cat-granos-cereales-y-snacks","9":"first","10":"instock","11":"shipping-taxable","12":"purchasable","13":"product-type-simple"},"acf":[],"_links":{"self":[{"href":"https:\/\/kalinkamagazin.com\/es\/wp-json\/wp\/v2\/product\/2523","targetHints":{"allow":["GET"]}}],"collection":[{"href":"https:\/\/kalinkamagazin.com\/es\/wp-json\/wp\/v2\/product"}],"about":[{"href":"https:\/\/kalinkamagazin.com\/es\/wp-json\/wp\/v2\/types\/product"}],"wp:featuredmedia":[{"embeddable":true,"href":"https:\/\/kalinkamagazin.com\/es\/wp-json\/wp\/v2\/media\/1441"}],"wp:attachment":[{"href":"https:\/\/kalinkamagazin.com\/es\/wp-json\/wp\/v2\/media?parent=2523"}],"wp:term":[{"taxonomy":"product_brand","embeddable":true,"href":"https:\/\/kalinkamagazin.com\/es\/wp-json\/wp\/v2\/product_brand?post=2523"},{"taxonomy":"product_cat","embeddable":true,"href":"https:\/\/kalinkamagazin.com\/es\/wp-json\/wp\/v2\/product_cat?post=2523"},{"taxonomy":"product_tag","embeddable":true,"href":"https:\/\/kalinkamagazin.com\/es\/wp-json\/wp\/v2\/product_tag?post=2523"}],"curies":[{"name":"wp","href":"https:\/\/api.w.org\/{rel}","templated":true}]}}