{"id":2524,"date":"2026-01-29T16:38:45","date_gmt":"2026-01-29T13:38:45","guid":{"rendered":"https:\/\/kalinkamagazin.com\/product\/3048-mezcla-de-frutos-secos-manzana-y-peras-en-cuartos-con-corazn-albaricoque-y-ciruelos-de-jardn-entero-con-hueso-es\/"},"modified":"2026-03-18T20:33:58","modified_gmt":"2026-03-18T17:33:58","slug":"3048-mezcla-de-frutos-secos-manzana-y-peras-en-cuartos-con-corazn-albaricoque-y-ciruelos-de-jardn-entero-con-hueso-es","status":"publish","type":"product","link":"https:\/\/kalinkamagazin.com\/es\/product\/3048-mezcla-de-frutos-secos-manzana-y-peras-en-cuartos-con-corazn-albaricoque-y-ciruelos-de-jardn-entero-con-hueso-es\/","title":{"rendered":"Mezcla de frutos secos: Manzana y Peras (en cuartos, con coraz\u00f3n), Albaricoque y ciruelos de jard\u00edn (entero, con hueso)."},"content":{"rendered":"<p>Mezcla de frutos secos: manzana y pera (cortadas en cuartos, con coraz\u00f3n), albaricoques y ciruelas (enteras, con hueso). Ingredientes: manzana 50%, albaricoques 20%, ciruelas 20%, peras 10%. Origen: Uzbekist\u00e1n. Conservar en un lugar fresco y seco. Consumir preferentemente antes de: Ver el anverso. Distribuci\u00f3n: Lackmann Fleisch- und Feinkostfabrik GmbH, Carl Benz Stra\u00dfe 10, 77731 Willst\u00e4tt, Alemania. <!--NWT-Text-->Valor nutricional por 100 g: Valor energ\u00e9tico: 994 kJ \/ 186 kcal, Grasas: <0,5 g, de las cuales \u00e1cidos grasos saturados: 0,2 g, Hidratos de carbono: 50 g, de los cuales az\u00facares: 45 g, Prote\u00ednas: 2,2 g, Sal: 0,04 g, <!--NWT-Table--><\/p>\n<table>\n<tbody>\n<tr>\n<td colspan=\"2\">Valor nutricional por 100 g:<\/td>\n<\/tr>\n<tr>\n<td>Valor energ\u00e9tico:<\/td>\n<td align = \"right\">994 kJ\/186 kcal<\/td>\n<\/tr>\n<tr>\n<td>Grasas:<\/td>\n<td align = \"right\"><0,5 g<\/td>\n<\/tr>\n<tr>\n<td>de las cuales \u00e1cidos grasos saturados:<\/td>\n<td align = \"right\">0,2 g<\/td>\n<\/tr>\n<tr>\n<td>Hidratos de carbono:<\/td>\n<td align = \"right\">50 g<\/td>\n<\/tr>\n<tr>\n<td>- de los cuales az\u00facares:<\/td>\n<td align = \"right\">45 g<\/td>\n<\/tr>\n<tr>\n<td>Prote\u00ednas:<\/td>\n<td align = \"right\">2,2 g<\/td>\n<\/tr>\n<tr>\n<td>Sal:<\/td>\n<td align = \"right\">0,04 g<\/td>\n<\/tr>\n<\/tbody>\n<\/table>\n<p> <!--Bezeichnung-->Mezcla de frutos secos: manzana y pera (cortadas en cuatro partes, con coraz\u00f3n), albaricoques y ciruela cereza (enteros, con hueso). .<\/p>\n","protected":false},"excerpt":{"rendered":"<p>Mezcla de frutos secos: manzana y pera (cortadas en cuartos, con coraz\u00f3n), albaricoques y ciruelas (enteras, con hueso). Ingredientes: manzana 50%, albaricoques 20%, ciruelas 20%, peras 10%. Origen: Uzbekist\u00e1n. Conservar en un lugar fresco y seco. Consumir preferentemente antes de: Ver el anverso. Distribuci\u00f3n: Lackmann Fleisch- und Feinkostfabrik GmbH, Carl Benz Stra\u00dfe 10, 77731 Willst\u00e4tt, [&hellip;]<\/p>\n","protected":false},"featured_media":1444,"template":"","meta":{"inline_featured_image":false},"product_brand":[],"product_cat":[212,207],"product_tag":[],"class_list":{"0":"post-2524","1":"product","2":"type-product","3":"status-publish","4":"has-post-thumbnail","6":"product_cat-frutos-secos-nueces","7":"product_cat-granos-cereales-y-snacks","9":"first","10":"instock","11":"shipping-taxable","12":"purchasable","13":"product-type-simple"},"acf":[],"_links":{"self":[{"href":"https:\/\/kalinkamagazin.com\/es\/wp-json\/wp\/v2\/product\/2524","targetHints":{"allow":["GET"]}}],"collection":[{"href":"https:\/\/kalinkamagazin.com\/es\/wp-json\/wp\/v2\/product"}],"about":[{"href":"https:\/\/kalinkamagazin.com\/es\/wp-json\/wp\/v2\/types\/product"}],"wp:featuredmedia":[{"embeddable":true,"href":"https:\/\/kalinkamagazin.com\/es\/wp-json\/wp\/v2\/media\/1444"}],"wp:attachment":[{"href":"https:\/\/kalinkamagazin.com\/es\/wp-json\/wp\/v2\/media?parent=2524"}],"wp:term":[{"taxonomy":"product_brand","embeddable":true,"href":"https:\/\/kalinkamagazin.com\/es\/wp-json\/wp\/v2\/product_brand?post=2524"},{"taxonomy":"product_cat","embeddable":true,"href":"https:\/\/kalinkamagazin.com\/es\/wp-json\/wp\/v2\/product_cat?post=2524"},{"taxonomy":"product_tag","embeddable":true,"href":"https:\/\/kalinkamagazin.com\/es\/wp-json\/wp\/v2\/product_tag?post=2524"}],"curies":[{"name":"wp","href":"https:\/\/api.w.org\/{rel}","templated":true}]}}