{"id":2527,"date":"2026-01-29T16:38:30","date_gmt":"2026-01-29T13:38:30","guid":{"rendered":"https:\/\/kalinkamagazin.com\/product\/5325-tartas-pequeas-cubierto-de-merengue-dulce-45-y-con-preparado-de-arndanos-21-ultracongelado-es\/"},"modified":"2026-01-29T17:04:25","modified_gmt":"2026-01-29T14:04:25","slug":"5325-tartas-pequeas-cubierto-de-merengue-dulce-45-y-con-preparado-de-arndanos-21-ultracongelado-es","status":"publish","type":"product","link":"https:\/\/kalinkamagazin.com\/es\/product\/5325-tartas-pequeas-cubierto-de-merengue-dulce-45-y-con-preparado-de-arndanos-21-ultracongelado-es\/","title":{"rendered":"Tartas peque\u00f1as Cubierto de merengue dulce (45%) y con preparado de ar\u00e1ndanos (21%), ultracongelado"},"content":{"rendered":"<p>Mini pastelitos de merengue con az\u00facar glas (45%) y ar\u00e1ndanos semiacabados (21%), congelados. Ar\u00e1ndanos: 12% del total del producto. Ingredientes: az\u00facar, harina de trigo, producto semiacabado de ar\u00e1ndanos (ar\u00e1ndanos, agua, az\u00facar, almid\u00f3n modificado, jarabe de glucosa y fructosa, regulador de acidez (E330), conservante (E202), aroma natural), prote\u00edna de huevo de gallina, mantequilla, margarina (grasas y aceites vegetales (palma, colza), agua, emulgente (E471, E322), sal comestible, colorante (E160a), aroma), huevo entero de gallina, crema que contiene leche (az\u00facar, grasa de palmiste totalmente hidrogenada, leche desnatada en polvo, lactosa, emulgente (lecitina (soja)), aroma), regulador de acidez (E330), levadura qu\u00edmica (E500), vinagre ac\u00e9tico, colorante (E120, E133). No volver a congelar el producto descongelado. Consumir inmediatamente despu\u00e9s de descongelarlo. Distribuci\u00f3n: Lackmann Fleisch- und Feinkostfabrik GmbH, Carl Benz Stra\u00dfe 10, 77731 Willst\u00e4tt, Alemania. Vida \u00fatil a \u2264 -18 \u00b0C hasta: (n\u00famero de lote): ver pie de imprenta, campo blanco. <!--NWT-Text-->Valor nutricional por 100 g: Valor energ\u00e9tico: 1541 kJ \/ 346 kcal, Grasas: 11 g, de las cuales saturadas: 6,0 g, Hidratos de carbono: 58 g, de los cuales az\u00facares: 43 g, Prote\u00ednas: 4,3 g, Sal: 0,23 g, <!--NWT-Table--><\/p>\n<table>\n<tbody>\n<tr>\n<td colspan=\"2\">Valor nutricional por 100 g:<\/td>\n<\/tr>\n<tr>\n<td>Valor energ\u00e9tico:<\/td>\n<td align = \"right\">1541 kJ\/346 kcal<\/td>\n<\/tr>\n<tr>\n<td>Grasas:<\/td>\n<td align = \"right\">11 g<\/td>\n<\/tr>\n<tr>\n<td>de las cuales saturadas:<\/td>\n<td align = \"right\">6,0 g<\/td>\n<\/tr>\n<tr>\n<td>Hidratos de carbono:<\/td>\n<td align = \"right\">58 g<\/td>\n<\/tr>\n<tr>\n<td>- de los cuales az\u00facares:<\/td>\n<td align = \"right\">43 g<\/td>\n<\/tr>\n<tr>\n<td>Prote\u00ednas:<\/td>\n<td align = \"right\">4,3 g<\/td>\n<\/tr>\n<tr>\n<td>Sal:<\/td>\n<td align = \"right\">0,23 g<\/td>\n<\/tr>\n<\/tbody>\n<\/table>\n<p> <!--Bezeichnung-->Mini tartas de merengue con az\u00facar glas (45 %) y producto semiacabado de ar\u00e1ndanos (21 %), congeladas.<\/p>\n","protected":false},"excerpt":{"rendered":"<p>Mini pastelitos de merengue con az\u00facar glas (45%) y ar\u00e1ndanos semiacabados (21%), congelados. Ar\u00e1ndanos: 12% del total del producto. Ingredientes: az\u00facar, harina de trigo, producto semiacabado de ar\u00e1ndanos (ar\u00e1ndanos, agua, az\u00facar, almid\u00f3n modificado, jarabe de glucosa y fructosa, regulador de acidez (E330), conservante (E202), aroma natural), prote\u00edna de huevo de gallina, mantequilla, margarina (grasas y [&hellip;]<\/p>\n","protected":false},"featured_media":1474,"template":"","meta":{"inline_featured_image":false},"product_brand":[],"product_cat":[238,247],"product_tag":[],"class_list":{"0":"post-2527","1":"product","2":"type-product","3":"status-publish","4":"has-post-thumbnail","6":"product_cat-dulces-y-reposteria","7":"product_cat-pasteles-tartas","9":"first","10":"instock","11":"shipping-taxable","12":"purchasable","13":"product-type-simple"},"acf":[],"_links":{"self":[{"href":"https:\/\/kalinkamagazin.com\/es\/wp-json\/wp\/v2\/product\/2527","targetHints":{"allow":["GET"]}}],"collection":[{"href":"https:\/\/kalinkamagazin.com\/es\/wp-json\/wp\/v2\/product"}],"about":[{"href":"https:\/\/kalinkamagazin.com\/es\/wp-json\/wp\/v2\/types\/product"}],"wp:featuredmedia":[{"embeddable":true,"href":"https:\/\/kalinkamagazin.com\/es\/wp-json\/wp\/v2\/media\/1474"}],"wp:attachment":[{"href":"https:\/\/kalinkamagazin.com\/es\/wp-json\/wp\/v2\/media?parent=2527"}],"wp:term":[{"taxonomy":"product_brand","embeddable":true,"href":"https:\/\/kalinkamagazin.com\/es\/wp-json\/wp\/v2\/product_brand?post=2527"},{"taxonomy":"product_cat","embeddable":true,"href":"https:\/\/kalinkamagazin.com\/es\/wp-json\/wp\/v2\/product_cat?post=2527"},{"taxonomy":"product_tag","embeddable":true,"href":"https:\/\/kalinkamagazin.com\/es\/wp-json\/wp\/v2\/product_tag?post=2527"}],"curies":[{"name":"wp","href":"https:\/\/api.w.org\/{rel}","templated":true}]}}