{"id":2528,"date":"2026-01-29T16:38:27","date_gmt":"2026-01-29T13:38:27","guid":{"rendered":"https:\/\/kalinkamagazin.com\/product\/5337-tartas-pequeas-cubierto-de-merengue-dulce-45-y-prepacacin-de-las-frambuesas-21-ultracongelado-es\/"},"modified":"2026-01-29T17:04:20","modified_gmt":"2026-01-29T14:04:20","slug":"5337-tartas-pequeas-cubierto-de-merengue-dulce-45-y-prepacacin-de-las-frambuesas-21-ultracongelado-es","status":"publish","type":"product","link":"https:\/\/kalinkamagazin.com\/es\/product\/5337-tartas-pequeas-cubierto-de-merengue-dulce-45-y-prepacacin-de-las-frambuesas-21-ultracongelado-es\/","title":{"rendered":"Tartas peque\u00f1as cubierto de merengue dulce (45%) y prepacaci\u00f3n de las frambuesas (21%), ultracongelado"},"content":{"rendered":"<p>Mini pasteles de merengue con az\u00facar glas (45%) y producto de frambuesa (21%), congelado. Frambuesa: 12% aplica al producto total. Ingredientes: az\u00facar, harina de trigo, producto de frambuesa (frambuesas, az\u00facar, jarabe de glucosa y fructosa, agua, almid\u00f3n modificado, gelificante (E418), conservante (E202)), prote\u00edna de huevo de gallina, mantequilla, margarina (grasas y aceites vegetales (palma, colza), agua, emulgente (E471, E322), sal de mesa, colorante (E160a), aroma), huevo entero de gallina, crema que contiene leche (az\u00facar, grasa de palmiste totalmente hidrogenada, leche desnatada en polvo, lactosa, emulgente (lecitina (soja)), aroma), regulador de acidez (E330), levadura qu\u00edmica (E500), vinagre de \u00e1cido ac\u00e9tico, colorante (E120). No volver a congelar el producto descongelado. Consumir inmediatamente despu\u00e9s de descongelarlo. Distribuci\u00f3n: Lackmann Fleisch- und Feinkostfabrik GmbH, Carl Benz Stra\u00dfe 10, 77731 Willst\u00e4tt, Alemania. Vida \u00fatil a \u2264 -18 \u00b0C hasta: (n\u00famero de lote): ver pie de imprenta, campo blanco. <!--NWT-Text-->Valor nutricional por 100 g: Valor energ\u00e9tico: 1541 kJ \/ 344 kcal, Grasas: 10 g, de las cuales saturadas: 5,7 g, Hidratos de carbono: 59 g, de los cuales az\u00facares: 44 g, Prote\u00ednas: 4,5 g, Sal: 0,25 g, <!--NWT-Table--><\/p>\n<table>\n<tbody>\n<tr>\n<td colspan=\"2\">Valor nutricional por 100 g:<\/td>\n<\/tr>\n<tr>\n<td>Valor energ\u00e9tico:<\/td>\n<td align = \"right\">1541 kJ\/344 kcal<\/td>\n<\/tr>\n<tr>\n<td>Grasas:<\/td>\n<td align = \"right\">10 g<\/td>\n<\/tr>\n<tr>\n<td>de las cuales saturadas:<\/td>\n<td align = \"right\">5,7 g<\/td>\n<\/tr>\n<tr>\n<td>Hidratos de carbono:<\/td>\n<td align = \"right\">59 g<\/td>\n<\/tr>\n<tr>\n<td>- de los cuales az\u00facares:<\/td>\n<td align = \"right\">44 g<\/td>\n<\/tr>\n<tr>\n<td>Prote\u00ednas:<\/td>\n<td align = \"right\">4,5 g<\/td>\n<\/tr>\n<tr>\n<td>Sal:<\/td>\n<td align = \"right\">0,25 g<\/td>\n<\/tr>\n<\/tbody>\n<\/table>\n<p> <!--Bezeichnung-->Mini pasteles de merengue con az\u00facar glas (45 %) y producto de frambuesa (21 %), congelados.<\/p>\n","protected":false},"excerpt":{"rendered":"<p>Mini pasteles de merengue con az\u00facar glas (45%) y producto de frambuesa (21%), congelado. Frambuesa: 12% aplica al producto total. Ingredientes: az\u00facar, harina de trigo, producto de frambuesa (frambuesas, az\u00facar, jarabe de glucosa y fructosa, agua, almid\u00f3n modificado, gelificante (E418), conservante (E202)), prote\u00edna de huevo de gallina, mantequilla, margarina (grasas y aceites vegetales (palma, colza), [&hellip;]<\/p>\n","protected":false},"featured_media":1477,"template":"","meta":{"inline_featured_image":false},"product_brand":[],"product_cat":[238,247],"product_tag":[],"class_list":{"0":"post-2528","1":"product","2":"type-product","3":"status-publish","4":"has-post-thumbnail","6":"product_cat-dulces-y-reposteria","7":"product_cat-pasteles-tartas","9":"first","10":"instock","11":"shipping-taxable","12":"purchasable","13":"product-type-simple"},"acf":[],"_links":{"self":[{"href":"https:\/\/kalinkamagazin.com\/es\/wp-json\/wp\/v2\/product\/2528","targetHints":{"allow":["GET"]}}],"collection":[{"href":"https:\/\/kalinkamagazin.com\/es\/wp-json\/wp\/v2\/product"}],"about":[{"href":"https:\/\/kalinkamagazin.com\/es\/wp-json\/wp\/v2\/types\/product"}],"wp:featuredmedia":[{"embeddable":true,"href":"https:\/\/kalinkamagazin.com\/es\/wp-json\/wp\/v2\/media\/1477"}],"wp:attachment":[{"href":"https:\/\/kalinkamagazin.com\/es\/wp-json\/wp\/v2\/media?parent=2528"}],"wp:term":[{"taxonomy":"product_brand","embeddable":true,"href":"https:\/\/kalinkamagazin.com\/es\/wp-json\/wp\/v2\/product_brand?post=2528"},{"taxonomy":"product_cat","embeddable":true,"href":"https:\/\/kalinkamagazin.com\/es\/wp-json\/wp\/v2\/product_cat?post=2528"},{"taxonomy":"product_tag","embeddable":true,"href":"https:\/\/kalinkamagazin.com\/es\/wp-json\/wp\/v2\/product_tag?post=2528"}],"curies":[{"name":"wp","href":"https:\/\/api.w.org\/{rel}","templated":true}]}}