{"id":2529,"date":"2026-01-29T16:38:23","date_gmt":"2026-01-29T13:38:23","guid":{"rendered":"https:\/\/kalinkamagazin.com\/product\/5913-tarta-de-hojaldre-con-sabor-a-vainilla-y-con-relleno-de-arndanos-rojos-ultracongelado-es\/"},"modified":"2026-01-29T17:04:17","modified_gmt":"2026-01-29T14:04:17","slug":"5913-tarta-de-hojaldre-con-sabor-a-vainilla-y-con-relleno-de-arndanos-rojos-ultracongelado-es","status":"publish","type":"product","link":"https:\/\/kalinkamagazin.com\/es\/product\/5913-tarta-de-hojaldre-con-sabor-a-vainilla-y-con-relleno-de-arndanos-rojos-ultracongelado-es\/","title":{"rendered":"Tarta de hojaldre con sabor a vainilla y con relleno de ar\u00e1ndanos rojos, ultracongelado"},"content":{"rendered":"<p>Pastel de capas con sabor a vainilla y relleno de ar\u00e1ndanos rojos, congelado. Ingredientes: crema: (suero de leche, grasas y aceites vegetales: (palmiste, palma, coco, colza), aceite de palma totalmente hidrogenado, almid\u00f3n modificado, emulsionantes: (E472b, E435, E433), aroma, estabilizante: (E407), colorante: (E160a)), harina de trigo, agua, grasa de confiter\u00eda: (grasas y aceites vegetales: (palma, colza), agua, mantequilla, emulsionantes: (E471, E322), sal de mesa, conservante: (E200), colorante: (E160a), aroma), relleno de ar\u00e1ndano rojo 6,7%: (az\u00facar, pur\u00e9 de ar\u00e1ndano rojo 44%, almid\u00f3n modificado, regulador de acidez: (E330), espesante: (E440), conservante: (E202)), az\u00facar, colorantes alimentarios, sal de mesa. Este producto puede contener trazas de: <b>Huevos,<\/b><b>Almendras,<\/b><b>Avellanas,<\/b><b>Soja.<\/b> Preparaci\u00f3n: Descongele el pastel antes de servir. En el refrigerador, el tiempo de descongelaci\u00f3n es de aproximadamente 10 horas. Una vez abierto, cons\u00e9rvelo en el refrigerador y cons\u00famalo en 2 d\u00edas. No vuelva a congelar el producto descongelado. Una vez abierto, cons\u00e9rvelo a una temperatura m\u00e1xima de +6 \u00b0C durante 7 d\u00edas. Caducidad a \u2264 -18 \u00b0C hasta: ver informaci\u00f3n en el envase superior, primera l\u00ednea. N\u00famero de lote: ver informaci\u00f3n en el envase superior, segunda l\u00ednea. Ventas: Lackmann Fleisch- und Feinkostfabrik GmbH, Carl-Benz-Stra\u00dfe 10, 77731 Willst\u00e4tt, Alemania. <!--NWT-Text-->Valor nutricional por 100 g: Valor energ\u00e9tico: 1472 kJ \/ 354 kcal, Grasas: 24 g, de las cuales saturadas: 13 g, Hidratos de carbono: 30 g, de los cuales az\u00facares: 13 g, Prote\u00ednas: 4,0 g, Sal: 0,40 g, <!--NWT-Table--><\/p>\n<table>\n<tbody>\n<tr>\n<td colspan=\"2\">Valor nutricional por 100 g:<\/td>\n<\/tr>\n<tr>\n<td>Valor energ\u00e9tico:<\/td>\n<td align = \"right\">1472 kJ\/354 kcal<\/td>\n<\/tr>\n<tr>\n<td>Grasas:<\/td>\n<td align = \"right\">24 g<\/td>\n<\/tr>\n<tr>\n<td>de las cuales saturadas:<\/td>\n<td align = \"right\">13 g<\/td>\n<\/tr>\n<tr>\n<td>Hidratos de carbono:<\/td>\n<td align = \"right\">30 g<\/td>\n<\/tr>\n<tr>\n<td>- de los cuales az\u00facares:<\/td>\n<td align = \"right\">13 g<\/td>\n<\/tr>\n<tr>\n<td>Prote\u00ednas:<\/td>\n<td align = \"right\">4,0 g<\/td>\n<\/tr>\n<tr>\n<td>Sal:<\/td>\n<td align = \"right\">0,40 g<\/td>\n<\/tr>\n<\/tbody>\n<\/table>\n<p> <!--Bezeichnung-->Pastel de capas con sabor a vainilla y relleno de ar\u00e1ndanos rojos, congelado.<\/p>\n","protected":false},"excerpt":{"rendered":"<p>Pastel de capas con sabor a vainilla y relleno de ar\u00e1ndanos rojos, congelado. Ingredientes: crema: (suero de leche, grasas y aceites vegetales: (palmiste, palma, coco, colza), aceite de palma totalmente hidrogenado, almid\u00f3n modificado, emulsionantes: (E472b, E435, E433), aroma, estabilizante: (E407), colorante: (E160a)), harina de trigo, agua, grasa de confiter\u00eda: (grasas y aceites vegetales: (palma, colza), [&hellip;]<\/p>\n","protected":false},"featured_media":1480,"template":"","meta":{"inline_featured_image":false},"product_brand":[],"product_cat":[238,247],"product_tag":[],"class_list":{"0":"post-2529","1":"product","2":"type-product","3":"status-publish","4":"has-post-thumbnail","6":"product_cat-dulces-y-reposteria","7":"product_cat-pasteles-tartas","9":"first","10":"instock","11":"shipping-taxable","12":"purchasable","13":"product-type-simple"},"acf":[],"_links":{"self":[{"href":"https:\/\/kalinkamagazin.com\/es\/wp-json\/wp\/v2\/product\/2529","targetHints":{"allow":["GET"]}}],"collection":[{"href":"https:\/\/kalinkamagazin.com\/es\/wp-json\/wp\/v2\/product"}],"about":[{"href":"https:\/\/kalinkamagazin.com\/es\/wp-json\/wp\/v2\/types\/product"}],"wp:featuredmedia":[{"embeddable":true,"href":"https:\/\/kalinkamagazin.com\/es\/wp-json\/wp\/v2\/media\/1480"}],"wp:attachment":[{"href":"https:\/\/kalinkamagazin.com\/es\/wp-json\/wp\/v2\/media?parent=2529"}],"wp:term":[{"taxonomy":"product_brand","embeddable":true,"href":"https:\/\/kalinkamagazin.com\/es\/wp-json\/wp\/v2\/product_brand?post=2529"},{"taxonomy":"product_cat","embeddable":true,"href":"https:\/\/kalinkamagazin.com\/es\/wp-json\/wp\/v2\/product_cat?post=2529"},{"taxonomy":"product_tag","embeddable":true,"href":"https:\/\/kalinkamagazin.com\/es\/wp-json\/wp\/v2\/product_tag?post=2529"}],"curies":[{"name":"wp","href":"https:\/\/api.w.org\/{rel}","templated":true}]}}