{"id":2530,"date":"2026-01-29T16:38:01","date_gmt":"2026-01-29T13:38:01","guid":{"rendered":"https:\/\/kalinkamagazin.com\/product\/3573-dulce-de-harina-tschak-tschak-es\/"},"modified":"2026-01-29T17:03:55","modified_gmt":"2026-01-29T14:03:55","slug":"3573-dulce-de-harina-tschak-tschak-es","status":"publish","type":"product","link":"https:\/\/kalinkamagazin.com\/es\/product\/3573-dulce-de-harina-tschak-tschak-es\/","title":{"rendered":"Dulce de harina \u201eTschak Tschak\u201c."},"content":{"rendered":"<p>Ingredientes: <b>harina de trigo,<\/b>az\u00facar,<\/b>aceite de girasol, <b>huevo entero de gallina,<\/b>agua potable,<\/b>levadura en polvo (bicarbonato de sodio),<\/b>regulador de acidez (\u00e1cido c\u00edtrico),<\/b>sal. Conservar en un lugar fresco y seco. Consumir preferentemente antes de: ver el pie de imprenta, recuadro blanco. Ventas: Lackmann Fleisch- und Feinkostfabrik GmbH, Carl Benz Stra\u00dfe 10, 77731 Willst\u00e4tt, Alemania. <!--NWT-Text-->Valor nutricional por 100 g: Valor energ\u00e9tico: 1940 kJ \/ 462 kcal, Grasas: 20 g, de las cuales saturadas: 2,5 g, Hidratos de carbono: 66 g, de los cuales az\u00facares: 38 g, Prote\u00ednas: 4,9 g, Sal: 0,33 g, <!--NWT-Table--><\/p>\n<table>\n<tbody>\n<tr>\n<td colspan=\"2\">Valor nutricional por 100 g:<\/td>\n<\/tr>\n<tr>\n<td>Valor energ\u00e9tico:<\/td>\n<td align = \"right\">1940 kJ\/462 kcal<\/td>\n<\/tr>\n<tr>\n<td>Grasas:<\/td>\n<td align = \"right\">20 g<\/td>\n<\/tr>\n<tr>\n<td>de las cuales saturadas: \u00c1cidos:<\/td>\n<td align = \"right\">2,5 g<\/td>\n<\/tr>\n<tr>\n<td>Hidratos de carbono:<\/td>\n<td align = \"right\">66 g<\/td>\n<\/tr>\n<tr>\n<td>- de los cuales az\u00facares:<\/td>\n<td align = \"right\">38 g<\/td>\n<\/tr>\n<tr>\n<td>Prote\u00ednas:<\/td>\n<td align = \"right\">4,9 g<\/td>\n<\/tr>\n<tr>\n<td>Sal:<\/td>\n<td align = \"right\">0,33 g<\/td>\n<\/tr>\n<\/tbody>\n<\/table>\n<p> <!--Bezeichnung--><\/p>\n","protected":false},"excerpt":{"rendered":"<p>Ingredientes: harina de trigo,az\u00facar,aceite de girasol, huevo entero de gallina,agua potable,levadura en polvo (bicarbonato de sodio),regulador de acidez (\u00e1cido c\u00edtrico),sal. Conservar en un lugar fresco y seco. Consumir preferentemente antes de: ver el pie de imprenta, recuadro blanco. Ventas: Lackmann Fleisch- und Feinkostfabrik GmbH, Carl Benz Stra\u00dfe 10, 77731 Willst\u00e4tt, Alemania. Valor nutricional por 100 [&hellip;]<\/p>\n","protected":false},"featured_media":1504,"template":"","meta":{"inline_featured_image":false},"product_brand":[],"product_cat":[238,242],"product_tag":[],"class_list":{"0":"post-2530","1":"product","2":"type-product","3":"status-publish","4":"has-post-thumbnail","6":"product_cat-dulces-y-reposteria","7":"product_cat-productos-de-confiteria","9":"first","10":"instock","11":"shipping-taxable","12":"purchasable","13":"product-type-simple"},"acf":[],"_links":{"self":[{"href":"https:\/\/kalinkamagazin.com\/es\/wp-json\/wp\/v2\/product\/2530","targetHints":{"allow":["GET"]}}],"collection":[{"href":"https:\/\/kalinkamagazin.com\/es\/wp-json\/wp\/v2\/product"}],"about":[{"href":"https:\/\/kalinkamagazin.com\/es\/wp-json\/wp\/v2\/types\/product"}],"wp:featuredmedia":[{"embeddable":true,"href":"https:\/\/kalinkamagazin.com\/es\/wp-json\/wp\/v2\/media\/1504"}],"wp:attachment":[{"href":"https:\/\/kalinkamagazin.com\/es\/wp-json\/wp\/v2\/media?parent=2530"}],"wp:term":[{"taxonomy":"product_brand","embeddable":true,"href":"https:\/\/kalinkamagazin.com\/es\/wp-json\/wp\/v2\/product_brand?post=2530"},{"taxonomy":"product_cat","embeddable":true,"href":"https:\/\/kalinkamagazin.com\/es\/wp-json\/wp\/v2\/product_cat?post=2530"},{"taxonomy":"product_tag","embeddable":true,"href":"https:\/\/kalinkamagazin.com\/es\/wp-json\/wp\/v2\/product_tag?post=2530"}],"curies":[{"name":"wp","href":"https:\/\/api.w.org\/{rel}","templated":true}]}}