{"id":2532,"date":"2026-01-29T16:37:51","date_gmt":"2026-01-29T13:37:51","guid":{"rendered":"https:\/\/kalinkamagazin.com\/product\/5340-nube-con-sabor-a-leche-condensada-es\/"},"modified":"2026-01-29T17:03:43","modified_gmt":"2026-01-29T14:03:43","slug":"5340-nube-con-sabor-a-leche-condensada-es","status":"publish","type":"product","link":"https:\/\/kalinkamagazin.com\/es\/product\/5340-nube-con-sabor-a-leche-condensada-es\/","title":{"rendered":"Nube con sabor a leche condensada."},"content":{"rendered":"<p>Malvavisco con sabor a leche condensada. Ingredientes: az\u00facar, jarabe de glucosa, agua, pur\u00e9 de manzana, clara de huevo, gelificante: E440, regulador de acidez: E270, regulador de humedad: E325, conservante: di\u00f3xido de azufre, aroma. Conservar en un lugar fresco y seco. Proteger de la luz solar directa. Consumir preferentemente antes del: Valor nutricional por 100 g: fibra diet\u00e9tica: 1,0 g. Ventas: Lackmann Fleisch- und Feinkostfabrik GmbH, Carl-Benz-Stra\u00dfe 10, 77731 Willst\u00e4tt, Alemania. <!--NWT-Text-->Valor nutricional por 100 g: Valor energ\u00e9tico: 1417 kJ \/ 333 kcal, Grasas: 0 g, de las cuales \u00e1cidos grasos saturados: 0 g, Hidratos de carbono: 82 g, de los cuales az\u00facares: 76 g, Prote\u00ednas: <0,5 g, Sal: 0,03 g, <!--NWT-Table--><\/p>\n<table>\n<tbody>\n<tr>\n<td colspan=\"2\">Valor nutricional por 100 g:<\/td>\n<\/tr>\n<tr>\n<td>Valor energ\u00e9tico:<\/td>\n<td align = \"right\">1417 kJ\/333 kcal<\/td>\n<\/tr>\n<tr>\n<td>Grasas:<\/td>\n<td align = \"right\">0 g<\/td>\n<\/tr>\n<tr>\n<td>de los cuales \u00e1cidos grasos saturados:<\/td>\n<td align = \"right\">0g<\/td>\n<\/tr>\n<tr>\n<td>Carbohidratos:<\/td>\n<td align = \"right\">82g<\/td>\n<\/tr>\n<tr>\n<td>- de los cuales az\u00facares:<\/td>\n<td align = \"right\">76g<\/td>\n<\/tr>\n<tr>\n<td>Prote\u00ednas:<\/td>\n<td align = \"right\"><0.5g<\/td>\n<\/tr>\n<tr>\n<td>Sal:<\/td>\n<td align = \"right\">0.03g<\/td>\n<\/tr>\n<\/tbody>\n<\/table>\n<p> <!--Bezeichnung-->Malvavisco con sabor a leche condensada. .<\/p>\n","protected":false},"excerpt":{"rendered":"<p>Malvavisco con sabor a leche condensada. Ingredientes: az\u00facar, jarabe de glucosa, agua, pur\u00e9 de manzana, clara de huevo, gelificante: E440, regulador de acidez: E270, regulador de humedad: E325, conservante: di\u00f3xido de azufre, aroma. Conservar en un lugar fresco y seco. Proteger de la luz solar directa. Consumir preferentemente antes del: Valor nutricional por 100 g: [&hellip;]<\/p>\n","protected":false},"featured_media":1516,"template":"","meta":{"inline_featured_image":false},"product_brand":[],"product_cat":[238,241],"product_tag":[],"class_list":{"0":"post-2532","1":"product","2":"type-product","3":"status-publish","4":"has-post-thumbnail","6":"product_cat-dulces-y-reposteria","7":"product_cat-zefir-malvaviscos","9":"first","10":"instock","11":"shipping-taxable","12":"purchasable","13":"product-type-simple"},"acf":[],"_links":{"self":[{"href":"https:\/\/kalinkamagazin.com\/es\/wp-json\/wp\/v2\/product\/2532","targetHints":{"allow":["GET"]}}],"collection":[{"href":"https:\/\/kalinkamagazin.com\/es\/wp-json\/wp\/v2\/product"}],"about":[{"href":"https:\/\/kalinkamagazin.com\/es\/wp-json\/wp\/v2\/types\/product"}],"wp:featuredmedia":[{"embeddable":true,"href":"https:\/\/kalinkamagazin.com\/es\/wp-json\/wp\/v2\/media\/1516"}],"wp:attachment":[{"href":"https:\/\/kalinkamagazin.com\/es\/wp-json\/wp\/v2\/media?parent=2532"}],"wp:term":[{"taxonomy":"product_brand","embeddable":true,"href":"https:\/\/kalinkamagazin.com\/es\/wp-json\/wp\/v2\/product_brand?post=2532"},{"taxonomy":"product_cat","embeddable":true,"href":"https:\/\/kalinkamagazin.com\/es\/wp-json\/wp\/v2\/product_cat?post=2532"},{"taxonomy":"product_tag","embeddable":true,"href":"https:\/\/kalinkamagazin.com\/es\/wp-json\/wp\/v2\/product_tag?post=2532"}],"curies":[{"name":"wp","href":"https:\/\/api.w.org\/{rel}","templated":true}]}}