{"id":2539,"date":"2026-01-29T16:36:58","date_gmt":"2026-01-29T13:36:58","guid":{"rendered":"https:\/\/kalinkamagazin.com\/product\/5867-snack-de-pan-crujiente-con-sabor-a-shashlik-es\/"},"modified":"2026-01-29T17:02:47","modified_gmt":"2026-01-29T14:02:47","slug":"5867-snack-de-pan-crujiente-con-sabor-a-shashlik-es","status":"publish","type":"product","link":"https:\/\/kalinkamagazin.com\/es\/product\/5867-snack-de-pan-crujiente-con-sabor-a-shashlik-es\/","title":{"rendered":"Snack de pan crujiente con sabor a shashlik."},"content":{"rendered":"<p>Crutones de trigo y centeno con sabor a shish kebab. Ingredientes: <b>pan de trigo<\/b> (harina de trigo,<\/b> harina de centeno,<\/b> sal, levadura), aceite de girasol, mezcla de especias (sal, glucosa, az\u00facar, <b>pasta de soja<\/b>, potenciadores del sabor (E621, E631, E627), aromas, colorantes (E160c, E124*), aceite de girasol, sal). *E124. Puede ser perjudicial para la actividad y la atenci\u00f3n de los ni\u00f1os. Conservar en un lugar fresco y seco. La opci\u00f3n de presentaci\u00f3n se muestra en la imagen. Ventas: Lackmann Fleisch- und Feinkostfabrik GmbH, Carl Benz Stra\u00dfe 10, 77731 Willst\u00e4tt, Alemania. Consumir preferentemente antes del: ver el pie de imprenta, segunda l\u00ednea. <!--NWT-Text-->Valor nutricional por 100 g: Valor energ\u00e9tico: 1752 kJ \/ 415 kcal, Grasas: 7,8 g, de las cuales saturadas: 1,1 g, Hidratos de carbono: 74 g, de los cuales az\u00facares: 4,3 g, Prote\u00ednas: 12 g, Sal: 2,2 g, <!--NWT-Table--><\/p>\n<table>\n<tbody>\n<tr>\n<td colspan=\"2\">Valor nutricional por 100 g:<\/td>\n<\/tr>\n<tr>\n<td>Valor energ\u00e9tico:<\/td>\n<td align = \"right\">1752 kJ\/415 kcal<\/td>\n<\/tr>\n<tr>\n<td>Grasas:<\/td>\n<td align = \"right\">7,8 g<\/td>\n<\/tr>\n<tr>\n<td>de las cuales saturadas:<\/td>\n<td align = \"right\">1,1 g<\/td>\n<\/tr>\n<tr>\n<td>Hidratos de carbono:<\/td>\n<td align = \"right\">74 g<\/td>\n<\/tr>\n<tr>\n<td>- de los cuales az\u00facares:<\/td>\n<td align = \"right\">4,3 g<\/td>\n<\/tr>\n<tr>\n<td>Prote\u00ednas:<\/td>\n<td align = \"right\">12 g<\/td>\n<\/tr>\n<tr>\n<td>Sal:<\/td>\n<td align = \"right\">2,2 g<\/td>\n<\/tr>\n<\/tbody>\n<\/table>\n<p> <!--Bezeichnung-->Crutones de trigo y centeno con sabor a shish kebab.<\/p>\n","protected":false},"excerpt":{"rendered":"<p>Crutones de trigo y centeno con sabor a shish kebab. Ingredientes: pan de trigo (harina de trigo, harina de centeno, sal, levadura), aceite de girasol, mezcla de especias (sal, glucosa, az\u00facar, pasta de soja, potenciadores del sabor (E621, E631, E627), aromas, colorantes (E160c, E124*), aceite de girasol, sal). *E124. Puede ser perjudicial para la actividad [&hellip;]<\/p>\n","protected":false},"featured_media":1585,"template":"","meta":{"inline_featured_image":false},"product_brand":[],"product_cat":[207],"product_tag":[],"class_list":{"0":"post-2539","1":"product","2":"type-product","3":"status-publish","4":"has-post-thumbnail","6":"product_cat-granos-cereales-y-snacks","8":"first","9":"instock","10":"shipping-taxable","11":"purchasable","12":"product-type-simple"},"acf":[],"_links":{"self":[{"href":"https:\/\/kalinkamagazin.com\/es\/wp-json\/wp\/v2\/product\/2539","targetHints":{"allow":["GET"]}}],"collection":[{"href":"https:\/\/kalinkamagazin.com\/es\/wp-json\/wp\/v2\/product"}],"about":[{"href":"https:\/\/kalinkamagazin.com\/es\/wp-json\/wp\/v2\/types\/product"}],"wp:featuredmedia":[{"embeddable":true,"href":"https:\/\/kalinkamagazin.com\/es\/wp-json\/wp\/v2\/media\/1585"}],"wp:attachment":[{"href":"https:\/\/kalinkamagazin.com\/es\/wp-json\/wp\/v2\/media?parent=2539"}],"wp:term":[{"taxonomy":"product_brand","embeddable":true,"href":"https:\/\/kalinkamagazin.com\/es\/wp-json\/wp\/v2\/product_brand?post=2539"},{"taxonomy":"product_cat","embeddable":true,"href":"https:\/\/kalinkamagazin.com\/es\/wp-json\/wp\/v2\/product_cat?post=2539"},{"taxonomy":"product_tag","embeddable":true,"href":"https:\/\/kalinkamagazin.com\/es\/wp-json\/wp\/v2\/product_tag?post=2539"}],"curies":[{"name":"wp","href":"https:\/\/api.w.org\/{rel}","templated":true}]}}