{"id":2540,"date":"2026-01-29T16:36:54","date_gmt":"2026-01-29T13:36:54","guid":{"rendered":"https:\/\/kalinkamagazin.com\/product\/5872-snack-de-pan-crujiente-con-sabor-a-queso-es\/"},"modified":"2026-01-29T17:02:43","modified_gmt":"2026-01-29T14:02:43","slug":"5872-snack-de-pan-crujiente-con-sabor-a-queso-es","status":"publish","type":"product","link":"https:\/\/kalinkamagazin.com\/es\/product\/5872-snack-de-pan-crujiente-con-sabor-a-queso-es\/","title":{"rendered":"Snack de pan crujiente con sabor a queso."},"content":{"rendered":"<p>Crutones de trigo y centeno con sabor a queso. Ingredientes: <b>pan de trigo<\/b> (harina de trigo, harina de centeno, sal, levadura), aceite de girasol, mezcla de especias (sal, potenciadores del sabor: E621, E627, E631), maltodextrina, dextrosa, estabilizante: E414, agente de fluidez: E551, aromas, colorante: E160c, antioxidantes: E300, E392, E306, E307). Conservar en un lugar fresco y seco. La presentaci\u00f3n se muestra en la imagen. Distribuci\u00f3n: Lackmann Fleisch- und Feinkostfabrik GmbH, Carl Benz Stra\u00dfe 10, 77731 Willst\u00e4tt, Alemania. Consumir preferentemente antes del: ver pie de imprenta, segunda l\u00ednea. <!--NWT-Text-->Valor nutricional por 100 g: Valor energ\u00e9tico: 1747 kJ \/ 413 kcal, Grasas: 7,6 g, de las cuales \u00e1cidos grasos saturados: 1,2 g, Hidratos de carbono: 75 g, de los cuales az\u00facares: 5,3 g, Prote\u00ednas: 11 g, Sal: 2,1 g, <!--NWT-Table--><\/p>\n<table>\n<tbody>\n<tr>\n<td colspan=\"2\">Valor nutricional por 100 g:<\/td>\n<\/tr>\n<tr>\n<td>Valor energ\u00e9tico:<\/td>\n<td align = \"right\">1747 kJ\/413 kcal<\/td>\n<\/tr>\n<tr>\n<td>Grasas:<\/td>\n<td align = \"right\">7,6 g<\/td>\n<\/tr>\n<tr>\n<td>de los cuales \u00e1cidos grasos saturados:<\/td>\n<td align = \"right\">1,2 g<\/td>\n<\/tr>\n<tr>\n<td>Hidratos de carbono:<\/td>\n<td align = \"right\">75 g<\/td>\n<\/tr>\n<tr>\n<td>- de los cuales az\u00facares:<\/td>\n<td align = \"right\">5,3 g<\/td>\n<\/tr>\n<tr>\n<td>Prote\u00ednas:<\/td>\n<td align = \"right\">11 g<\/td>\n<\/tr>\n<tr>\n<td>Sal:<\/td>\n<td align = \"right\">2,1 g<\/td>\n<\/tr>\n<\/tbody>\n<\/table>\n<p> <!--Bezeichnung-->Crutones de trigo y centeno con sabor a queso.<\/p>\n","protected":false},"excerpt":{"rendered":"<p>Crutones de trigo y centeno con sabor a queso. Ingredientes: pan de trigo (harina de trigo, harina de centeno, sal, levadura), aceite de girasol, mezcla de especias (sal, potenciadores del sabor: E621, E627, E631), maltodextrina, dextrosa, estabilizante: E414, agente de fluidez: E551, aromas, colorante: E160c, antioxidantes: E300, E392, E306, E307). Conservar en un lugar fresco [&hellip;]<\/p>\n","protected":false},"featured_media":1588,"template":"","meta":{"inline_featured_image":false},"product_brand":[],"product_cat":[207],"product_tag":[],"class_list":{"0":"post-2540","1":"product","2":"type-product","3":"status-publish","4":"has-post-thumbnail","6":"product_cat-granos-cereales-y-snacks","8":"first","9":"instock","10":"shipping-taxable","11":"purchasable","12":"product-type-simple"},"acf":[],"_links":{"self":[{"href":"https:\/\/kalinkamagazin.com\/es\/wp-json\/wp\/v2\/product\/2540","targetHints":{"allow":["GET"]}}],"collection":[{"href":"https:\/\/kalinkamagazin.com\/es\/wp-json\/wp\/v2\/product"}],"about":[{"href":"https:\/\/kalinkamagazin.com\/es\/wp-json\/wp\/v2\/types\/product"}],"wp:featuredmedia":[{"embeddable":true,"href":"https:\/\/kalinkamagazin.com\/es\/wp-json\/wp\/v2\/media\/1588"}],"wp:attachment":[{"href":"https:\/\/kalinkamagazin.com\/es\/wp-json\/wp\/v2\/media?parent=2540"}],"wp:term":[{"taxonomy":"product_brand","embeddable":true,"href":"https:\/\/kalinkamagazin.com\/es\/wp-json\/wp\/v2\/product_brand?post=2540"},{"taxonomy":"product_cat","embeddable":true,"href":"https:\/\/kalinkamagazin.com\/es\/wp-json\/wp\/v2\/product_cat?post=2540"},{"taxonomy":"product_tag","embeddable":true,"href":"https:\/\/kalinkamagazin.com\/es\/wp-json\/wp\/v2\/product_tag?post=2540"}],"curies":[{"name":"wp","href":"https:\/\/api.w.org\/{rel}","templated":true}]}}